{"id":14912,"date":"2024-01-26T23:11:33","date_gmt":"2024-01-26T23:11:33","guid":{"rendered":"http:\/\/compunegocios.com.pe\/index.php\/product\/parlante-jbl-charge-5-bluetooth-azul\/"},"modified":"2025-08-19T17:32:53","modified_gmt":"2025-08-19T17:32:53","slug":"parlante-jbl-charge-5-bluetooth-azul","status":"publish","type":"product","link":"https:\/\/tmp.compunegocios.com.pe\/index.php\/product\/parlante-jbl-charge-5-bluetooth-azul\/","title":{"rendered":"PARLANTE JBL CHARGE 5   BLUETOOTH AZUL"},"content":{"rendered":"<p>PARLANTE JBL CHARGE 5   BLUETOOTH AZUL<\/p>\n<p>Ll\u00e9vate la fiesta contigo sin importar el clima. El altavoz JBL Charge 5 ofrece un potente sonido JBL Original Pro, con su controlador optimizado para excursiones largas, un tweeter independiente y radiadores de graves JBL de doble bombeo. Hasta 20 horas de reproducci\u00f3n y una pr\u00e1ctica bater\u00eda externa para mantener tus dispositivos cargados y que la fiesta dure toda la noche. \u00bfLluvia? \u00bfBebidas derramadas? \u00bfArena de playa? El Charge 5 IP67 a prueba de agua y polvo sobrevive a todo lo que se le presente. Gracias a PartyBoost, puedes conectar varios altavoces compatibles con JBL PartyBoost para obtener un sonido lo suficientemente grande para cualquier p\u00fablico. Con colores completamente nuevos inspirados en las \u00faltimas tendencias de moda callejera, se ve tan bien como suena.<\/p>\n","protected":false},"excerpt":{"rendered":"<p>&#8211;<\/p>\n","protected":false},"featured_media":14924,"template":"","meta":[],"pwb-brand":[],"product_brand":[],"product_cat":[159],"product_tag":[],"class_list":{"0":"post-14912","1":"product","2":"type-product","3":"status-publish","4":"has-post-thumbnail","6":"product_cat-159","8":"first","9":"outofstock","10":"taxable","11":"shipping-taxable","12":"purchasable","13":"product-type-simple"},"brands":[],"_links":{"self":[{"href":"https:\/\/tmp.compunegocios.com.pe\/index.php\/wp-json\/wp\/v2\/product\/14912","targetHints":{"allow":["GET"]}}],"collection":[{"href":"https:\/\/tmp.compunegocios.com.pe\/index.php\/wp-json\/wp\/v2\/product"}],"about":[{"href":"https:\/\/tmp.compunegocios.com.pe\/index.php\/wp-json\/wp\/v2\/types\/product"}],"wp:featuredmedia":[{"embeddable":true,"href":"https:\/\/tmp.compunegocios.com.pe\/index.php\/wp-json\/wp\/v2\/media\/14924"}],"wp:attachment":[{"href":"https:\/\/tmp.compunegocios.com.pe\/index.php\/wp-json\/wp\/v2\/media?parent=14912"}],"wp:term":[{"taxonomy":"pwb-brand","embeddable":true,"href":"https:\/\/tmp.compunegocios.com.pe\/index.php\/wp-json\/wp\/v2\/pwb-brand?post=14912"},{"taxonomy":"product_brand","embeddable":true,"href":"https:\/\/tmp.compunegocios.com.pe\/index.php\/wp-json\/wp\/v2\/product_brand?post=14912"},{"taxonomy":"product_cat","embeddable":true,"href":"https:\/\/tmp.compunegocios.com.pe\/index.php\/wp-json\/wp\/v2\/product_cat?post=14912"},{"taxonomy":"product_tag","embeddable":true,"href":"https:\/\/tmp.compunegocios.com.pe\/index.php\/wp-json\/wp\/v2\/product_tag?post=14912"}],"curies":[{"name":"wp","href":"https:\/\/api.w.org\/{rel}","templated":true}]}}