{"id":14913,"date":"2024-01-26T23:14:27","date_gmt":"2024-01-26T23:14:27","guid":{"rendered":"http:\/\/compunegocios.com.pe\/index.php\/product\/hdtv-2-0-ulate-8k-4k-uhd-3d-hdr-5-metros-hig-speed\/"},"modified":"2025-08-19T17:32:54","modified_gmt":"2025-08-19T17:32:54","slug":"hdtv-2-0-ulate-8k-4k-uhd-3d-hdr-5-metros-hig-speed","status":"publish","type":"product","link":"https:\/\/tmp.compunegocios.com.pe\/index.php\/product\/hdtv-2-0-ulate-8k-4k-uhd-3d-hdr-5-metros-hig-speed\/","title":{"rendered":"HDTV 2.0 ULATE 8K 4k UHD 3D HDR 5 METROS HIG SPEED"},"content":{"rendered":"<p>HDTV 2.0 ULATE 8K UHD 5 METROS HIG SPEED <\/p>\n<p>L\u00ednea de transmisi\u00f3n est\u00e1ndar ULATE HDTV 2.0 4k UHD 3D HDR de alta velocidad para dispositivo de visualizaci\u00f3n<br \/>\nDe acuerdo con el requisito HDTV2.0<br \/>\nAdmite visualizaci\u00f3n de pantalla dual y 4 transmisiones de se\u00f1al de voz.<br \/>\nadmite audio maestro oldy true-HD, DTS-HD y admite hasta 32 canales de sonido a la vez<br \/>\nal mismo tiempo<br \/>\nEthernet de alta velocidad compatible con transmisi\u00f3n de red de 10\/100 Mps, la velocidad m\u00e1xima que puede alcanzar<br \/>\n100Mbps<\/p>\n","protected":false},"excerpt":{"rendered":"<p>&#8211;<\/p>\n","protected":false},"featured_media":14929,"template":"","meta":[],"pwb-brand":[],"product_brand":[],"product_cat":[245],"product_tag":[],"class_list":{"0":"post-14913","1":"product","2":"type-product","3":"status-publish","4":"has-post-thumbnail","6":"product_cat-245","8":"first","9":"outofstock","10":"taxable","11":"shipping-taxable","12":"purchasable","13":"product-type-simple"},"brands":[],"_links":{"self":[{"href":"https:\/\/tmp.compunegocios.com.pe\/index.php\/wp-json\/wp\/v2\/product\/14913","targetHints":{"allow":["GET"]}}],"collection":[{"href":"https:\/\/tmp.compunegocios.com.pe\/index.php\/wp-json\/wp\/v2\/product"}],"about":[{"href":"https:\/\/tmp.compunegocios.com.pe\/index.php\/wp-json\/wp\/v2\/types\/product"}],"wp:featuredmedia":[{"embeddable":true,"href":"https:\/\/tmp.compunegocios.com.pe\/index.php\/wp-json\/wp\/v2\/media\/14929"}],"wp:attachment":[{"href":"https:\/\/tmp.compunegocios.com.pe\/index.php\/wp-json\/wp\/v2\/media?parent=14913"}],"wp:term":[{"taxonomy":"pwb-brand","embeddable":true,"href":"https:\/\/tmp.compunegocios.com.pe\/index.php\/wp-json\/wp\/v2\/pwb-brand?post=14913"},{"taxonomy":"product_brand","embeddable":true,"href":"https:\/\/tmp.compunegocios.com.pe\/index.php\/wp-json\/wp\/v2\/product_brand?post=14913"},{"taxonomy":"product_cat","embeddable":true,"href":"https:\/\/tmp.compunegocios.com.pe\/index.php\/wp-json\/wp\/v2\/product_cat?post=14913"},{"taxonomy":"product_tag","embeddable":true,"href":"https:\/\/tmp.compunegocios.com.pe\/index.php\/wp-json\/wp\/v2\/product_tag?post=14913"}],"curies":[{"name":"wp","href":"https:\/\/api.w.org\/{rel}","templated":true}]}}