{"id":14916,"date":"2024-01-27T20:20:57","date_gmt":"2024-01-27T20:20:57","guid":{"rendered":"http:\/\/compunegocios.com.pe\/index.php\/product\/camara-web-avatec-ccm-2201bw-fhd-1080p-usb\/"},"modified":"2025-08-19T17:32:56","modified_gmt":"2025-08-19T17:32:56","slug":"camara-web-avatec-ccm-2201bw-fhd-1080p-usb","status":"publish","type":"product","link":"https:\/\/tmp.compunegocios.com.pe\/index.php\/product\/camara-web-avatec-ccm-2201bw-fhd-1080p-usb\/","title":{"rendered":"CAMARA WEB AVATEC CCM-2201BW FHD 1080P USB"},"content":{"rendered":"<p>CAMARA WEB AVATEC CCM-2201BW FHD 1080P USB<\/p>\n<p>Descripci\u00f3n del producto:<br \/>\nMarca : AVATEC<br \/>\nModelo : CCM-2201BW<br \/>\nResoluci\u00f3n m\u00e1xima : 1080P<br \/>\nC\u00e1mara mega pixel : USB<br \/>\nTipo de lente : MAC OS \/ Windows \/ Android \/ Linux<br \/>\nMicr\u00f3fono : Micr\u00f3fono integrado de absorci\u00f3n y reducci\u00f3n de ruido<\/p>\n","protected":false},"excerpt":{"rendered":"<p>&#8211;<\/p>\n","protected":false},"featured_media":14934,"template":"","meta":[],"pwb-brand":[],"product_brand":[],"product_cat":[160],"product_tag":[],"class_list":{"0":"post-14916","1":"product","2":"type-product","3":"status-publish","4":"has-post-thumbnail","6":"product_cat-160","8":"first","9":"outofstock","10":"taxable","11":"shipping-taxable","12":"purchasable","13":"product-type-simple"},"brands":[],"_links":{"self":[{"href":"https:\/\/tmp.compunegocios.com.pe\/index.php\/wp-json\/wp\/v2\/product\/14916","targetHints":{"allow":["GET"]}}],"collection":[{"href":"https:\/\/tmp.compunegocios.com.pe\/index.php\/wp-json\/wp\/v2\/product"}],"about":[{"href":"https:\/\/tmp.compunegocios.com.pe\/index.php\/wp-json\/wp\/v2\/types\/product"}],"wp:featuredmedia":[{"embeddable":true,"href":"https:\/\/tmp.compunegocios.com.pe\/index.php\/wp-json\/wp\/v2\/media\/14934"}],"wp:attachment":[{"href":"https:\/\/tmp.compunegocios.com.pe\/index.php\/wp-json\/wp\/v2\/media?parent=14916"}],"wp:term":[{"taxonomy":"pwb-brand","embeddable":true,"href":"https:\/\/tmp.compunegocios.com.pe\/index.php\/wp-json\/wp\/v2\/pwb-brand?post=14916"},{"taxonomy":"product_brand","embeddable":true,"href":"https:\/\/tmp.compunegocios.com.pe\/index.php\/wp-json\/wp\/v2\/product_brand?post=14916"},{"taxonomy":"product_cat","embeddable":true,"href":"https:\/\/tmp.compunegocios.com.pe\/index.php\/wp-json\/wp\/v2\/product_cat?post=14916"},{"taxonomy":"product_tag","embeddable":true,"href":"https:\/\/tmp.compunegocios.com.pe\/index.php\/wp-json\/wp\/v2\/product_tag?post=14916"}],"curies":[{"name":"wp","href":"https:\/\/api.w.org\/{rel}","templated":true}]}}