{"id":14928,"date":"2024-01-27T23:12:14","date_gmt":"2024-01-27T23:12:14","guid":{"rendered":"http:\/\/compunegocios.com.pe\/index.php\/product\/monitor-asus-tuf-gaming-vg27aq3a-led-27-qhd-frecuencia-180hz\/"},"modified":"2025-08-19T17:33:01","modified_gmt":"2025-08-19T17:33:01","slug":"monitor-asus-tuf-gaming-vg27aq3a-led-27-qhd-frecuencia-180hz","status":"publish","type":"product","link":"https:\/\/tmp.compunegocios.com.pe\/index.php\/product\/monitor-asus-tuf-gaming-vg27aq3a-led-27-qhd-frecuencia-180hz\/","title":{"rendered":"MONITOR ASUS TUF GAMING VG3A LED 27&#8243; QHD IPS FRECUENCIA 180Hz"},"content":{"rendered":"<p>MONITOR ASUS TUF GAMING VG27AQ3A LED 27&#8243; QHD IPS FRECUENCIA 180Hz <\/p>\n<p>TUF Gaming VG27AQ3A aprovecha la tecnolog\u00eda HDR para ofrecer colores m\u00e1s vivos y mayores niveles de contraste en comparaci\u00f3n con los monitores tradicionales. Con una frecuencia de actualizaci\u00f3n de 180 Hz, se reduce el retraso y el desenfoque de movimiento para darte ventaja en juegos de disparos en primera persona, carreras, estrategia en tiempo real y t\u00edtulos deportivos. La tecnolog\u00eda ASUS Variable Overdrive integrada permite que la pantalla altere din\u00e1micamente su configuraci\u00f3n de overdrive a medida que fluct\u00faan las velocidades de fotogramas, lo que garantiza resultados \u00f3ptimos para cualquier juego.<\/p>\n<p>Especificaciones T\u00e9cnicas<br \/>\nMarca: Asus<br \/>\nModelo: VG27AQ3A<br \/>\nProducto: Monitores<br \/>\nTiempo de respuesta: 1 ms<br \/>\nFrecuencia: 180 Hz<br \/>\nTipo de Panel: Fast IPS<br \/>\nRelaci\u00f3n de aspecto: 16:9<br \/>\nTipo de retroiluminaci\u00f3n: LED<br \/>\nCompatible: G-SYNC<br \/>\nResoluci\u00f3n: 2560 x 1440<br \/>\nPantalla: 27&#8243; QHD<\/p>\n","protected":false},"excerpt":{"rendered":"<p>&#8211;<\/p>\n","protected":false},"featured_media":14949,"template":"","meta":[],"pwb-brand":[339],"product_brand":[],"product_cat":[178],"product_tag":[],"class_list":{"0":"post-14928","1":"product","2":"type-product","3":"status-publish","4":"has-post-thumbnail","6":"pwb-brand-asus","7":"product_cat-178","9":"first","10":"instock","11":"taxable","12":"shipping-taxable","13":"purchasable","14":"product-type-simple"},"brands":[{"id":339,"name":"Asus","slug":"asus"}],"_links":{"self":[{"href":"https:\/\/tmp.compunegocios.com.pe\/index.php\/wp-json\/wp\/v2\/product\/14928","targetHints":{"allow":["GET"]}}],"collection":[{"href":"https:\/\/tmp.compunegocios.com.pe\/index.php\/wp-json\/wp\/v2\/product"}],"about":[{"href":"https:\/\/tmp.compunegocios.com.pe\/index.php\/wp-json\/wp\/v2\/types\/product"}],"wp:featuredmedia":[{"embeddable":true,"href":"https:\/\/tmp.compunegocios.com.pe\/index.php\/wp-json\/wp\/v2\/media\/14949"}],"wp:attachment":[{"href":"https:\/\/tmp.compunegocios.com.pe\/index.php\/wp-json\/wp\/v2\/media?parent=14928"}],"wp:term":[{"taxonomy":"pwb-brand","embeddable":true,"href":"https:\/\/tmp.compunegocios.com.pe\/index.php\/wp-json\/wp\/v2\/pwb-brand?post=14928"},{"taxonomy":"product_brand","embeddable":true,"href":"https:\/\/tmp.compunegocios.com.pe\/index.php\/wp-json\/wp\/v2\/product_brand?post=14928"},{"taxonomy":"product_cat","embeddable":true,"href":"https:\/\/tmp.compunegocios.com.pe\/index.php\/wp-json\/wp\/v2\/product_cat?post=14928"},{"taxonomy":"product_tag","embeddable":true,"href":"https:\/\/tmp.compunegocios.com.pe\/index.php\/wp-json\/wp\/v2\/product_tag?post=14928"}],"curies":[{"name":"wp","href":"https:\/\/api.w.org\/{rel}","templated":true}]}}