{"id":14955,"date":"2024-01-29T22:05:05","date_gmt":"2024-01-29T22:05:05","guid":{"rendered":"http:\/\/compunegocios.com.pe\/index.php\/product\/mouse-pad-argon-tech-gamer-ac26-combat-arg-ac-1226bk-35-x-44-4-mm\/"},"modified":"2025-08-19T17:33:07","modified_gmt":"2025-08-19T17:33:07","slug":"mouse-pad-argon-tech-gamer-ac26-combat-arg-ac-1226bk-35-x-44-4-mm","status":"publish","type":"product","link":"https:\/\/tmp.compunegocios.com.pe\/index.php\/product\/mouse-pad-argon-tech-gamer-ac26-combat-arg-ac-1226bk-35-x-44-4-mm\/","title":{"rendered":"MOUSE PAD ARGON TECH GAMER  AC26 COMBAT ARG-AC-1226BK 35 x 44.4 mm"},"content":{"rendered":"<p>MOUSE PAD ARGON TECH GAMER  AC26 COMBAT ARG-AC-1226BK 35 x 44.4 mm<\/p>\n<p>Descripci\u00f3n<br \/>\nTejido Sint\u00e9tico<br \/>\nModelo ARG-AC-1226BK<br \/>\nRespaldo: Goma Antideslizante<br \/>\nColor: Azul con Negro<br \/>\nDimensiones (mm): 350 x 444<br \/>\nJuega sin l\u00edmites. Como parte de nuestra colecci\u00f3n de Gaming, la almohadilla de gran tama\u00f1o duplicar\u00e1 su \u00e1rea de juego haciendo que cualquier superficie sea adecuada para jugar con su mouse. Lleva tu juego al siguiente nivel, agregando comodidad y ese agarre extra a tu selecci\u00f3n de armas mientras te mueves suavemente entre obst\u00e1culos y enemigos.<\/p>\n","protected":false},"excerpt":{"rendered":"<p>&#8211;<\/p>\n","protected":false},"featured_media":14984,"template":"","meta":[],"pwb-brand":[],"product_brand":[],"product_cat":[195],"product_tag":[],"class_list":{"0":"post-14955","1":"product","2":"type-product","3":"status-publish","4":"has-post-thumbnail","6":"product_cat-195","8":"first","9":"instock","10":"taxable","11":"shipping-taxable","12":"purchasable","13":"product-type-simple"},"brands":[],"_links":{"self":[{"href":"https:\/\/tmp.compunegocios.com.pe\/index.php\/wp-json\/wp\/v2\/product\/14955","targetHints":{"allow":["GET"]}}],"collection":[{"href":"https:\/\/tmp.compunegocios.com.pe\/index.php\/wp-json\/wp\/v2\/product"}],"about":[{"href":"https:\/\/tmp.compunegocios.com.pe\/index.php\/wp-json\/wp\/v2\/types\/product"}],"wp:featuredmedia":[{"embeddable":true,"href":"https:\/\/tmp.compunegocios.com.pe\/index.php\/wp-json\/wp\/v2\/media\/14984"}],"wp:attachment":[{"href":"https:\/\/tmp.compunegocios.com.pe\/index.php\/wp-json\/wp\/v2\/media?parent=14955"}],"wp:term":[{"taxonomy":"pwb-brand","embeddable":true,"href":"https:\/\/tmp.compunegocios.com.pe\/index.php\/wp-json\/wp\/v2\/pwb-brand?post=14955"},{"taxonomy":"product_brand","embeddable":true,"href":"https:\/\/tmp.compunegocios.com.pe\/index.php\/wp-json\/wp\/v2\/product_brand?post=14955"},{"taxonomy":"product_cat","embeddable":true,"href":"https:\/\/tmp.compunegocios.com.pe\/index.php\/wp-json\/wp\/v2\/product_cat?post=14955"},{"taxonomy":"product_tag","embeddable":true,"href":"https:\/\/tmp.compunegocios.com.pe\/index.php\/wp-json\/wp\/v2\/product_tag?post=14955"}],"curies":[{"name":"wp","href":"https:\/\/api.w.org\/{rel}","templated":true}]}}