{"id":14964,"date":"2024-01-29T23:38:45","date_gmt":"2024-01-29T23:38:45","guid":{"rendered":"http:\/\/compunegocios.com.pe\/index.php\/product\/mouse-pad-klip-xtreme-con-soporte-ergonomico-kmp-100b\/"},"modified":"2025-10-14T20:59:38","modified_gmt":"2025-10-14T20:59:38","slug":"mouse-pad-klip-xtreme-con-soporte-ergonomico-kmp-100b","status":"publish","type":"product","link":"https:\/\/tmp.compunegocios.com.pe\/index.php\/product\/mouse-pad-klip-xtreme-con-soporte-ergonomico-kmp-100b\/","title":{"rendered":"MOUSE PAD KLIP XTREME CON SOPORTE ERGONOMICO KMP-100B"},"content":{"rendered":"<p>MOUSE PAD KLIP XTREME CON SOPORTE ERGONOMICO KMP-100B <\/p>\n<p>La alfombrilla de gel KKP-100B de KlipXtreme\u00ae se adapta al contorno de la mu\u00f1eca cuando la apoyas para escribir con el teclado, recuperando su forma original al levantar la mano. Al reducir los puntos de presi\u00f3n, evita el dolor de la mu\u00f1eca al mismo tiempo que fomenta una postura ergon\u00f3mica mente correcta del brazo.<\/p>\n<p>Alfombrilla ergon\u00f3mica dise\u00f1ada para usar con el mouse Gel con memoria: soporte relleno de gel, el cual se adapta perfectamente a la forma de la mu\u00f1eca durante el uso<br \/>\nReduce los puntos de presi\u00f3n al fomentar la posici\u00f3n ergon\u00f3mica mente correcta de la mano<br \/>\nSu dise\u00f1o \u00fanico y redondeado complementa cualquier estaci\u00f3n de trabajo<br \/>\nSuperficie con tela suave y muy duradera<\/p>\n","protected":false},"excerpt":{"rendered":"<p>&#8211;<\/p>\n","protected":false},"featured_media":14998,"template":"","meta":[],"pwb-brand":[],"product_brand":[],"product_cat":[195],"product_tag":[],"class_list":{"0":"post-14964","1":"product","2":"type-product","3":"status-publish","4":"has-post-thumbnail","6":"product_cat-195","8":"first","9":"instock","10":"taxable","11":"shipping-taxable","12":"purchasable","13":"product-type-simple"},"brands":[],"_links":{"self":[{"href":"https:\/\/tmp.compunegocios.com.pe\/index.php\/wp-json\/wp\/v2\/product\/14964","targetHints":{"allow":["GET"]}}],"collection":[{"href":"https:\/\/tmp.compunegocios.com.pe\/index.php\/wp-json\/wp\/v2\/product"}],"about":[{"href":"https:\/\/tmp.compunegocios.com.pe\/index.php\/wp-json\/wp\/v2\/types\/product"}],"wp:featuredmedia":[{"embeddable":true,"href":"https:\/\/tmp.compunegocios.com.pe\/index.php\/wp-json\/wp\/v2\/media\/14998"}],"wp:attachment":[{"href":"https:\/\/tmp.compunegocios.com.pe\/index.php\/wp-json\/wp\/v2\/media?parent=14964"}],"wp:term":[{"taxonomy":"pwb-brand","embeddable":true,"href":"https:\/\/tmp.compunegocios.com.pe\/index.php\/wp-json\/wp\/v2\/pwb-brand?post=14964"},{"taxonomy":"product_brand","embeddable":true,"href":"https:\/\/tmp.compunegocios.com.pe\/index.php\/wp-json\/wp\/v2\/product_brand?post=14964"},{"taxonomy":"product_cat","embeddable":true,"href":"https:\/\/tmp.compunegocios.com.pe\/index.php\/wp-json\/wp\/v2\/product_cat?post=14964"},{"taxonomy":"product_tag","embeddable":true,"href":"https:\/\/tmp.compunegocios.com.pe\/index.php\/wp-json\/wp\/v2\/product_tag?post=14964"}],"curies":[{"name":"wp","href":"https:\/\/api.w.org\/{rel}","templated":true}]}}