{"id":14978,"date":"2024-01-30T15:30:26","date_gmt":"2024-01-30T15:30:26","guid":{"rendered":"http:\/\/compunegocios.com.pe\/index.php\/product\/carcasa-de-aluminio-s254u3-para-disco-duro-externo-2-5-soporta-hasta-3tb-usb-3-0\/"},"modified":"2025-08-19T17:33:12","modified_gmt":"2025-08-19T17:33:12","slug":"carcasa-de-aluminio-s254u3-para-disco-duro-externo-2-5-soporta-hasta-3tb-usb-3-0","status":"publish","type":"product","link":"https:\/\/tmp.compunegocios.com.pe\/index.php\/product\/carcasa-de-aluminio-s254u3-para-disco-duro-externo-2-5-soporta-hasta-3tb-usb-3-0\/","title":{"rendered":"RACK CASE HDD 2.0 SIMPLE 2.5\u00a8BET-S254\/CA-DIS1\/ KNT-1067 NEGRO"},"content":{"rendered":"<p>RACK CASE HDD 2.0 SIMPLE 2.5\u00a8BET-S254\/CA-DIS1\/ KNT-1067 NEGRO<\/p>\n<p>Caracter\u00edsticas principales:<br \/>\nSoporta discos duros SATA de 2.5 pulgadas de hasta 3 TB: Almacena miles de fotos, videos, m\u00fasica, documentos y mucho m\u00e1s.<br \/>\nConexi\u00f3n USB 2.0 de alta velocidad<br \/>\nCompatible con una amplia gama de sistemas operativos: Windows, macOS, Linux y Chrome OS.<br \/>\nTama\u00f1o compacto y liviano: Ll\u00e9valo contigo a donde vayas, cabe f\u00e1cilmente en tu mochila o bolso.<br \/>\nCarcasa resistente: Protege tu disco duro de golpes, polvo y rayones.<br \/>\nPlug and play: No requiere instalaci\u00f3n de software, solo conecta el disco duro y listo para usar.<\/p>\n","protected":false},"excerpt":{"rendered":"<p>&#8211;<\/p>\n","protected":false},"featured_media":15005,"template":"","meta":[],"pwb-brand":[],"product_brand":[],"product_cat":[138],"product_tag":[],"class_list":{"0":"post-14978","1":"product","2":"type-product","3":"status-publish","4":"has-post-thumbnail","6":"product_cat-138","8":"first","9":"instock","10":"taxable","11":"shipping-taxable","12":"purchasable","13":"product-type-simple"},"brands":[],"_links":{"self":[{"href":"https:\/\/tmp.compunegocios.com.pe\/index.php\/wp-json\/wp\/v2\/product\/14978","targetHints":{"allow":["GET"]}}],"collection":[{"href":"https:\/\/tmp.compunegocios.com.pe\/index.php\/wp-json\/wp\/v2\/product"}],"about":[{"href":"https:\/\/tmp.compunegocios.com.pe\/index.php\/wp-json\/wp\/v2\/types\/product"}],"wp:featuredmedia":[{"embeddable":true,"href":"https:\/\/tmp.compunegocios.com.pe\/index.php\/wp-json\/wp\/v2\/media\/15005"}],"wp:attachment":[{"href":"https:\/\/tmp.compunegocios.com.pe\/index.php\/wp-json\/wp\/v2\/media?parent=14978"}],"wp:term":[{"taxonomy":"pwb-brand","embeddable":true,"href":"https:\/\/tmp.compunegocios.com.pe\/index.php\/wp-json\/wp\/v2\/pwb-brand?post=14978"},{"taxonomy":"product_brand","embeddable":true,"href":"https:\/\/tmp.compunegocios.com.pe\/index.php\/wp-json\/wp\/v2\/product_brand?post=14978"},{"taxonomy":"product_cat","embeddable":true,"href":"https:\/\/tmp.compunegocios.com.pe\/index.php\/wp-json\/wp\/v2\/product_cat?post=14978"},{"taxonomy":"product_tag","embeddable":true,"href":"https:\/\/tmp.compunegocios.com.pe\/index.php\/wp-json\/wp\/v2\/product_tag?post=14978"}],"curies":[{"name":"wp","href":"https:\/\/api.w.org\/{rel}","templated":true}]}}