{"id":15013,"date":"2024-01-30T21:00:27","date_gmt":"2024-01-30T21:00:27","guid":{"rendered":"http:\/\/compunegocios.com.pe\/index.php\/product\/fuente-de-poder-avatec-600w-psa-f600w\/"},"modified":"2025-08-19T17:33:17","modified_gmt":"2025-08-19T17:33:17","slug":"fuente-de-poder-avatec-600w-psa-f600w","status":"publish","type":"product","link":"https:\/\/tmp.compunegocios.com.pe\/index.php\/product\/fuente-de-poder-avatec-600w-psa-f600w\/","title":{"rendered":"FUENTE DE PODER AVATEC 600W  PSA-F600W"},"content":{"rendered":"<p>FUENTE DE PODER AVATEC ( PSA-F600W ) 600W<\/p>\n<p>Caracter\u00edstica<br \/>\nMarca: Avatec<br \/>\nModelo: PSAF600W<br \/>\nCaracter\u00edstica: 2 Bobinas de inducci\u00f3n para una mejor regulaci\u00f3n de energ\u00eda.<br \/>\n \tCompatible con el est\u00e1ndar Intel ATX 12V &#8211; 2.3V<br \/>\n \tSoporta procesadores Intel y AMD<br \/>\n \tCompatibles con Discos Duros SATA y DVD ROM<br \/>\nConector PCI-E PIN8 para tarjetas graficas<br \/>\n        Conector 1x ATX 20+4 Pines Sistema dual de 12 V para alto consumo de energ\u00eda<br \/>\n \tDise\u00f1o de Alta Eficiencia Alto Rendimiento<\/p>\n","protected":false},"excerpt":{"rendered":"<p>&#8211;<\/p>\n","protected":false},"featured_media":15030,"template":"","meta":[],"pwb-brand":[],"product_brand":[],"product_cat":[173],"product_tag":[],"class_list":{"0":"post-15013","1":"product","2":"type-product","3":"status-publish","4":"has-post-thumbnail","6":"product_cat-173","8":"first","9":"outofstock","10":"taxable","11":"shipping-taxable","12":"purchasable","13":"product-type-simple"},"brands":[],"_links":{"self":[{"href":"https:\/\/tmp.compunegocios.com.pe\/index.php\/wp-json\/wp\/v2\/product\/15013","targetHints":{"allow":["GET"]}}],"collection":[{"href":"https:\/\/tmp.compunegocios.com.pe\/index.php\/wp-json\/wp\/v2\/product"}],"about":[{"href":"https:\/\/tmp.compunegocios.com.pe\/index.php\/wp-json\/wp\/v2\/types\/product"}],"wp:featuredmedia":[{"embeddable":true,"href":"https:\/\/tmp.compunegocios.com.pe\/index.php\/wp-json\/wp\/v2\/media\/15030"}],"wp:attachment":[{"href":"https:\/\/tmp.compunegocios.com.pe\/index.php\/wp-json\/wp\/v2\/media?parent=15013"}],"wp:term":[{"taxonomy":"pwb-brand","embeddable":true,"href":"https:\/\/tmp.compunegocios.com.pe\/index.php\/wp-json\/wp\/v2\/pwb-brand?post=15013"},{"taxonomy":"product_brand","embeddable":true,"href":"https:\/\/tmp.compunegocios.com.pe\/index.php\/wp-json\/wp\/v2\/product_brand?post=15013"},{"taxonomy":"product_cat","embeddable":true,"href":"https:\/\/tmp.compunegocios.com.pe\/index.php\/wp-json\/wp\/v2\/product_cat?post=15013"},{"taxonomy":"product_tag","embeddable":true,"href":"https:\/\/tmp.compunegocios.com.pe\/index.php\/wp-json\/wp\/v2\/product_tag?post=15013"}],"curies":[{"name":"wp","href":"https:\/\/api.w.org\/{rel}","templated":true}]}}