{"id":15029,"date":"2024-01-31T16:45:49","date_gmt":"2024-01-31T16:45:49","guid":{"rendered":"http:\/\/compunegocios.com.pe\/index.php\/product\/cable-hdmi-2-0-15-metros-4k-ultra-hd-60hz-2160p\/"},"modified":"2025-08-19T17:33:26","modified_gmt":"2025-08-19T17:33:26","slug":"cable-hdmi-2-0-15-metros-4k-ultra-hd-60hz-2160p","status":"publish","type":"product","link":"https:\/\/tmp.compunegocios.com.pe\/index.php\/product\/cable-hdmi-2-0-15-metros-4k-ultra-hd-60hz-2160p\/","title":{"rendered":"CABLE HDMI 2.0 15 METROS 4K ULTRA HD 60HZ 2160P"},"content":{"rendered":"<p>CABLE HDMI 2.0 15 METROS 4K ULTRA HD 60HZ 2160P<\/p>\n<p>La tecnolog\u00eda 4K o Ultra HD ya inunda el mercado de las pantallas. Ante ello es que para sacar el m\u00e1ximo provecho a tus equipos, debes contar con el cable HDMI adecuado. Este cable posee el soporte para pantallas Ultra HD y 4K, permitiendo mostrar im\u00e1genes de hasta 3840 x 2160 pixeles (ancho de banda 18 Gbps). Paralelamente al ser versi\u00f3n HDMI 2.0 podr\u00e1s disfrutar de las 50 a 60 im\u00e1genes por segundo (frames por segundo), adem\u00e1s de una mejora en el sonido, ya que soporta 32 canales a 1536 KHz y la compatibilidad con pantallas con imagen ultra panor\u00e1mica, como las de proporci\u00f3n 21:9.<\/p>\n<p>&#8211; Cable conectores HDMI macho macho<br \/>\n&#8211; Versi\u00f3n HDMI 2.0<br \/>\n&#8211; Ancho de banda: 18Gbps<br \/>\n&#8211; Transmisi\u00f3n de datos 2K 4K y 30 fps y 60 fps<br \/>\n&#8211; Largo cable: 20 metros<br \/>\n&#8211; Cable permite transmisi\u00f3n de audio, video y datos (ethernet)<br \/>\n&#8211; Compatible con equipos Ultra HD, 2K , 4K<br \/>\n&#8211; Compatible con equipos con formato ultra panor\u00e1mico: 21:9<br \/>\n&#8211; Audio: 32 canales y 1532 kHz.<br \/>\nMaterial: PVC<\/p>\n","protected":false},"excerpt":{"rendered":"<p>&#8211;<\/p>\n","protected":false},"featured_media":15068,"template":"","meta":[],"pwb-brand":[],"product_brand":[],"product_cat":[245],"product_tag":[],"class_list":{"0":"post-15029","1":"product","2":"type-product","3":"status-publish","4":"has-post-thumbnail","6":"product_cat-245","8":"first","9":"outofstock","10":"taxable","11":"shipping-taxable","12":"purchasable","13":"product-type-simple"},"brands":[],"_links":{"self":[{"href":"https:\/\/tmp.compunegocios.com.pe\/index.php\/wp-json\/wp\/v2\/product\/15029","targetHints":{"allow":["GET"]}}],"collection":[{"href":"https:\/\/tmp.compunegocios.com.pe\/index.php\/wp-json\/wp\/v2\/product"}],"about":[{"href":"https:\/\/tmp.compunegocios.com.pe\/index.php\/wp-json\/wp\/v2\/types\/product"}],"wp:featuredmedia":[{"embeddable":true,"href":"https:\/\/tmp.compunegocios.com.pe\/index.php\/wp-json\/wp\/v2\/media\/15068"}],"wp:attachment":[{"href":"https:\/\/tmp.compunegocios.com.pe\/index.php\/wp-json\/wp\/v2\/media?parent=15029"}],"wp:term":[{"taxonomy":"pwb-brand","embeddable":true,"href":"https:\/\/tmp.compunegocios.com.pe\/index.php\/wp-json\/wp\/v2\/pwb-brand?post=15029"},{"taxonomy":"product_brand","embeddable":true,"href":"https:\/\/tmp.compunegocios.com.pe\/index.php\/wp-json\/wp\/v2\/product_brand?post=15029"},{"taxonomy":"product_cat","embeddable":true,"href":"https:\/\/tmp.compunegocios.com.pe\/index.php\/wp-json\/wp\/v2\/product_cat?post=15029"},{"taxonomy":"product_tag","embeddable":true,"href":"https:\/\/tmp.compunegocios.com.pe\/index.php\/wp-json\/wp\/v2\/product_tag?post=15029"}],"curies":[{"name":"wp","href":"https:\/\/api.w.org\/{rel}","templated":true}]}}