{"id":15037,"date":"2024-01-31T22:27:36","date_gmt":"2024-01-31T22:27:36","guid":{"rendered":"http:\/\/compunegocios.com.pe\/index.php\/product\/teclado-numerico-cybertel-hunter-cyb-k303-cableado\/"},"modified":"2025-08-19T17:33:28","modified_gmt":"2025-08-19T17:33:28","slug":"teclado-numerico-cybertel-hunter-cyb-k303-cableado","status":"publish","type":"product","link":"https:\/\/tmp.compunegocios.com.pe\/index.php\/product\/teclado-numerico-cybertel-hunter-cyb-k303-cableado\/","title":{"rendered":"TECLADO NUMERICO CYBERTEL  HUNTER CYB K303 CABLEADO"},"content":{"rendered":"<p>TECLADO NUMERICO CYBERTEL  HUNTER CYB K303 CABLEADO<\/p>\n<p>Caracter\u00edsticas:<br \/>\nTeclado Num\u00e9rico Port\u00e1til: Ideal Para Computadoras Port\u00e1tiles.<br \/>\nConexi\u00f3n Plug and Play USB (No Necesita Drivers).<br \/>\nDise\u00f1o Ergon\u00f3mico: Para un Uso M\u00e1s Confortable.<br \/>\nCompatible con Sistemas Windows.<\/p>\n","protected":false},"excerpt":{"rendered":"<p>&#8211;<\/p>\n","protected":false},"featured_media":15081,"template":"","meta":[],"pwb-brand":[],"product_brand":[],"product_cat":[38],"product_tag":[],"class_list":{"0":"post-15037","1":"product","2":"type-product","3":"status-publish","4":"has-post-thumbnail","6":"product_cat-38","8":"first","9":"instock","10":"taxable","11":"shipping-taxable","12":"purchasable","13":"product-type-simple"},"brands":[],"_links":{"self":[{"href":"https:\/\/tmp.compunegocios.com.pe\/index.php\/wp-json\/wp\/v2\/product\/15037","targetHints":{"allow":["GET"]}}],"collection":[{"href":"https:\/\/tmp.compunegocios.com.pe\/index.php\/wp-json\/wp\/v2\/product"}],"about":[{"href":"https:\/\/tmp.compunegocios.com.pe\/index.php\/wp-json\/wp\/v2\/types\/product"}],"wp:featuredmedia":[{"embeddable":true,"href":"https:\/\/tmp.compunegocios.com.pe\/index.php\/wp-json\/wp\/v2\/media\/15081"}],"wp:attachment":[{"href":"https:\/\/tmp.compunegocios.com.pe\/index.php\/wp-json\/wp\/v2\/media?parent=15037"}],"wp:term":[{"taxonomy":"pwb-brand","embeddable":true,"href":"https:\/\/tmp.compunegocios.com.pe\/index.php\/wp-json\/wp\/v2\/pwb-brand?post=15037"},{"taxonomy":"product_brand","embeddable":true,"href":"https:\/\/tmp.compunegocios.com.pe\/index.php\/wp-json\/wp\/v2\/product_brand?post=15037"},{"taxonomy":"product_cat","embeddable":true,"href":"https:\/\/tmp.compunegocios.com.pe\/index.php\/wp-json\/wp\/v2\/product_cat?post=15037"},{"taxonomy":"product_tag","embeddable":true,"href":"https:\/\/tmp.compunegocios.com.pe\/index.php\/wp-json\/wp\/v2\/product_tag?post=15037"}],"curies":[{"name":"wp","href":"https:\/\/api.w.org\/{rel}","templated":true}]}}