{"id":15061,"date":"2024-02-01T21:47:11","date_gmt":"2024-02-01T21:47:11","guid":{"rendered":"http:\/\/compunegocios.com.pe\/index.php\/product\/parlante-creative-e2500-2-1-30w-60w-bt-fm-usb-3-5mm-220v-black\/"},"modified":"2025-08-19T17:33:39","modified_gmt":"2025-08-19T17:33:39","slug":"parlante-creative-e2500-2-1-30w-60w-bt-fm-usb-3-5mm-220v-black","status":"publish","type":"product","link":"https:\/\/tmp.compunegocios.com.pe\/index.php\/product\/parlante-creative-e2500-2-1-30w-60w-bt-fm-usb-3-5mm-220v-black\/","title":{"rendered":"PARLANTE CREATIVE E2500 2.1 30W\/60W BT\/ FM\/ USB\/ 3.5MM 220V BLACK"},"content":{"rendered":"<p>PARLANTE CREATIVE E2500 2.1 30W\/60W BT\/ FM\/ USB\/ 3.5MM 220V BLACK<\/p>\n<p>MARCA: CREATIVE<br \/>\nMODELO: E2500<br \/>\nN\u00daMERO DE PARTE: 51MF0485AA001<\/p>\n<p>CARACTER\u00cdSTICAS:<br \/>\nCreative SBS E2500 es un sistema de altavoces 2.1 de alto rendimiento que ofrece audio rico y audaz a trav\u00e9s de una amplia gama de opciones de conectividad.<br \/>\n\u00a1Transmita de forma inal\u00e1mbrica a trav\u00e9s de Bluetooth, escuche sus canales de radio FM favoritos o reproduzca directamente desde cualquier dispositivo USB!<br \/>\nCONECTIVIDAD: Para la conectividad por cable, con\u00e9ctese a trav\u00e9s de la entrada auxiliar de 3,5 mm disponible.<br \/>\nTambi\u00e9n puede acceder f\u00e1cilmente a la reproducci\u00f3n de m\u00fasica y la configuraci\u00f3n de audio directamente en los altavoces, e incluso acceder a los diferentes pre ajustes de ecualizaci\u00f3n a trav\u00e9s del control remoto inal\u00e1mbrico incluido.<\/p>\n<p>ESPECIFICACIONES<br \/>\nPESO: 2,19 Kg.<br \/>\nDIMENSIONES: 15,5 x 27 x 26,4 cm<br \/>\nCONECTOR: Bluetooth<br \/>\nCOLOR: Negro<br \/>\nCondici\u00f3n del producto: Nuevo<br \/>\nLargo: 26.4 cm<br \/>\nAncho: 15.5 cm<br \/>\nDetalle de la garant\u00eda: 2 meses de garant\u00eda por la marca.<br \/>\nalto\t27 cm<br \/>\nDimensiones: 15.5 cm x 27 cm x 26.4 cm<br \/>\nModelo: E2500<\/p>\n","protected":false},"excerpt":{"rendered":"<p>&#8211;<\/p>\n","protected":false},"featured_media":15128,"template":"","meta":[],"pwb-brand":[],"product_brand":[],"product_cat":[159],"product_tag":[],"class_list":{"0":"post-15061","1":"product","2":"type-product","3":"status-publish","4":"has-post-thumbnail","6":"product_cat-159","8":"first","9":"outofstock","10":"taxable","11":"shipping-taxable","12":"purchasable","13":"product-type-simple"},"brands":[],"_links":{"self":[{"href":"https:\/\/tmp.compunegocios.com.pe\/index.php\/wp-json\/wp\/v2\/product\/15061","targetHints":{"allow":["GET"]}}],"collection":[{"href":"https:\/\/tmp.compunegocios.com.pe\/index.php\/wp-json\/wp\/v2\/product"}],"about":[{"href":"https:\/\/tmp.compunegocios.com.pe\/index.php\/wp-json\/wp\/v2\/types\/product"}],"wp:featuredmedia":[{"embeddable":true,"href":"https:\/\/tmp.compunegocios.com.pe\/index.php\/wp-json\/wp\/v2\/media\/15128"}],"wp:attachment":[{"href":"https:\/\/tmp.compunegocios.com.pe\/index.php\/wp-json\/wp\/v2\/media?parent=15061"}],"wp:term":[{"taxonomy":"pwb-brand","embeddable":true,"href":"https:\/\/tmp.compunegocios.com.pe\/index.php\/wp-json\/wp\/v2\/pwb-brand?post=15061"},{"taxonomy":"product_brand","embeddable":true,"href":"https:\/\/tmp.compunegocios.com.pe\/index.php\/wp-json\/wp\/v2\/product_brand?post=15061"},{"taxonomy":"product_cat","embeddable":true,"href":"https:\/\/tmp.compunegocios.com.pe\/index.php\/wp-json\/wp\/v2\/product_cat?post=15061"},{"taxonomy":"product_tag","embeddable":true,"href":"https:\/\/tmp.compunegocios.com.pe\/index.php\/wp-json\/wp\/v2\/product_tag?post=15061"}],"curies":[{"name":"wp","href":"https:\/\/api.w.org\/{rel}","templated":true}]}}