{"id":15062,"date":"2024-02-01T22:11:00","date_gmt":"2024-02-01T22:11:00","guid":{"rendered":"http:\/\/compunegocios.com.pe\/index.php\/product\/parlante-creative-e2900-60w-2-1-bt-fm-usb-sd-3-3mm-black\/"},"modified":"2025-08-19T17:33:40","modified_gmt":"2025-08-19T17:33:40","slug":"parlante-creative-e2900-60w-2-1-bt-fm-usb-sd-3-3mm-black","status":"publish","type":"product","link":"https:\/\/tmp.compunegocios.com.pe\/index.php\/product\/parlante-creative-e2900-60w-2-1-bt-fm-usb-sd-3-3mm-black\/","title":{"rendered":"PARLANTE CREATIVE E2900 60W 2.1 BT\/FM\/USB\/SD\/3.3MM BLACK"},"content":{"rendered":"<p>PARLANTE CREATIVE E2900 60W 2.1 BT\/FM\/USB\/SD\/3.3MM BLACK<\/p>\n<p>Marca: Creative<br \/>\nModelo: SBS E2900<br \/>\nNumero de parte: 51MF0490AA001<br \/>\nColor: Negro<br \/>\nConectividad: Bluetooth<br \/>\nRadio FM: Si<br \/>\nEntradas: USB, Micro SD<br \/>\nPeso: 3.4 Kg<br \/>\nDimensiones: 17 x 33.5 x 31.5 cm<br \/>\nConfiguraci\u00f3n de sistema: 2.1 Sistema<br \/>\nConductores: Subwoofer: 5.25&#8243;, Sat\u00e9lite: 3&#8243;<br \/>\nParlante Creative SBS E2900, Subwoofer 2.1, Bluetooth, Negro<br \/>\nPotente sistema de altavoces 2.1 con controladores de campo lejano \u2013 ofrece un rendimiento de audio impresionante y alto con 60 W RMS y hasta 120 W de potencia m\u00e1xima, y equipado con controladores de campo lejano afinados para ofrecer audio envolvente para una experiencia de audio envolvente<br \/>\nSubwoofer de disparo frontal para graves geniales: escucha el rugido de los graves mientras el subwoofer de MDF de disparo frontal ofrece graves profundos y ruidos durante tus noches de cine intensas y repletas de acci\u00f3n o mejor a\u00fan, transforma tu casa en un club de fiesta con tus canciones favoritas<br \/>\nVarias opciones de conectividad: cuenta con la \u00faltima tecnolog\u00eda Bluetooth 5.0 para transmisi\u00f3n inal\u00e1mbrica de alta calidad, sintonizador FM anal\u00f3gico integrado para escuchar tus DJ de radio favoritos, ranura para tarjeta SD para tu propia lista de canciones, unidad flash USB con el reproductor de MP3 integrado a trav\u00e9s de plug-and-play, y puerto auxiliar de 0.138 in para conectividad anal\u00f3gica con cable a tu computadora, TV y m\u00e1s<br \/>\nBotones de control convenientes con control remoto: accede f\u00e1cilmente a la reproducci\u00f3n de m\u00fasica y el control de volumen directamente desde los botones de control frontal del sistema, o utiliza el control remoto por infrarrojos incluido para ajustar la configuraci\u00f3n de audio del altavoz y la reproducci\u00f3n de m\u00fasica de forma inal\u00e1mbrica. Puedes personalizar a\u00fan m\u00e1s el audio con los controles de agudos y graves en el mando a distancia para adaptarse al g\u00e9nero de audio que est\u00e1s escuchando, o para adaptarse al estado de \u00e1nimo en el que est\u00e1s<br \/>\nLED retroiluminado: el SBS E2900 est\u00e1 dise\u00f1ado con un hermoso LED retroiluminado que cuenta con tonos apasionados de morado, rojo y azul<\/p>\n","protected":false},"excerpt":{"rendered":"<p>&#8211;<\/p>\n","protected":false},"featured_media":15132,"template":"","meta":[],"pwb-brand":[],"product_brand":[],"product_cat":[159],"product_tag":[],"class_list":{"0":"post-15062","1":"product","2":"type-product","3":"status-publish","4":"has-post-thumbnail","6":"product_cat-159","8":"first","9":"outofstock","10":"taxable","11":"shipping-taxable","12":"purchasable","13":"product-type-simple"},"brands":[],"_links":{"self":[{"href":"https:\/\/tmp.compunegocios.com.pe\/index.php\/wp-json\/wp\/v2\/product\/15062","targetHints":{"allow":["GET"]}}],"collection":[{"href":"https:\/\/tmp.compunegocios.com.pe\/index.php\/wp-json\/wp\/v2\/product"}],"about":[{"href":"https:\/\/tmp.compunegocios.com.pe\/index.php\/wp-json\/wp\/v2\/types\/product"}],"wp:featuredmedia":[{"embeddable":true,"href":"https:\/\/tmp.compunegocios.com.pe\/index.php\/wp-json\/wp\/v2\/media\/15132"}],"wp:attachment":[{"href":"https:\/\/tmp.compunegocios.com.pe\/index.php\/wp-json\/wp\/v2\/media?parent=15062"}],"wp:term":[{"taxonomy":"pwb-brand","embeddable":true,"href":"https:\/\/tmp.compunegocios.com.pe\/index.php\/wp-json\/wp\/v2\/pwb-brand?post=15062"},{"taxonomy":"product_brand","embeddable":true,"href":"https:\/\/tmp.compunegocios.com.pe\/index.php\/wp-json\/wp\/v2\/product_brand?post=15062"},{"taxonomy":"product_cat","embeddable":true,"href":"https:\/\/tmp.compunegocios.com.pe\/index.php\/wp-json\/wp\/v2\/product_cat?post=15062"},{"taxonomy":"product_tag","embeddable":true,"href":"https:\/\/tmp.compunegocios.com.pe\/index.php\/wp-json\/wp\/v2\/product_tag?post=15062"}],"curies":[{"name":"wp","href":"https:\/\/api.w.org\/{rel}","templated":true}]}}