{"id":15063,"date":"2024-02-01T22:46:48","date_gmt":"2024-02-01T22:46:48","guid":{"rendered":"http:\/\/compunegocios.com.pe\/index.php\/product\/altavoces-de-escritorio-usb-creative-pebble-modernos-2-0-mf1680\/"},"modified":"2025-08-19T17:33:41","modified_gmt":"2025-08-19T17:33:41","slug":"altavoces-de-escritorio-usb-creative-pebble-modernos-2-0-mf1680","status":"publish","type":"product","link":"https:\/\/tmp.compunegocios.com.pe\/index.php\/product\/altavoces-de-escritorio-usb-creative-pebble-modernos-2-0-mf1680\/","title":{"rendered":"PARLANTE CREATIVE PEBBLE (51MF1680AA000)  2.0 4.4W 3.5MM USB POWER BLACK"},"content":{"rendered":"<p>PARLANTE CREATIVE PEBBLE (51MF1680AA000)  2.0 4.4W 3.5MM USB POWER BLACK<\/p>\n<p>MARCA: CREATIVE<br \/>\nMODELO: PEBBLE<br \/>\nN\u00daMERO DE PARTE: 51MF1680AA000<br \/>\nCARACTERISTICAS<br \/>\nAUDIO: Presentando una soluci\u00f3n de drivers optimizados de campo lejano con elevaci\u00f3n de 45\u00b0, los Creative Pebble dirigen el sonido a sus o\u00eddos, dej\u00e1ndole en dej\u00e1ndole en ese lugar \u00f3ptimo para una gran experiencia ac\u00fastica.<br \/>\nRADIADORES: Con sus radiadores pasivos integrados y una combinaci\u00f3n impresionante de RMS de 4.4 W, el peque\u00f1o Creative Pebble es capaz de ofrecer audio equilibrado con detalles profundos, de inmersi\u00f3n y cristalinos.<br \/>\nCONTROLES: Simplemente conecte su dispositivo mediante la entrada 3.5 mm y prep\u00e1rese para ser sorprendido.<br \/>\nInst\u00e1ntaneamente controle su volume con el conveniente mando de Creative Pebble en el panel de control frontal.<br \/>\nTAMA\u00d1O: Midiendo solo 4.4 pulgadas de anchura cada uno, el Creative Pebble puede colocarse convenientemente junto a su monitor sin comprometer el valioso espacio de su escritorio.<br \/>\nCONECTIVIDAD\tPotenciado por un solo cable USB sin necesidad de un enchufe en la pared.<\/p>\n","protected":false},"excerpt":{"rendered":"<p>&#8211;<\/p>\n","protected":false},"featured_media":15136,"template":"","meta":[],"pwb-brand":[],"product_brand":[],"product_cat":[159],"product_tag":[],"class_list":{"0":"post-15063","1":"product","2":"type-product","3":"status-publish","4":"has-post-thumbnail","6":"product_cat-159","8":"first","9":"outofstock","10":"taxable","11":"shipping-taxable","12":"purchasable","13":"product-type-simple"},"brands":[],"_links":{"self":[{"href":"https:\/\/tmp.compunegocios.com.pe\/index.php\/wp-json\/wp\/v2\/product\/15063","targetHints":{"allow":["GET"]}}],"collection":[{"href":"https:\/\/tmp.compunegocios.com.pe\/index.php\/wp-json\/wp\/v2\/product"}],"about":[{"href":"https:\/\/tmp.compunegocios.com.pe\/index.php\/wp-json\/wp\/v2\/types\/product"}],"wp:featuredmedia":[{"embeddable":true,"href":"https:\/\/tmp.compunegocios.com.pe\/index.php\/wp-json\/wp\/v2\/media\/15136"}],"wp:attachment":[{"href":"https:\/\/tmp.compunegocios.com.pe\/index.php\/wp-json\/wp\/v2\/media?parent=15063"}],"wp:term":[{"taxonomy":"pwb-brand","embeddable":true,"href":"https:\/\/tmp.compunegocios.com.pe\/index.php\/wp-json\/wp\/v2\/pwb-brand?post=15063"},{"taxonomy":"product_brand","embeddable":true,"href":"https:\/\/tmp.compunegocios.com.pe\/index.php\/wp-json\/wp\/v2\/product_brand?post=15063"},{"taxonomy":"product_cat","embeddable":true,"href":"https:\/\/tmp.compunegocios.com.pe\/index.php\/wp-json\/wp\/v2\/product_cat?post=15063"},{"taxonomy":"product_tag","embeddable":true,"href":"https:\/\/tmp.compunegocios.com.pe\/index.php\/wp-json\/wp\/v2\/product_tag?post=15063"}],"curies":[{"name":"wp","href":"https:\/\/api.w.org\/{rel}","templated":true}]}}