{"id":15064,"date":"2024-02-01T23:01:22","date_gmt":"2024-02-01T23:01:22","guid":{"rendered":"http:\/\/compunegocios.com.pe\/index.php\/product\/mouse-pad-iblue-ergonomico-mp-372-bl-base-antideslizante-azul\/"},"modified":"2025-08-19T17:33:42","modified_gmt":"2025-08-19T17:33:42","slug":"mouse-pad-iblue-ergonomico-mp-372-bl-base-antideslizante-azul","status":"publish","type":"product","link":"https:\/\/tmp.compunegocios.com.pe\/index.php\/product\/mouse-pad-iblue-ergonomico-mp-372-bl-base-antideslizante-azul\/","title":{"rendered":"MOUSE PAD IBLUE ERGON\u00d3MICO MP-372-BL  BASE ANTIDESLIZANTE AZUL"},"content":{"rendered":"<p>MOUSE PAD IBLUE ERGON\u00d3MICO MP-372-BL  BASE ANTIDESLIZANTE AZUL<\/p>\n<p>Mouse Pad Iblue MP372<\/p>\n<p>Excelente experiencia ergon\u00f3mica para el soporte de la mu\u00f1eca, palma de la mano y antebrazo. Previene dolores y des\u00f3rdenes motrices por eso uso prolongado del mouse.<br \/>\nLa almohadilla se adapta a la forma de la mano, permitiendo un movimiento natural y aliviando el estr\u00e9s causado por el uso prolongado del mouse.<br \/>\nLa tela de lycra suave pero resistente, provee confort t\u00e1ctil y una superficie sutil no reflectante para que el mouse se deslice con precisi\u00f3n. La base antideslizante mantiene finamente el mouse pad en el lugar ubicado. El pad es f\u00e1cil de limpiar y se adapta a cualquier tipo de decoraci\u00f3n.<\/p>\n<p>CARACTER\u00cdSTICAS:<br \/>\n\u2022 MARCA: iBLUE<br \/>\n\u2022 MODELO: Pad con descansador<br \/>\n\u2022 NUMERO DE PARTE: MP-372-BL<br \/>\n\u2022 MATERIAL: Tela de lycra suave<br \/>\n\u2022 COLOR: Rojo<br \/>\n\u2022 SOPORTE: Ergon\u00f3mico<\/p>\n","protected":false},"excerpt":{"rendered":"<p>&#8211;<\/p>\n","protected":false},"featured_media":15141,"template":"","meta":[],"pwb-brand":[],"product_brand":[],"product_cat":[195],"product_tag":[],"class_list":{"0":"post-15064","1":"product","2":"type-product","3":"status-publish","4":"has-post-thumbnail","6":"product_cat-195","8":"first","9":"outofstock","10":"taxable","11":"shipping-taxable","12":"purchasable","13":"product-type-simple"},"brands":[],"_links":{"self":[{"href":"https:\/\/tmp.compunegocios.com.pe\/index.php\/wp-json\/wp\/v2\/product\/15064","targetHints":{"allow":["GET"]}}],"collection":[{"href":"https:\/\/tmp.compunegocios.com.pe\/index.php\/wp-json\/wp\/v2\/product"}],"about":[{"href":"https:\/\/tmp.compunegocios.com.pe\/index.php\/wp-json\/wp\/v2\/types\/product"}],"wp:featuredmedia":[{"embeddable":true,"href":"https:\/\/tmp.compunegocios.com.pe\/index.php\/wp-json\/wp\/v2\/media\/15141"}],"wp:attachment":[{"href":"https:\/\/tmp.compunegocios.com.pe\/index.php\/wp-json\/wp\/v2\/media?parent=15064"}],"wp:term":[{"taxonomy":"pwb-brand","embeddable":true,"href":"https:\/\/tmp.compunegocios.com.pe\/index.php\/wp-json\/wp\/v2\/pwb-brand?post=15064"},{"taxonomy":"product_brand","embeddable":true,"href":"https:\/\/tmp.compunegocios.com.pe\/index.php\/wp-json\/wp\/v2\/product_brand?post=15064"},{"taxonomy":"product_cat","embeddable":true,"href":"https:\/\/tmp.compunegocios.com.pe\/index.php\/wp-json\/wp\/v2\/product_cat?post=15064"},{"taxonomy":"product_tag","embeddable":true,"href":"https:\/\/tmp.compunegocios.com.pe\/index.php\/wp-json\/wp\/v2\/product_tag?post=15064"}],"curies":[{"name":"wp","href":"https:\/\/api.w.org\/{rel}","templated":true}]}}