{"id":15071,"date":"2024-02-02T00:26:26","date_gmt":"2024-02-02T00:26:26","guid":{"rendered":"http:\/\/compunegocios.com.pe\/index.php\/product\/mouse-genius-micro-traveler-9000r-wireless-black-blue\/"},"modified":"2025-08-19T17:33:49","modified_gmt":"2025-08-19T17:33:49","slug":"mouse-genius-micro-traveler-9000r-wireless-black-blue","status":"publish","type":"product","link":"https:\/\/tmp.compunegocios.com.pe\/index.php\/product\/mouse-genius-micro-traveler-9000r-wireless-black-blue\/","title":{"rendered":"MOUSE GENIUS MICRO TRAVELER 9000R RECARGABLE BLACK\/BLUE"},"content":{"rendered":"<p>MOUSE GENIUS MICRO TRAVELER 9000R RECARGABLE BLACK\/BLUE<\/p>\n<p>Descripci\u00f3n<\/p>\n<p>Marca: GENIUS<br \/>\nModelo: MICRO TRAVELER 9000R<br \/>\nN\u00famero de Parte: 31030132101<br \/>\nColor: BLACK\/BLUE<br \/>\nTecnolog\u00eda: Inalambrico 2.4 Ghz, USB<\/p>\n<p>Bater\u00eda Interna Recargable<br \/>\nTipo de sensor: \u00d3ptico<br \/>\nResoluci\u00f3n: 1200 dpi<br \/>\nBotones: 3 Botones (izquierda, derecha y central con rueda)<br \/>\nAlimentaci\u00f3n: Bater\u00eda recargable de 240 mAh de pol\u00edmeros de litio<br \/>\nSistema Operativo: Windows 8 \/ 7 \/ Vista \/ XP; Mac OSX 10.4+<\/p>\n<p>Informaci\u00f3n Adicional:<br \/>\n\u2022 Funciona con menores requerimientos de energ\u00eda.<br \/>\n\u2022 Ultra peque\u00f1o: 68mm para Ultrabook<br \/>\n\u2022 Dise\u00f1o de bolsillo f\u00e1cil de llevar<br \/>\n\u2022 Incluye cable Micro USB para carga<\/p>\n","protected":false},"excerpt":{"rendered":"<p>&#8211;<\/p>\n","protected":false},"featured_media":15157,"template":"","meta":[],"pwb-brand":[],"product_brand":[],"product_cat":[193],"product_tag":[],"class_list":{"0":"post-15071","1":"product","2":"type-product","3":"status-publish","4":"has-post-thumbnail","6":"product_cat-193","8":"first","9":"outofstock","10":"taxable","11":"shipping-taxable","12":"purchasable","13":"product-type-simple"},"brands":[],"_links":{"self":[{"href":"https:\/\/tmp.compunegocios.com.pe\/index.php\/wp-json\/wp\/v2\/product\/15071","targetHints":{"allow":["GET"]}}],"collection":[{"href":"https:\/\/tmp.compunegocios.com.pe\/index.php\/wp-json\/wp\/v2\/product"}],"about":[{"href":"https:\/\/tmp.compunegocios.com.pe\/index.php\/wp-json\/wp\/v2\/types\/product"}],"wp:featuredmedia":[{"embeddable":true,"href":"https:\/\/tmp.compunegocios.com.pe\/index.php\/wp-json\/wp\/v2\/media\/15157"}],"wp:attachment":[{"href":"https:\/\/tmp.compunegocios.com.pe\/index.php\/wp-json\/wp\/v2\/media?parent=15071"}],"wp:term":[{"taxonomy":"pwb-brand","embeddable":true,"href":"https:\/\/tmp.compunegocios.com.pe\/index.php\/wp-json\/wp\/v2\/pwb-brand?post=15071"},{"taxonomy":"product_brand","embeddable":true,"href":"https:\/\/tmp.compunegocios.com.pe\/index.php\/wp-json\/wp\/v2\/product_brand?post=15071"},{"taxonomy":"product_cat","embeddable":true,"href":"https:\/\/tmp.compunegocios.com.pe\/index.php\/wp-json\/wp\/v2\/product_cat?post=15071"},{"taxonomy":"product_tag","embeddable":true,"href":"https:\/\/tmp.compunegocios.com.pe\/index.php\/wp-json\/wp\/v2\/product_tag?post=15071"}],"curies":[{"name":"wp","href":"https:\/\/api.w.org\/{rel}","templated":true}]}}