{"id":15072,"date":"2024-02-02T00:43:09","date_gmt":"2024-02-02T00:43:09","guid":{"rendered":"http:\/\/compunegocios.com.pe\/index.php\/product\/mouse-pad-genius-g-wmp-100-c-descansador-black-ergonomico\/"},"modified":"2025-08-19T17:33:50","modified_gmt":"2025-08-19T17:33:50","slug":"mouse-pad-genius-g-wmp-100-c-descansador-black-ergonomico","status":"publish","type":"product","link":"https:\/\/tmp.compunegocios.com.pe\/index.php\/product\/mouse-pad-genius-g-wmp-100-c-descansador-black-ergonomico\/","title":{"rendered":"MOUSE PAD GENIUS G-WMP 100 C\/ DESCANSADOR BLACK ERGON\u00d3MICO"},"content":{"rendered":"<p>MOUSE PAD GENIUS G-WMP 100 C\/ DESCANSADOR BLACK ERGON\u00d3MICO<\/p>\n<p>GENIUS | PAD MOUSE CON GEL GENIUS G-WMP 100 NEGRO<br \/>\nAlfombrilla para mouse con superficie textil lisa y soporte para mu\u00f1eca de espuma de alta calidad. Encontra soluci\u00f3n a tus necesidades tecnol\u00f3gicas en Brandimia.<\/p>\n<p>ESPECIFICACIONES:<br \/>\nMarca: GENIUS<br \/>\nModelo: G-WMP<br \/>\nColor: Negro<br \/>\nTama\u00f1o del mouse pad : M<br \/>\nDise\u00f1o impreso Genius<br \/>\nLargo: 250 mm<br \/>\nAncho: 230 mm<br \/>\nEspesor: 25 mm<br \/>\nMateriales Caucho<br \/>\nEs antideslizante: SI<br \/>\nCon apoya mu\u00f1eca: SI<br \/>\nMODELO: G-WMP-100<br \/>\nEAN\/UPC: 091163256700<\/p>\n","protected":false},"excerpt":{"rendered":"<p>&#8211;<\/p>\n","protected":false},"featured_media":15159,"template":"","meta":[],"pwb-brand":[],"product_brand":[],"product_cat":[195],"product_tag":[],"class_list":{"0":"post-15072","1":"product","2":"type-product","3":"status-publish","4":"has-post-thumbnail","6":"product_cat-195","8":"first","9":"instock","10":"taxable","11":"shipping-taxable","12":"purchasable","13":"product-type-simple"},"brands":[],"_links":{"self":[{"href":"https:\/\/tmp.compunegocios.com.pe\/index.php\/wp-json\/wp\/v2\/product\/15072","targetHints":{"allow":["GET"]}}],"collection":[{"href":"https:\/\/tmp.compunegocios.com.pe\/index.php\/wp-json\/wp\/v2\/product"}],"about":[{"href":"https:\/\/tmp.compunegocios.com.pe\/index.php\/wp-json\/wp\/v2\/types\/product"}],"wp:featuredmedia":[{"embeddable":true,"href":"https:\/\/tmp.compunegocios.com.pe\/index.php\/wp-json\/wp\/v2\/media\/15159"}],"wp:attachment":[{"href":"https:\/\/tmp.compunegocios.com.pe\/index.php\/wp-json\/wp\/v2\/media?parent=15072"}],"wp:term":[{"taxonomy":"pwb-brand","embeddable":true,"href":"https:\/\/tmp.compunegocios.com.pe\/index.php\/wp-json\/wp\/v2\/pwb-brand?post=15072"},{"taxonomy":"product_brand","embeddable":true,"href":"https:\/\/tmp.compunegocios.com.pe\/index.php\/wp-json\/wp\/v2\/product_brand?post=15072"},{"taxonomy":"product_cat","embeddable":true,"href":"https:\/\/tmp.compunegocios.com.pe\/index.php\/wp-json\/wp\/v2\/product_cat?post=15072"},{"taxonomy":"product_tag","embeddable":true,"href":"https:\/\/tmp.compunegocios.com.pe\/index.php\/wp-json\/wp\/v2\/product_tag?post=15072"}],"curies":[{"name":"wp","href":"https:\/\/api.w.org\/{rel}","templated":true}]}}