{"id":15076,"date":"2024-02-02T15:10:05","date_gmt":"2024-02-02T15:10:05","guid":{"rendered":"http:\/\/compunegocios.com.pe\/index.php\/product\/mouse-genius-micro-traveler-9000r-wireless-regargable-white-green\/"},"modified":"2025-08-19T17:33:51","modified_gmt":"2025-08-19T17:33:51","slug":"mouse-genius-micro-traveler-9000r-wireless-regargable-white-green","status":"publish","type":"product","link":"https:\/\/tmp.compunegocios.com.pe\/index.php\/product\/mouse-genius-micro-traveler-9000r-wireless-regargable-white-green\/","title":{"rendered":"MOUSE GENIUS MICRO TRAVELER 9000R WIRELESS REGARGABLE WHITE\/GREEN"},"content":{"rendered":"<p>MOUSE GENIUS MICRO TRAVELER 9000R WIRELESS REGARGABLE WHITE\/GREEN<\/p>\n<p> Marca: Genius<br \/>\n\u2022  Modelo: Micro Traveler 9000R<br \/>\n\u2022  Color: Verde<br \/>\n\u2022  Frecuencia RF: 2.4 GHz<br \/>\n\u2022  Motor de sensores: Infrarrojo<br \/>\n\u2022  Resoluci\u00f3n (DPI): 1200 (SmartGenius: 800, 1200, 1600)<br \/>\n\u2022  N\u00famero de botones: 3<br \/>\n\u2022  Tipo de bater\u00eda: Bater\u00eda de pol\u00edmero de litio recargable incorporada de 320 mAh<br \/>\n\u2022  Peso (g): Aprox. 38 g (incluye receptor)<br \/>\n\u2022  Dimensiones (A x A x P) mm (pulgadas): 48 x 68 x 31 mm (1,89 x 2,68 x 1,22 pulgadas)<br \/>\n\u2022  User\u2019s manual: S\u00ed<br \/>\n\u2022  Requisitos del sistema: Windows\u00ae 7, 8, 8.1, 10 \/ macOS 10.4 o posterior<br \/>\n\u2022  Contenido de la caja Micro Traveler 9000R: Receptor Pico USB x1 \/ Montura Stick-N-Go x1 \/ Cable micro USB x1 \/ Manual del usuario en varios idiomas<br \/>\n\u2022  Mas informaci\u00f3n: Micro Traveler 9000R | Genius ES Website (geniusnet.com)<\/p>\n","protected":false},"excerpt":{"rendered":"<p>&#8211;<\/p>\n","protected":false},"featured_media":15161,"template":"","meta":[],"pwb-brand":[],"product_brand":[],"product_cat":[193],"product_tag":[],"class_list":{"0":"post-15076","1":"product","2":"type-product","3":"status-publish","4":"has-post-thumbnail","6":"product_cat-193","8":"first","9":"outofstock","10":"taxable","11":"shipping-taxable","12":"purchasable","13":"product-type-simple"},"brands":[],"_links":{"self":[{"href":"https:\/\/tmp.compunegocios.com.pe\/index.php\/wp-json\/wp\/v2\/product\/15076","targetHints":{"allow":["GET"]}}],"collection":[{"href":"https:\/\/tmp.compunegocios.com.pe\/index.php\/wp-json\/wp\/v2\/product"}],"about":[{"href":"https:\/\/tmp.compunegocios.com.pe\/index.php\/wp-json\/wp\/v2\/types\/product"}],"wp:featuredmedia":[{"embeddable":true,"href":"https:\/\/tmp.compunegocios.com.pe\/index.php\/wp-json\/wp\/v2\/media\/15161"}],"wp:attachment":[{"href":"https:\/\/tmp.compunegocios.com.pe\/index.php\/wp-json\/wp\/v2\/media?parent=15076"}],"wp:term":[{"taxonomy":"pwb-brand","embeddable":true,"href":"https:\/\/tmp.compunegocios.com.pe\/index.php\/wp-json\/wp\/v2\/pwb-brand?post=15076"},{"taxonomy":"product_brand","embeddable":true,"href":"https:\/\/tmp.compunegocios.com.pe\/index.php\/wp-json\/wp\/v2\/product_brand?post=15076"},{"taxonomy":"product_cat","embeddable":true,"href":"https:\/\/tmp.compunegocios.com.pe\/index.php\/wp-json\/wp\/v2\/product_cat?post=15076"},{"taxonomy":"product_tag","embeddable":true,"href":"https:\/\/tmp.compunegocios.com.pe\/index.php\/wp-json\/wp\/v2\/product_tag?post=15076"}],"curies":[{"name":"wp","href":"https:\/\/api.w.org\/{rel}","templated":true}]}}