{"id":15084,"date":"2024-02-02T16:11:56","date_gmt":"2024-02-02T16:11:56","guid":{"rendered":"http:\/\/compunegocios.com.pe\/index.php\/product\/mouse-retractil-targus-amu625-compact-blue-trace-mini-usb-negro\/"},"modified":"2025-08-19T17:33:51","modified_gmt":"2025-08-19T17:33:51","slug":"mouse-retractil-targus-amu625-compact-blue-trace-mini-usb-negro","status":"publish","type":"product","link":"https:\/\/tmp.compunegocios.com.pe\/index.php\/product\/mouse-retractil-targus-amu625-compact-blue-trace-mini-usb-negro\/","title":{"rendered":"MOUSE RETRACTIL TARGUS AMU625 COMPACT BLUE TRACE MINI USB NEGRO"},"content":{"rendered":"<p>MOUSE RETRACTIL TARGUS AMU625 COMPACT BLUE TRACE MINI USB NEGRO <\/p>\n<p>INFORMACI\u00d3N T\u00c9CNICA<\/p>\n<p>Marca: TARGUS<br \/>\nModelo: AMU625<br \/>\nColor: NEGRO<br \/>\nLa tecnolog\u00eda Blue Trace combina el poder de la tecnolog\u00eda \u00f3ptica y la precisi\u00f3n de la tecnolog\u00eda l\u00e1ser para un movimiento perfecto en casi cualquier superficie incluyendo madera, granito, vidrio y moqueta.<br \/>\nDise\u00f1o peque\u00f1o y compacto, perfecto cuando el espacio es limitado:  en la bandeja del avi\u00f3n, la mesa de trabajo o la oficina en casa.<br \/>\nLa tecnolog\u00eda de sensor \u00f3ptico m\u00e1s avanzada, garantiza una respuesta r\u00e1pida y precisa a los movimientos del mouse.<br \/>\nEl mouse, con un dise\u00f1o elegante y contempor\u00e1neo, es la soluci\u00f3n perfecta para los viajeros que necesitan ahorrar espacio cuando usan un mouse.<br \/>\nEl bot\u00f3n de desplazamiento integrado, le permite desplazarse arriba y abajo en hojas de c\u00e1lculo y navegar en Internet. El cable retr\u00e1ctil se ajusta, lo que permite a los usuarios elegir la longitud necesaria para ahorrar espacio en entornos de trabajo compactos.<br \/>\nLongitud del cable:  76 cm.<br \/>\nResoluci\u00f3n 1000 dpi<br \/>\nSistema Operativo:  Windows 10, 8.1, 8, 7, XP, Vista, Mac OS X v 10.4 &amp; later<br \/>\nDimensions: 8 x 4.5 x 2.5 cm<br \/>\nPeso: 0.04 kg<br \/>\nCon una conexi\u00f3n USB est\u00e1ndar<\/p>\n","protected":false},"excerpt":{"rendered":"<p>&#8211;<\/p>\n","protected":false},"featured_media":15166,"template":"","meta":[],"pwb-brand":[],"product_brand":[],"product_cat":[192],"product_tag":[],"class_list":{"0":"post-15084","1":"product","2":"type-product","3":"status-publish","4":"has-post-thumbnail","6":"product_cat-192","8":"first","9":"instock","10":"taxable","11":"shipping-taxable","12":"purchasable","13":"product-type-simple"},"brands":[],"_links":{"self":[{"href":"https:\/\/tmp.compunegocios.com.pe\/index.php\/wp-json\/wp\/v2\/product\/15084","targetHints":{"allow":["GET"]}}],"collection":[{"href":"https:\/\/tmp.compunegocios.com.pe\/index.php\/wp-json\/wp\/v2\/product"}],"about":[{"href":"https:\/\/tmp.compunegocios.com.pe\/index.php\/wp-json\/wp\/v2\/types\/product"}],"wp:featuredmedia":[{"embeddable":true,"href":"https:\/\/tmp.compunegocios.com.pe\/index.php\/wp-json\/wp\/v2\/media\/15166"}],"wp:attachment":[{"href":"https:\/\/tmp.compunegocios.com.pe\/index.php\/wp-json\/wp\/v2\/media?parent=15084"}],"wp:term":[{"taxonomy":"pwb-brand","embeddable":true,"href":"https:\/\/tmp.compunegocios.com.pe\/index.php\/wp-json\/wp\/v2\/pwb-brand?post=15084"},{"taxonomy":"product_brand","embeddable":true,"href":"https:\/\/tmp.compunegocios.com.pe\/index.php\/wp-json\/wp\/v2\/product_brand?post=15084"},{"taxonomy":"product_cat","embeddable":true,"href":"https:\/\/tmp.compunegocios.com.pe\/index.php\/wp-json\/wp\/v2\/product_cat?post=15084"},{"taxonomy":"product_tag","embeddable":true,"href":"https:\/\/tmp.compunegocios.com.pe\/index.php\/wp-json\/wp\/v2\/product_tag?post=15084"}],"curies":[{"name":"wp","href":"https:\/\/api.w.org\/{rel}","templated":true}]}}