{"id":15085,"date":"2024-02-02T17:07:51","date_gmt":"2024-02-02T17:07:51","guid":{"rendered":"http:\/\/compunegocios.com.pe\/index.php\/product\/teclado-mouse-logitech-mk345-confort-black-wireless\/"},"modified":"2025-08-19T17:33:52","modified_gmt":"2025-08-19T17:33:52","slug":"teclado-mouse-logitech-mk345-confort-black-wireless","status":"publish","type":"product","link":"https:\/\/tmp.compunegocios.com.pe\/index.php\/product\/teclado-mouse-logitech-mk345-confort-black-wireless\/","title":{"rendered":"TECLADO + MOUSE LOGITECH MK345 CONFORT BLACK WIRELESS"},"content":{"rendered":"<p>TECLADO + MOUSE LOGITECH MK345 CONFORT BLACK WIRELESS<\/p>\n<p>Descripci\u00f3n<br \/>\nObt\u00e9n una comodidad total con el Combo Inal\u00e1mbrico MK345 de Logitech compuesto por un teclado tama\u00f1o normal con reposamanos y un c\u00f3modo mouse para usuarios diestros. Disfruta de conexiones robustas gracias a la conexi\u00f3n inal\u00e1mbrica Advanced de 2.4 GHz de Logitech que provee una r\u00e1pida transmisi\u00f3n de datos y una conexi\u00f3n sin problemas. Conc\u00e9ntrate en lo que realmente importa y olv\u00eddate de tener que cambiar las bater\u00edas gracias a la tecnolog\u00eda de uso eficiente de energ\u00eda. Con acceso f\u00e1cil a controles multimedia, silencia tu computadora, pasa a la siguiente canci\u00f3n o pausa un video instant\u00e1neamente gracias a las 12 teclas F programables.<br \/>\n\u27ba Experimenta una comodidad total con el teclado completo Logitech MK345 Combo Inal\u00e1mbrico con reposamanos y un c\u00f3modo Mouse para diestros.<br \/>\n\u27baDisfruta de conexiones s\u00f3lidas gracias a la avanzada conectividad inal\u00e1mbrica de Logitech, que proporciona una r\u00e1pida transmisi\u00f3n de datos y una conectividad sin fisuras.<br \/>\n\u27ba Conc\u00e9ntrate en lo verdaderamente importante y olv\u00eddate de la molestia de cambiar las pilas gracias a nuestra ingenier\u00eda de bajo consumo.<br \/>\n\u27ba Con un f\u00e1cil acceso a los controles multimedia, silencia tu equipo, pasa a la siguiente canci\u00f3n o pausa un v\u00eddeo al instante gracias a las 12 teclas F programables. (4)<\/p>\n<p>  CARACTER\u00cdSTICAS<br \/>\nTECLADO<br \/>\nDimensiones: 447,2 x 186,7 x 21,4 mm<br \/>\nPeso (con bater\u00eda): 603 g<br \/>\nDise\u00f1o resistente a las salpicaduras (2)<br \/>\nTeclado num\u00e9rico de 10 teclas<br \/>\nAltura Regulable: patas basculantes<br \/>\nTipo de tecla: perfil bajo<br \/>\nDuraci\u00f3n de la bater\u00eda: 36 meses (1)<br \/>\n2 pilas AAA<br \/>\n  MOUSE<\/p>\n<p>Dimensiones: 105,4 x 67,9 x 38,4 mm<br \/>\nPeso (con bater\u00eda): 91 g<br \/>\nTecnolog\u00eda de sensores: Seguimiento \u00f3ptico de alta precisi\u00f3n<br \/>\nN\u00famero de botones: 3 (clic izquierdo\/derecho, clic central)<br \/>\nDeslizamiento: de l\u00ednea a l\u00ednea<br \/>\nRueda de deslizaminto: 2D, mec\u00e1nico<br \/>\nBot\u00f3n de encendido\/apagado<br \/>\nDuraci\u00f3n de la bater\u00eda: 18 meses (1)<br \/>\n1 pilas AA<br \/>\nAlcance inal\u00e1mbrico: Hasta 10 m (3)<br \/>\nCompatible con: Windows 7, 8, 10 o posterior, Chrome OS<br \/>\n(1) La duraci\u00f3n de la pilas\/bater\u00edas del Mouse y del teclado depende del uso y de los dispositivos.<br \/>\n(2) Sometido a pruebas en condiciones limitadas (m\u00e1ximo de 60 ml de l\u00edquido). No sumerjas el teclado en ning\u00fan l\u00edquido.<br \/>\n(3) El radio de acci\u00f3n inal\u00e1mbrico depende de las condiciones de uso, del entorno y de los dispositivos.<br \/>\n(4) Requiere software Logitech. Disponible para descargar en el sitio web del fabricante.<\/p>\n","protected":false},"excerpt":{"rendered":"<p>&#8211;<\/p>\n","protected":false},"featured_media":15168,"template":"","meta":[],"pwb-brand":[],"product_brand":[],"product_cat":[186],"product_tag":[],"class_list":{"0":"post-15085","1":"product","2":"type-product","3":"status-publish","4":"has-post-thumbnail","6":"product_cat-186","8":"first","9":"outofstock","10":"taxable","11":"shipping-taxable","12":"purchasable","13":"product-type-simple"},"brands":[],"_links":{"self":[{"href":"https:\/\/tmp.compunegocios.com.pe\/index.php\/wp-json\/wp\/v2\/product\/15085","targetHints":{"allow":["GET"]}}],"collection":[{"href":"https:\/\/tmp.compunegocios.com.pe\/index.php\/wp-json\/wp\/v2\/product"}],"about":[{"href":"https:\/\/tmp.compunegocios.com.pe\/index.php\/wp-json\/wp\/v2\/types\/product"}],"wp:featuredmedia":[{"embeddable":true,"href":"https:\/\/tmp.compunegocios.com.pe\/index.php\/wp-json\/wp\/v2\/media\/15168"}],"wp:attachment":[{"href":"https:\/\/tmp.compunegocios.com.pe\/index.php\/wp-json\/wp\/v2\/media?parent=15085"}],"wp:term":[{"taxonomy":"pwb-brand","embeddable":true,"href":"https:\/\/tmp.compunegocios.com.pe\/index.php\/wp-json\/wp\/v2\/pwb-brand?post=15085"},{"taxonomy":"product_brand","embeddable":true,"href":"https:\/\/tmp.compunegocios.com.pe\/index.php\/wp-json\/wp\/v2\/product_brand?post=15085"},{"taxonomy":"product_cat","embeddable":true,"href":"https:\/\/tmp.compunegocios.com.pe\/index.php\/wp-json\/wp\/v2\/product_cat?post=15085"},{"taxonomy":"product_tag","embeddable":true,"href":"https:\/\/tmp.compunegocios.com.pe\/index.php\/wp-json\/wp\/v2\/product_tag?post=15085"}],"curies":[{"name":"wp","href":"https:\/\/api.w.org\/{rel}","templated":true}]}}