{"id":15086,"date":"2024-02-02T18:24:34","date_gmt":"2024-02-02T18:24:34","guid":{"rendered":"http:\/\/compunegocios.com.pe\/index.php\/product\/mouse-razer-cobra-chroma-rgb-lightweight-8500-dpi-black-pnrz01-04650100-r3m1\/"},"modified":"2025-08-19T17:33:53","modified_gmt":"2025-08-19T17:33:53","slug":"mouse-razer-cobra-chroma-rgb-lightweight-8500-dpi-black-pnrz01-04650100-r3m1","status":"publish","type":"product","link":"https:\/\/tmp.compunegocios.com.pe\/index.php\/product\/mouse-razer-cobra-chroma-rgb-lightweight-8500-dpi-black-pnrz01-04650100-r3m1\/","title":{"rendered":"MOUSE INALAMBRICO BLUETOOTH LOGITECH PEBBLE M350 ROSA"},"content":{"rendered":"<p>MOUSE INALAMBRICO BLUETOOTH LOGITECH PEBBLE M350 ROSA<\/p>\n<p>Tecnolog\u00eda de sensor: Seguimiento \u00f3ptico de alta precisi\u00f3n<br \/>\nResoluci\u00f3n de sensor: 1000 DPI<br \/>\nN\u00famero de botones: 3<br \/>\nRueda de desplazamiento: S\u00ed \u2013 Mec\u00e1nico<br \/>\nBotones de desplazamiento: Bot\u00f3n central<br \/>\nMouse apto para Unifying: S\u00ed<br \/>\nReceptor apto para Unifying: No<br \/>\nPilas: 18 meses<br \/>\nTipo de bater\u00edas: Una bater\u00eda AA preinstalada<br \/>\nTecnolog\u00eda inal\u00e1mbrica: Tecnolog\u00eda Bluetooth de bajo consumo.<br \/>\nDistancia de funcionamiento inal\u00e1mbrico: 10 metros.<br \/>\nRequiere: Puerto USB disponible<br \/>\nCompatibilidad Receptor: Windows\u00ae 8, 10, 11 o posterior, Mac 10.15 o posterior, ChromeOS, Certified Works With Chromebook, Linux Kernel 2.6+<br \/>\nCompatibilidad Bluetooth: Tecnolog\u00eda Bluetooth de bajo consumo, Windows\u00ae 8, 10, 11 o posterior, Mac 10.15 o posterior iPadOS 14 o posterior, Chrome OS\u2122, Android\u2122 8 o posterior.<\/p>\n","protected":false},"excerpt":{"rendered":"<p>&#8211;<\/p>\n","protected":false},"featured_media":15174,"template":"","meta":[],"pwb-brand":[],"product_brand":[],"product_cat":[194],"product_tag":[],"class_list":{"0":"post-15086","1":"product","2":"type-product","3":"status-publish","4":"has-post-thumbnail","6":"product_cat-194","8":"first","9":"outofstock","10":"taxable","11":"shipping-taxable","12":"purchasable","13":"product-type-simple"},"brands":[],"_links":{"self":[{"href":"https:\/\/tmp.compunegocios.com.pe\/index.php\/wp-json\/wp\/v2\/product\/15086","targetHints":{"allow":["GET"]}}],"collection":[{"href":"https:\/\/tmp.compunegocios.com.pe\/index.php\/wp-json\/wp\/v2\/product"}],"about":[{"href":"https:\/\/tmp.compunegocios.com.pe\/index.php\/wp-json\/wp\/v2\/types\/product"}],"wp:featuredmedia":[{"embeddable":true,"href":"https:\/\/tmp.compunegocios.com.pe\/index.php\/wp-json\/wp\/v2\/media\/15174"}],"wp:attachment":[{"href":"https:\/\/tmp.compunegocios.com.pe\/index.php\/wp-json\/wp\/v2\/media?parent=15086"}],"wp:term":[{"taxonomy":"pwb-brand","embeddable":true,"href":"https:\/\/tmp.compunegocios.com.pe\/index.php\/wp-json\/wp\/v2\/pwb-brand?post=15086"},{"taxonomy":"product_brand","embeddable":true,"href":"https:\/\/tmp.compunegocios.com.pe\/index.php\/wp-json\/wp\/v2\/product_brand?post=15086"},{"taxonomy":"product_cat","embeddable":true,"href":"https:\/\/tmp.compunegocios.com.pe\/index.php\/wp-json\/wp\/v2\/product_cat?post=15086"},{"taxonomy":"product_tag","embeddable":true,"href":"https:\/\/tmp.compunegocios.com.pe\/index.php\/wp-json\/wp\/v2\/product_tag?post=15086"}],"curies":[{"name":"wp","href":"https:\/\/api.w.org\/{rel}","templated":true}]}}