{"id":15087,"date":"2024-02-02T18:33:56","date_gmt":"2024-02-02T18:33:56","guid":{"rendered":"http:\/\/compunegocios.com.pe\/index.php\/product\/camara-logitech-c920s-pro-hd-black-960-001257\/"},"modified":"2025-09-01T21:21:01","modified_gmt":"2025-09-01T21:21:01","slug":"camara-logitech-c920s-pro-hd-black-960-001257","status":"publish","type":"product","link":"https:\/\/tmp.compunegocios.com.pe\/index.php\/product\/camara-logitech-c920s-pro-hd-black-960-001257\/","title":{"rendered":"CAMARA LOGITECH C920S PRO HD BLACK 960-001257"},"content":{"rendered":"<p>CAMARA LOGITECH C920S PRO HD BLACK 960-001257<\/p>\n<p>MARCA: LOGITECH<br \/>\nMODELO: C920S<br \/>\nN\u00daMERO DE PARTE: 960-001257<\/p>\n<p>CARACTERISTICAS<br \/>\nLUZ<br \/>\nGrabe con poca luz cambiante o luz directa completa.<br \/>\nEl enfoque autom\u00e1tico HD y la correcci\u00f3n de luz<br \/>\nincorporados ajustan el video a las condiciones.<br \/>\nObtendr\u00e1 una imagen n\u00edtida y de alta definici\u00f3n cada vez.<br \/>\nFULL HD<br \/>\nChatee y grabe videos vibrantes y realistas. La lente de<br \/>\ncristal y Full HD 1080p a 30 fps capturan cada detalle y<br \/>\ncolores brillantes y naturales. El campo de visi\u00f3n de 78 \u00b0<br \/>\npuede enmarcar hasta dos personas a la vez. Use el<br \/>\nsoftware Logitech Capture para hacer zoom y paneo.<br \/>\nCAPTURA<br \/>\nCon Logitech Capture, puede comenzar a grabar contenido<br \/>\nde video de alta calidad en el momento en que conecte su<br \/>\nnueva c\u00e1mara web. Le permite personalizar grabaciones,<br \/>\najustar la configuraci\u00f3n de su c\u00e1mara e incluso crear video<br \/>\nvertical, todo con una interfaz intuitiva.<br \/>\nAUDIO<br \/>\nDos micr\u00f3fonos integrados capturan audio desde todos los<br \/>\n\u00e1ngulos, por lo que su voz siempre suena natural y clara.<\/p>\n<p>ESPECIFICACIONES<br \/>\nDIMENSIONES: Altura x Ancho x Profundidad: 1.14 pulg. (29 mm) x 3.70<br \/>\nSIN CLIP\t(94 mm) x .94 (24 mm)<br \/>\nLONGITUD DEL CABLE\t5 pies (1,5 m)<br \/>\nCLIP INCLUIDO: Altura x Ancho x Profundidad: 1,70 pulg. (43,3 mm) x 3,70<br \/>\npulg. (94 mm) x 2,80 pulg. (71 mm)<br \/>\nRESOLUCI\u00d3N MAX.: 1080p \/ 30fps &#8211; 720p \/ 30fps<br \/>\nENFOQUE: Autom\u00e1tico<br \/>\nLONG. CABLE: 5 pies (1.5 m)<\/p>\n","protected":false},"excerpt":{"rendered":"<p>&#8211;<\/p>\n","protected":false},"featured_media":15177,"template":"","meta":[],"pwb-brand":[],"product_brand":[],"product_cat":[160],"product_tag":[],"class_list":{"0":"post-15087","1":"product","2":"type-product","3":"status-publish","4":"has-post-thumbnail","6":"product_cat-160","8":"first","9":"instock","10":"taxable","11":"shipping-taxable","12":"purchasable","13":"product-type-simple"},"brands":[],"_links":{"self":[{"href":"https:\/\/tmp.compunegocios.com.pe\/index.php\/wp-json\/wp\/v2\/product\/15087","targetHints":{"allow":["GET"]}}],"collection":[{"href":"https:\/\/tmp.compunegocios.com.pe\/index.php\/wp-json\/wp\/v2\/product"}],"about":[{"href":"https:\/\/tmp.compunegocios.com.pe\/index.php\/wp-json\/wp\/v2\/types\/product"}],"wp:featuredmedia":[{"embeddable":true,"href":"https:\/\/tmp.compunegocios.com.pe\/index.php\/wp-json\/wp\/v2\/media\/15177"}],"wp:attachment":[{"href":"https:\/\/tmp.compunegocios.com.pe\/index.php\/wp-json\/wp\/v2\/media?parent=15087"}],"wp:term":[{"taxonomy":"pwb-brand","embeddable":true,"href":"https:\/\/tmp.compunegocios.com.pe\/index.php\/wp-json\/wp\/v2\/pwb-brand?post=15087"},{"taxonomy":"product_brand","embeddable":true,"href":"https:\/\/tmp.compunegocios.com.pe\/index.php\/wp-json\/wp\/v2\/product_brand?post=15087"},{"taxonomy":"product_cat","embeddable":true,"href":"https:\/\/tmp.compunegocios.com.pe\/index.php\/wp-json\/wp\/v2\/product_cat?post=15087"},{"taxonomy":"product_tag","embeddable":true,"href":"https:\/\/tmp.compunegocios.com.pe\/index.php\/wp-json\/wp\/v2\/product_tag?post=15087"}],"curies":[{"name":"wp","href":"https:\/\/api.w.org\/{rel}","templated":true}]}}