{"id":15089,"date":"2024-02-03T17:38:32","date_gmt":"2024-02-03T17:38:32","guid":{"rendered":"http:\/\/compunegocios.com.pe\/index.php\/product\/camara-web-logitech-brio-100-full-hd-1080p-grafito-con-tapa-de-privacidad-y-microfono-integrado\/"},"modified":"2025-08-19T17:33:55","modified_gmt":"2025-08-19T17:33:55","slug":"camara-web-logitech-brio-100-full-hd-1080p-grafito-con-tapa-de-privacidad-y-microfono-integrado","status":"publish","type":"product","link":"https:\/\/tmp.compunegocios.com.pe\/index.php\/product\/camara-web-logitech-brio-100-full-hd-1080p-grafito-con-tapa-de-privacidad-y-microfono-integrado\/","title":{"rendered":"C\u00c1MARA WEB LOGITECH BRIO 100 FULL HD 1080P GRAFITO CON TAPA DE PRIVACIDAD Y MICR\u00d3FONO INTEGRADO"},"content":{"rendered":"<p>C\u00c1MARA WEB LOGITECH BRIO 100 FULL HD 1080P GRAFITO CON TAPA DE PRIVACIDAD Y MICR\u00d3FONO INTEGRADO<\/p>\n<p>Especificaciones t\u00e9cnicas<br \/>\nM\u00faltiples resoluciones<br \/>\n1080p\/30 fps (1920 x 1080 p\u00edxeles)<br \/>\n720p\/30 fps (1280 x 720 p\u00edxeles)<br \/>\nMegap\u00edxeles de c\u00e1mara: 2 MP<br \/>\nTipo de enfoque: Foco fijo<br \/>\nTipo de lente: Lente especial de pl\u00e1stico de 4 elementos con revestimiento antirreflectante<br \/>\n(Se requieren al menos 2 GB de RAM para streaming de video 1080p y suele hacer falta 1 GB para streaming 720p)<\/p>\n<p>Tipo de micr\u00f3fono integrado<br \/>\nMicr\u00f3fono omnidireccional<br \/>\nRadio de acci\u00f3n del micr\u00f3fono: Hasta 1 m<br \/>\nCampo visual diagonal (dFoV): 58\u00b0<br \/>\nTapa de privacidad integrada<br \/>\nConectividad USB: Plug and Play USB-A<br \/>\nCorrecci\u00f3n de iluminaci\u00f3n autom\u00e1tica RightLight 2 para luces dif\u00edciles<\/p>\n","protected":false},"excerpt":{"rendered":"<p>&#8211;<\/p>\n","protected":false},"featured_media":15181,"template":"","meta":[],"pwb-brand":[],"product_brand":[],"product_cat":[160],"product_tag":[],"class_list":{"0":"post-15089","1":"product","2":"type-product","3":"status-publish","4":"has-post-thumbnail","6":"product_cat-160","8":"first","9":"outofstock","10":"taxable","11":"shipping-taxable","12":"purchasable","13":"product-type-simple"},"brands":[],"_links":{"self":[{"href":"https:\/\/tmp.compunegocios.com.pe\/index.php\/wp-json\/wp\/v2\/product\/15089","targetHints":{"allow":["GET"]}}],"collection":[{"href":"https:\/\/tmp.compunegocios.com.pe\/index.php\/wp-json\/wp\/v2\/product"}],"about":[{"href":"https:\/\/tmp.compunegocios.com.pe\/index.php\/wp-json\/wp\/v2\/types\/product"}],"wp:featuredmedia":[{"embeddable":true,"href":"https:\/\/tmp.compunegocios.com.pe\/index.php\/wp-json\/wp\/v2\/media\/15181"}],"wp:attachment":[{"href":"https:\/\/tmp.compunegocios.com.pe\/index.php\/wp-json\/wp\/v2\/media?parent=15089"}],"wp:term":[{"taxonomy":"pwb-brand","embeddable":true,"href":"https:\/\/tmp.compunegocios.com.pe\/index.php\/wp-json\/wp\/v2\/pwb-brand?post=15089"},{"taxonomy":"product_brand","embeddable":true,"href":"https:\/\/tmp.compunegocios.com.pe\/index.php\/wp-json\/wp\/v2\/product_brand?post=15089"},{"taxonomy":"product_cat","embeddable":true,"href":"https:\/\/tmp.compunegocios.com.pe\/index.php\/wp-json\/wp\/v2\/product_cat?post=15089"},{"taxonomy":"product_tag","embeddable":true,"href":"https:\/\/tmp.compunegocios.com.pe\/index.php\/wp-json\/wp\/v2\/product_tag?post=15089"}],"curies":[{"name":"wp","href":"https:\/\/api.w.org\/{rel}","templated":true}]}}