{"id":15094,"date":"2024-02-03T18:06:56","date_gmt":"2024-02-03T18:06:56","guid":{"rendered":"http:\/\/compunegocios.com.pe\/index.php\/product\/microfono-logitech-blue-yeti-nano-usb-streaming\/"},"modified":"2025-08-19T17:34:00","modified_gmt":"2025-08-19T17:34:00","slug":"microfono-logitech-blue-yeti-nano-usb-streaming","status":"publish","type":"product","link":"https:\/\/tmp.compunegocios.com.pe\/index.php\/product\/microfono-logitech-blue-yeti-nano-usb-streaming\/","title":{"rendered":"MICROFONO LOGITECH BLUE YETI NANO USB STREAMING NEGRO"},"content":{"rendered":"<p>MICROFONO LOGITECH BLUE YETI NANO USB STREAMING  NEGRO<\/p>\n<p>El micr\u00f3fono USB premium Yeti Nano ofrece sonido con calidad de difusi\u00f3n para podcasts, v\u00eddeos de YouTube, streaming en Twitch y llamadas con Zoom. Inspirado en el legendario Yeti, Yeti Nano combina una fabulosa calidad de sonido y excelentes efectos de voz Blue VO!CE para streaming y grabaciones profesionales. *Requiere la descarga e instalaci\u00f3n del software gratuito Logitech G HUB.<\/p>\n<p>MICR\u00d3FONO Y RENDIMIENTO<br \/>\nEnerg\u00eda requerida\/consumo: 5 V 150 mA<br \/>\nFrecuencia de muestreo: 48 kHz<br \/>\nFrecuencia de bits: 24 bits<br \/>\nC\u00e1psulas: 2 c\u00e1psulas de condensador de 14 mm exclusivas<br \/>\nPatrones polares: Cardioide, omnidireccional<br \/>\nRespuesta de frecuencia: 20 Hz &#8211; 20 kHz<br \/>\nSensibilidad: 4,5 mV\/Pa (1 kHz)<br \/>\nSPL m\u00e1x.: 120 dB (THD: 0,5% 1 kHz)<br \/>\nDimensiones (micr\u00f3fono con soporte): L: 10,9 cm An: 9,6 cm Al: 21,1 cm<br \/>\nPeso: 0,63 kg<\/p>\n<p>AMPLIFICADOR DE AURICULARES<br \/>\nImpedancia: &gt;16 ohmios<br \/>\nPotencia de salida en vatios reales (RMS): 58 mW por canal (carga R = 16 ohmios)<br \/>\nTHD: 0.009%<br \/>\nRespuesta de frecuencia: 15 Hz &#8211; 22 kHz<br \/>\nRelaci\u00f3n se\u00f1al\/ruido: 100 dB<\/p>\n","protected":false},"excerpt":{"rendered":"<p>&#8211;<\/p>\n","protected":false},"featured_media":15202,"template":"","meta":[],"pwb-brand":[],"product_brand":[],"product_cat":[160],"product_tag":[],"class_list":{"0":"post-15094","1":"product","2":"type-product","3":"status-publish","4":"has-post-thumbnail","6":"product_cat-160","8":"first","9":"instock","10":"taxable","11":"shipping-taxable","12":"purchasable","13":"product-type-simple"},"brands":[],"_links":{"self":[{"href":"https:\/\/tmp.compunegocios.com.pe\/index.php\/wp-json\/wp\/v2\/product\/15094","targetHints":{"allow":["GET"]}}],"collection":[{"href":"https:\/\/tmp.compunegocios.com.pe\/index.php\/wp-json\/wp\/v2\/product"}],"about":[{"href":"https:\/\/tmp.compunegocios.com.pe\/index.php\/wp-json\/wp\/v2\/types\/product"}],"wp:featuredmedia":[{"embeddable":true,"href":"https:\/\/tmp.compunegocios.com.pe\/index.php\/wp-json\/wp\/v2\/media\/15202"}],"wp:attachment":[{"href":"https:\/\/tmp.compunegocios.com.pe\/index.php\/wp-json\/wp\/v2\/media?parent=15094"}],"wp:term":[{"taxonomy":"pwb-brand","embeddable":true,"href":"https:\/\/tmp.compunegocios.com.pe\/index.php\/wp-json\/wp\/v2\/pwb-brand?post=15094"},{"taxonomy":"product_brand","embeddable":true,"href":"https:\/\/tmp.compunegocios.com.pe\/index.php\/wp-json\/wp\/v2\/product_brand?post=15094"},{"taxonomy":"product_cat","embeddable":true,"href":"https:\/\/tmp.compunegocios.com.pe\/index.php\/wp-json\/wp\/v2\/product_cat?post=15094"},{"taxonomy":"product_tag","embeddable":true,"href":"https:\/\/tmp.compunegocios.com.pe\/index.php\/wp-json\/wp\/v2\/product_tag?post=15094"}],"curies":[{"name":"wp","href":"https:\/\/api.w.org\/{rel}","templated":true}]}}