{"id":15138,"date":"2024-02-03T23:03:21","date_gmt":"2024-02-03T23:03:21","guid":{"rendered":"http:\/\/compunegocios.com.pe\/index.php\/product\/mouse-inalambrico-logitech-m280-azul\/"},"modified":"2025-08-19T17:34:06","modified_gmt":"2025-08-19T17:34:06","slug":"mouse-inalambrico-logitech-m280-azul","status":"publish","type":"product","link":"https:\/\/tmp.compunegocios.com.pe\/index.php\/product\/mouse-inalambrico-logitech-m280-azul\/","title":{"rendered":"MOUSE INALAMBRICO LOGITECH M280 AZUL"},"content":{"rendered":"<p>MOUSE INALAMBRICO LOGITECH M280 AZUL<\/p>\n<p>Tecnolog\u00eda de sensor: Seguimiento \u00f3ptico de alta precisi\u00f3n.<br \/>\nDPI (m\u00edn.\/m\u00e1x.): 1000\u00b1.<br \/>\nN\u00famero de botones: 3 (click izquierdo\/derecho, click de bot\u00f3n central).<br \/>\nRueda de desplazamiento: S\u00ed, hule, 2D, mec\u00e1nico.<br \/>\nPilas: 18 meses.<br \/>\nDetalles de bater\u00eda: 1 x AA (incluida).<br \/>\nTipo de conexi\u00f3n: Conexi\u00f3n inal\u00e1mbrica de 2.4 GHz.<br \/>\nRadio de acci\u00f3n inal\u00e1mbrico: 10 metros.<br \/>\nSoftware para personalizaci\u00f3n: Logi Options+.<br \/>\nRequiere: Puerto USB disponible<br \/>\nCompatibilidad: Windows\u00ae 10,11 o posterior, macOS 10.5 o posterior, ChromeOS\u2122, Kernel de Linux\u00ae 2.6+.<\/p>\n","protected":false},"excerpt":{"rendered":"<p>&#8211;<\/p>\n","protected":false},"featured_media":15232,"template":"","meta":[],"pwb-brand":[],"product_brand":[],"product_cat":[193],"product_tag":[],"class_list":{"0":"post-15138","1":"product","2":"type-product","3":"status-publish","4":"has-post-thumbnail","6":"product_cat-193","8":"first","9":"instock","10":"taxable","11":"shipping-taxable","12":"purchasable","13":"product-type-simple"},"brands":[],"_links":{"self":[{"href":"https:\/\/tmp.compunegocios.com.pe\/index.php\/wp-json\/wp\/v2\/product\/15138","targetHints":{"allow":["GET"]}}],"collection":[{"href":"https:\/\/tmp.compunegocios.com.pe\/index.php\/wp-json\/wp\/v2\/product"}],"about":[{"href":"https:\/\/tmp.compunegocios.com.pe\/index.php\/wp-json\/wp\/v2\/types\/product"}],"wp:featuredmedia":[{"embeddable":true,"href":"https:\/\/tmp.compunegocios.com.pe\/index.php\/wp-json\/wp\/v2\/media\/15232"}],"wp:attachment":[{"href":"https:\/\/tmp.compunegocios.com.pe\/index.php\/wp-json\/wp\/v2\/media?parent=15138"}],"wp:term":[{"taxonomy":"pwb-brand","embeddable":true,"href":"https:\/\/tmp.compunegocios.com.pe\/index.php\/wp-json\/wp\/v2\/pwb-brand?post=15138"},{"taxonomy":"product_brand","embeddable":true,"href":"https:\/\/tmp.compunegocios.com.pe\/index.php\/wp-json\/wp\/v2\/product_brand?post=15138"},{"taxonomy":"product_cat","embeddable":true,"href":"https:\/\/tmp.compunegocios.com.pe\/index.php\/wp-json\/wp\/v2\/product_cat?post=15138"},{"taxonomy":"product_tag","embeddable":true,"href":"https:\/\/tmp.compunegocios.com.pe\/index.php\/wp-json\/wp\/v2\/product_tag?post=15138"}],"curies":[{"name":"wp","href":"https:\/\/api.w.org\/{rel}","templated":true}]}}