{"id":15224,"date":"2024-02-07T23:56:26","date_gmt":"2024-02-07T23:56:26","guid":{"rendered":"http:\/\/compunegocios.com.pe\/index.php\/product\/soporte-de-aluminio-para-laptop-silver\/"},"modified":"2025-08-30T21:12:53","modified_gmt":"2025-08-30T21:12:53","slug":"soporte-de-aluminio-para-laptop-silver","status":"publish","type":"product","link":"https:\/\/tmp.compunegocios.com.pe\/index.php\/product\/soporte-de-aluminio-para-laptop-silver\/","title":{"rendered":"SOPORTE DE ALUMINIO PARA LAPTOP  SILVER"},"content":{"rendered":"<p>SOPORTE DE ALUMINIO PARA LAPTOP  SILVER<\/p>\n<p>Soporte de ALUMINIO plegable para laptops de hasta 15.6\u00bb. El dise\u00f1o pensado en la ergonom\u00eda le permite colocar hasta 6 niveles de altura a su laptop o tablet. Esto evitar\u00e1 que usted tenga mala postura al estar frente a la pantalla.<\/p>\n<p>Adem\u00e1s, cuenta con pads en las partes superior e inferior para evitar resbalos<\/p>\n<p>Plegable y port\u00e1til<br \/>\nAjustable para laptops de hasta 15.6\u00bb (15.6 pulgadas)<br \/>\nMaterial: Aluminio<br \/>\nM\u00faltiples \u00e1ngulos y ajuste de altura<br \/>\nDimensiones (L x A): 25 x 18.5 cm<br \/>\nAlturas m\u00ednima y m\u00e1xima: 7.5 &#8211; 14.5 cm<br \/>\nDise\u00f1o ergon\u00f3mico<br \/>\nAntideslizante<br \/>\nCapacidad m\u00e1xima: 20 kg<br \/>\nAjustable hasta 7 alturas<br \/>\nPeso: 260 g<\/p>\n","protected":false},"excerpt":{"rendered":"<p>&#8211;<\/p>\n","protected":false},"featured_media":15252,"template":"","meta":[],"pwb-brand":[],"product_brand":[],"product_cat":[38],"product_tag":[],"class_list":{"0":"post-15224","1":"product","2":"type-product","3":"status-publish","4":"has-post-thumbnail","6":"product_cat-38","8":"first","9":"instock","10":"taxable","11":"shipping-taxable","12":"purchasable","13":"product-type-simple"},"brands":[],"_links":{"self":[{"href":"https:\/\/tmp.compunegocios.com.pe\/index.php\/wp-json\/wp\/v2\/product\/15224","targetHints":{"allow":["GET"]}}],"collection":[{"href":"https:\/\/tmp.compunegocios.com.pe\/index.php\/wp-json\/wp\/v2\/product"}],"about":[{"href":"https:\/\/tmp.compunegocios.com.pe\/index.php\/wp-json\/wp\/v2\/types\/product"}],"wp:featuredmedia":[{"embeddable":true,"href":"https:\/\/tmp.compunegocios.com.pe\/index.php\/wp-json\/wp\/v2\/media\/15252"}],"wp:attachment":[{"href":"https:\/\/tmp.compunegocios.com.pe\/index.php\/wp-json\/wp\/v2\/media?parent=15224"}],"wp:term":[{"taxonomy":"pwb-brand","embeddable":true,"href":"https:\/\/tmp.compunegocios.com.pe\/index.php\/wp-json\/wp\/v2\/pwb-brand?post=15224"},{"taxonomy":"product_brand","embeddable":true,"href":"https:\/\/tmp.compunegocios.com.pe\/index.php\/wp-json\/wp\/v2\/product_brand?post=15224"},{"taxonomy":"product_cat","embeddable":true,"href":"https:\/\/tmp.compunegocios.com.pe\/index.php\/wp-json\/wp\/v2\/product_cat?post=15224"},{"taxonomy":"product_tag","embeddable":true,"href":"https:\/\/tmp.compunegocios.com.pe\/index.php\/wp-json\/wp\/v2\/product_tag?post=15224"}],"curies":[{"name":"wp","href":"https:\/\/api.w.org\/{rel}","templated":true}]}}