{"id":15317,"date":"2024-02-12T21:46:00","date_gmt":"2024-02-12T21:46:00","guid":{"rendered":"http:\/\/compunegocios.com.pe\/index.php\/product\/tableta-grafica-genius-easypen-i405x\/"},"modified":"2025-08-19T16:18:00","modified_gmt":"2025-08-19T16:18:00","slug":"tableta-grafica-genius-easypen-i405x","status":"publish","type":"product","link":"https:\/\/tmp.compunegocios.com.pe\/index.php\/product\/tableta-grafica-genius-easypen-i405x\/","title":{"rendered":"TABLETA GRAFICA GENIUS EASYPEN I405X"},"content":{"rendered":"<p>TABLETA GRAFICA GENIUS EASYPEN I405X<\/p>\n<p>DESCRIPCI\u00d3N:<br \/>\nUna tableta gr\u00e1fica es esencial para aquellos que se dedican al complejo mundo del dise\u00f1o y retoque por ordenador, ya sea en la edici\u00f3n de fotograf\u00eda, modelado 3D o incluso grandes planos de edificios u otras construcciones. Tener una buena tableta marca la diferencia a la hora de trabajar en estos entornos y es mucho m\u00e1s c\u00f3modo que usar un rat\u00f3n tradicional, a parte de tener m\u00e1s control y precisi\u00f3n.<\/p>\n<p>CARACTERISTICAS:<br \/>\n\u2022 Marca GENIUS<br \/>\n\u2022 Modelo EASYPEN I405X<br \/>\n\u2022 Interface USB<br \/>\n\u2022 Dimen. \u00c1rea de Trabajo 4X5.5<br \/>\n\u2022 Resoluci\u00f3n 2560 LPI<br \/>\n\u2022 Sensibilidad de presi\u00f3n 1024<br \/>\n\u2022 Sistema compatible Windows 7 \/ XP \/ Vista<\/p>\n","protected":false},"excerpt":{"rendered":"<p>&#8211;<\/p>\n","protected":false},"featured_media":15388,"template":"","meta":[],"pwb-brand":[],"product_brand":[],"product_cat":[197],"product_tag":[],"class_list":{"0":"post-15317","1":"product","2":"type-product","3":"status-publish","4":"has-post-thumbnail","6":"product_cat-197","8":"first","9":"outofstock","10":"taxable","11":"shipping-taxable","12":"purchasable","13":"product-type-simple"},"brands":[],"_links":{"self":[{"href":"https:\/\/tmp.compunegocios.com.pe\/index.php\/wp-json\/wp\/v2\/product\/15317","targetHints":{"allow":["GET"]}}],"collection":[{"href":"https:\/\/tmp.compunegocios.com.pe\/index.php\/wp-json\/wp\/v2\/product"}],"about":[{"href":"https:\/\/tmp.compunegocios.com.pe\/index.php\/wp-json\/wp\/v2\/types\/product"}],"wp:featuredmedia":[{"embeddable":true,"href":"https:\/\/tmp.compunegocios.com.pe\/index.php\/wp-json\/wp\/v2\/media\/15388"}],"wp:attachment":[{"href":"https:\/\/tmp.compunegocios.com.pe\/index.php\/wp-json\/wp\/v2\/media?parent=15317"}],"wp:term":[{"taxonomy":"pwb-brand","embeddable":true,"href":"https:\/\/tmp.compunegocios.com.pe\/index.php\/wp-json\/wp\/v2\/pwb-brand?post=15317"},{"taxonomy":"product_brand","embeddable":true,"href":"https:\/\/tmp.compunegocios.com.pe\/index.php\/wp-json\/wp\/v2\/product_brand?post=15317"},{"taxonomy":"product_cat","embeddable":true,"href":"https:\/\/tmp.compunegocios.com.pe\/index.php\/wp-json\/wp\/v2\/product_cat?post=15317"},{"taxonomy":"product_tag","embeddable":true,"href":"https:\/\/tmp.compunegocios.com.pe\/index.php\/wp-json\/wp\/v2\/product_tag?post=15317"}],"curies":[{"name":"wp","href":"https:\/\/api.w.org\/{rel}","templated":true}]}}