{"id":15320,"date":"2024-02-13T16:16:20","date_gmt":"2024-02-13T16:16:20","guid":{"rendered":"http:\/\/compunegocios.com.pe\/index.php\/product\/cable-de-alimentacion-iram-2063-iec227-lf\/"},"modified":"2025-08-19T16:18:03","modified_gmt":"2025-08-19T16:18:03","slug":"cable-de-alimentacion-iram-2063-iec227-lf","status":"publish","type":"product","link":"https:\/\/tmp.compunegocios.com.pe\/index.php\/product\/cable-de-alimentacion-iram-2063-iec227-lf\/","title":{"rendered":"CABLE DE ALIMENTACI\u00d3N IRAM 2063 IEC227 LF"},"content":{"rendered":"<p>CABLE DE ALIMENTACI\u00d3N IRAM 2063 IEC227 LF  <\/p>\n<p>Aplicaci\u00f3n: electrodom\u00e9sticos, ordenadores, monitores, impresoras, ordenadores port\u00e1tiles, etc.<\/p>\n<p>disponible Cordones<br \/>\nH03VVH2-F\t2 x 0,75<br \/>\nClasificaci\u00f3n<br \/>\n2.5A\t250V ~<\/p>\n","protected":false},"excerpt":{"rendered":"<p>&#8211;<\/p>\n","protected":false},"featured_media":15398,"template":"","meta":[],"pwb-brand":[],"product_brand":[],"product_cat":[245],"product_tag":[],"class_list":{"0":"post-15320","1":"product","2":"type-product","3":"status-publish","4":"has-post-thumbnail","6":"product_cat-245","8":"first","9":"outofstock","10":"taxable","11":"shipping-taxable","12":"purchasable","13":"product-type-simple"},"brands":[],"_links":{"self":[{"href":"https:\/\/tmp.compunegocios.com.pe\/index.php\/wp-json\/wp\/v2\/product\/15320","targetHints":{"allow":["GET"]}}],"collection":[{"href":"https:\/\/tmp.compunegocios.com.pe\/index.php\/wp-json\/wp\/v2\/product"}],"about":[{"href":"https:\/\/tmp.compunegocios.com.pe\/index.php\/wp-json\/wp\/v2\/types\/product"}],"wp:featuredmedia":[{"embeddable":true,"href":"https:\/\/tmp.compunegocios.com.pe\/index.php\/wp-json\/wp\/v2\/media\/15398"}],"wp:attachment":[{"href":"https:\/\/tmp.compunegocios.com.pe\/index.php\/wp-json\/wp\/v2\/media?parent=15320"}],"wp:term":[{"taxonomy":"pwb-brand","embeddable":true,"href":"https:\/\/tmp.compunegocios.com.pe\/index.php\/wp-json\/wp\/v2\/pwb-brand?post=15320"},{"taxonomy":"product_brand","embeddable":true,"href":"https:\/\/tmp.compunegocios.com.pe\/index.php\/wp-json\/wp\/v2\/product_brand?post=15320"},{"taxonomy":"product_cat","embeddable":true,"href":"https:\/\/tmp.compunegocios.com.pe\/index.php\/wp-json\/wp\/v2\/product_cat?post=15320"},{"taxonomy":"product_tag","embeddable":true,"href":"https:\/\/tmp.compunegocios.com.pe\/index.php\/wp-json\/wp\/v2\/product_tag?post=15320"}],"curies":[{"name":"wp","href":"https:\/\/api.w.org\/{rel}","templated":true}]}}