{"id":15360,"date":"2024-02-26T18:04:39","date_gmt":"2024-02-26T18:04:39","guid":{"rendered":"http:\/\/compunegocios.com.pe\/index.php\/product\/tarjeta-de-video-asus-dual-geforce-rtx-3050-oc-8gb-gddr6-128-bits\/"},"modified":"2025-09-24T17:16:35","modified_gmt":"2025-09-24T17:16:35","slug":"tarjeta-de-video-asus-dual-geforce-rtx-3050-oc-8gb-gddr6-128-bits","status":"publish","type":"product","link":"https:\/\/tmp.compunegocios.com.pe\/index.php\/product\/tarjeta-de-video-asus-dual-geforce-rtx-3050-oc-8gb-gddr6-128-bits\/","title":{"rendered":"TARJETA DE VIDEO ASUS DUAL GEFORCE RTX 3050  OC 8GB GDDR6 128 BITS  PN: 90YV0HH0-M0AA00"},"content":{"rendered":"<p>TARJETA DE VIDEO ASUS DUAL GEFORCE RTX 3050  OC 8GB GDDR6 128 BITS<br \/>\nPN: 90YV0HH0-M0AA00 <\/p>\n<p>MODELO: ASUS DUAL GEFORCE RTX 3050 8GB<br \/>\nMOTOR GR\u00c1FICO: NVIDIA GEFORCE RTX 3050<br \/>\nEST\u00c1NDAD DE AUTOB\u00daS: PCI-EXPRES 4.0<br \/>\nOPEN GL: OPEN GL 4.6<br \/>\nMEMORIA DE VIDEO: 8GB GDDR6<br \/>\nRELOJ DEL MOTOR: MODO OC: 1807 MHZ<br \/>\nMODO DE JUEGO: 1777 MHZ<br \/>\nN\u00daCLEO CUDA: 2560<br \/>\nVELOCIDAD DE LA MEMORIA: 14 GBPS<br \/>\nINTERFAZ DE LA MEMORIA: 128 BITS<br \/>\nRESOLUCI\u00d3N: RESOLUCI\u00d3N M\u00c1XIMA DIGITAL 7680 X 4320<br \/>\nINTERFAZ: SI X1 (HDMI 2.1 NATIVO)<br \/>\n                   SI X 3 (DISPLAY 1.4A  NATIVO)<br \/>\n                  COMPATIBILIDAD CON HDCP SI (2.3)<br \/>\nSOPORTE M\u00c1XIMO DE PANTALLA: 4<br \/>\nSOPORTE NVLINK\/CROSSFIRE: NO<br \/>\nSOFTWARE:CONTROLADOR AUS GPU TWEAK II Y GEFORCE GAME READY Y CONTROLADOR STUDIO: DESCARGUE TODO EL<br \/>\n                     SOFTWARE DESDE EL SITIO  DE SOPORTE.<br \/>\nFUENTE DE ALIMENTACI\u00d3N RECOMENDADA: 550W<br \/>\nCONECTORES DE ALIMENTASCI\u00d3N: 1X8 PINES<br \/>\nRANURA: 2 RANURAS<br \/>\nDIMENSIONES: 200 X 123 X 38 MM<br \/>\n                          7,87 X 4,84 X 1,496 PULGADAS<\/p>\n","protected":false},"excerpt":{"rendered":"<p>&#8211;<\/p>\n","protected":false},"featured_media":15407,"template":"","meta":[],"pwb-brand":[339,342],"product_brand":[],"product_cat":[151],"product_tag":[],"class_list":{"0":"post-15360","1":"product","2":"type-product","3":"status-publish","4":"has-post-thumbnail","6":"pwb-brand-asus","7":"pwb-brand-nvidia-rtx","8":"product_cat-151","10":"first","11":"instock","12":"taxable","13":"shipping-taxable","14":"purchasable","15":"product-type-simple"},"brands":[{"id":339,"name":"Asus","slug":"asus"},{"id":342,"name":"Nvidia RTX","slug":"nvidia-rtx"}],"_links":{"self":[{"href":"https:\/\/tmp.compunegocios.com.pe\/index.php\/wp-json\/wp\/v2\/product\/15360","targetHints":{"allow":["GET"]}}],"collection":[{"href":"https:\/\/tmp.compunegocios.com.pe\/index.php\/wp-json\/wp\/v2\/product"}],"about":[{"href":"https:\/\/tmp.compunegocios.com.pe\/index.php\/wp-json\/wp\/v2\/types\/product"}],"wp:featuredmedia":[{"embeddable":true,"href":"https:\/\/tmp.compunegocios.com.pe\/index.php\/wp-json\/wp\/v2\/media\/15407"}],"wp:attachment":[{"href":"https:\/\/tmp.compunegocios.com.pe\/index.php\/wp-json\/wp\/v2\/media?parent=15360"}],"wp:term":[{"taxonomy":"pwb-brand","embeddable":true,"href":"https:\/\/tmp.compunegocios.com.pe\/index.php\/wp-json\/wp\/v2\/pwb-brand?post=15360"},{"taxonomy":"product_brand","embeddable":true,"href":"https:\/\/tmp.compunegocios.com.pe\/index.php\/wp-json\/wp\/v2\/product_brand?post=15360"},{"taxonomy":"product_cat","embeddable":true,"href":"https:\/\/tmp.compunegocios.com.pe\/index.php\/wp-json\/wp\/v2\/product_cat?post=15360"},{"taxonomy":"product_tag","embeddable":true,"href":"https:\/\/tmp.compunegocios.com.pe\/index.php\/wp-json\/wp\/v2\/product_tag?post=15360"}],"curies":[{"name":"wp","href":"https:\/\/api.w.org\/{rel}","templated":true}]}}