{"id":15439,"date":"2024-03-04T16:54:27","date_gmt":"2024-03-04T16:54:27","guid":{"rendered":"http:\/\/compunegocios.com.pe\/index.php\/product\/audifono-inalambrico-teros-te-8033n-headset-con-microfono-negro\/"},"modified":"2025-08-19T16:18:17","modified_gmt":"2025-08-19T16:18:17","slug":"audifono-inalambrico-teros-te-8033n-headset-con-microfono-negro","status":"publish","type":"product","link":"https:\/\/tmp.compunegocios.com.pe\/index.php\/product\/audifono-inalambrico-teros-te-8033n-headset-con-microfono-negro\/","title":{"rendered":"AUD\u00cdFONO INAL\u00c1MBRICO TEROS TE-8033N (HEADSET) CON MICR\u00d3FONO, NEGRO"},"content":{"rendered":"<p>AUD\u00cdFONO INAL\u00c1MBRICO TEROS TE-8033N (HEADSET) CON MICR\u00d3FONO, NEGRO<\/p>\n<p>MARCA: TEROS<br \/>\nMODELO: TE-8033<\/p>\n<p>AURICULARES<br \/>\nFRECUENCIA: 20 Hz &#8211; 20 kHz<br \/>\nIMPEDANCIA: 32 Ohmios<br \/>\nSENSIBILIDAD: 103dB +3 dB<br \/>\nAltavoz: 40mm<br \/>\nMICROFONO\tSENSIBILIDAD: -42dB \u00b1 3dB<br \/>\nFRECUENCIA: 100 Hz &#8211; 10 kHz<br \/>\nOMNIDIRECCIONAL<br \/>\nCOLOR: NEGRO<\/p>\n<p>INTERFAZ<br \/>\nA TRAVES DE UN DISPOSITIVO BLUETOOTH<br \/>\nBLUETOOTH\tVERSION: 5.3<br \/>\nBATERIA\tINTERNA<br \/>\nTIPO: Pol\u00edmero de Litio<br \/>\nTIEMPO DE RECARGA\t2 Horas<br \/>\n500mAh<\/p>\n","protected":false},"excerpt":{"rendered":"<p>&#8211;<\/p>\n","protected":false},"featured_media":15459,"template":"","meta":[],"pwb-brand":[],"product_brand":[],"product_cat":[158],"product_tag":[],"class_list":{"0":"post-15439","1":"product","2":"type-product","3":"status-publish","4":"has-post-thumbnail","6":"product_cat-158","8":"first","9":"instock","10":"taxable","11":"shipping-taxable","12":"purchasable","13":"product-type-simple"},"brands":[],"_links":{"self":[{"href":"https:\/\/tmp.compunegocios.com.pe\/index.php\/wp-json\/wp\/v2\/product\/15439","targetHints":{"allow":["GET"]}}],"collection":[{"href":"https:\/\/tmp.compunegocios.com.pe\/index.php\/wp-json\/wp\/v2\/product"}],"about":[{"href":"https:\/\/tmp.compunegocios.com.pe\/index.php\/wp-json\/wp\/v2\/types\/product"}],"wp:featuredmedia":[{"embeddable":true,"href":"https:\/\/tmp.compunegocios.com.pe\/index.php\/wp-json\/wp\/v2\/media\/15459"}],"wp:attachment":[{"href":"https:\/\/tmp.compunegocios.com.pe\/index.php\/wp-json\/wp\/v2\/media?parent=15439"}],"wp:term":[{"taxonomy":"pwb-brand","embeddable":true,"href":"https:\/\/tmp.compunegocios.com.pe\/index.php\/wp-json\/wp\/v2\/pwb-brand?post=15439"},{"taxonomy":"product_brand","embeddable":true,"href":"https:\/\/tmp.compunegocios.com.pe\/index.php\/wp-json\/wp\/v2\/product_brand?post=15439"},{"taxonomy":"product_cat","embeddable":true,"href":"https:\/\/tmp.compunegocios.com.pe\/index.php\/wp-json\/wp\/v2\/product_cat?post=15439"},{"taxonomy":"product_tag","embeddable":true,"href":"https:\/\/tmp.compunegocios.com.pe\/index.php\/wp-json\/wp\/v2\/product_tag?post=15439"}],"curies":[{"name":"wp","href":"https:\/\/api.w.org\/{rel}","templated":true}]}}