{"id":15440,"date":"2024-03-04T17:26:31","date_gmt":"2024-03-04T17:26:31","guid":{"rendered":"http:\/\/compunegocios.com.pe\/index.php\/product\/fuente-de-poder-deepcool-650w-pf650-certificacion-80-plus-white\/"},"modified":"2025-08-19T16:18:18","modified_gmt":"2025-08-19T16:18:18","slug":"fuente-de-poder-deepcool-650w-pf650-certificacion-80-plus-white","status":"publish","type":"product","link":"https:\/\/tmp.compunegocios.com.pe\/index.php\/product\/fuente-de-poder-deepcool-650w-pf650-certificacion-80-plus-white\/","title":{"rendered":"FUENTE DE PODER DEEPCOOL 650W PF650 CERTIFICACI\u00d3N 80 PLUS WHITE"},"content":{"rendered":"<p>FUENTE DE PODER DEEPCOOL 650W PF650 CERTIFICACI\u00d3N 80 PLUS WHITE<\/p>\n<p>Descripci\u00f3n<br \/>\nLa unidad de fuente de alimentaci\u00f3n DeepCool serie PF ofrece un rendimiento energ\u00e9tico seguro y estable con una eficiencia est\u00e1ndar 80 PLUS confiable y un precio asequible. Certificado para eficiencia est\u00e1ndar de la UE 80 PLUS 230 V que garantiza una eficiencia del 85 % bajo una carga t\u00edpica del 50 %. Una mayor eficiencia se traduce en un menor desperdicio de energ\u00eda y temperaturas m\u00e1s bajas para un mayor ahorro de costos.<\/p>\n<p>Especificaciones T\u00e9cnicas<br \/>\nTipo: ATX12V V2.4<br \/>\nCertificaci\u00f3n: 80 PLUS WHITE<br \/>\nTama\u00f1o del ventilador: 120mm<br \/>\nCondensador: Bulk Taiw\u00e1n<br \/>\nTiempo de espera: &gt;10 ms (75% de carga)<br \/>\nEficiencia: &gt;85% bajo carga t\u00edpica<br \/>\nProtecci\u00f3n: OPP\/OVP\/SCP<br \/>\nTemperatura de operaci\u00f3n: 0-30\u00b0C<br \/>\nSe\u00f1al de alimentaci\u00f3n: 100-500ms<br \/>\nDimensiones: 15 x 14 x0 .86cm<\/p>\n","protected":false},"excerpt":{"rendered":"<p>&#8211;<\/p>\n","protected":false},"featured_media":15462,"template":"","meta":[],"pwb-brand":[],"product_brand":[],"product_cat":[173],"product_tag":[],"class_list":{"0":"post-15440","1":"product","2":"type-product","3":"status-publish","4":"has-post-thumbnail","6":"product_cat-173","8":"first","9":"instock","10":"taxable","11":"shipping-taxable","12":"purchasable","13":"product-type-simple"},"brands":[],"_links":{"self":[{"href":"https:\/\/tmp.compunegocios.com.pe\/index.php\/wp-json\/wp\/v2\/product\/15440","targetHints":{"allow":["GET"]}}],"collection":[{"href":"https:\/\/tmp.compunegocios.com.pe\/index.php\/wp-json\/wp\/v2\/product"}],"about":[{"href":"https:\/\/tmp.compunegocios.com.pe\/index.php\/wp-json\/wp\/v2\/types\/product"}],"wp:featuredmedia":[{"embeddable":true,"href":"https:\/\/tmp.compunegocios.com.pe\/index.php\/wp-json\/wp\/v2\/media\/15462"}],"wp:attachment":[{"href":"https:\/\/tmp.compunegocios.com.pe\/index.php\/wp-json\/wp\/v2\/media?parent=15440"}],"wp:term":[{"taxonomy":"pwb-brand","embeddable":true,"href":"https:\/\/tmp.compunegocios.com.pe\/index.php\/wp-json\/wp\/v2\/pwb-brand?post=15440"},{"taxonomy":"product_brand","embeddable":true,"href":"https:\/\/tmp.compunegocios.com.pe\/index.php\/wp-json\/wp\/v2\/product_brand?post=15440"},{"taxonomy":"product_cat","embeddable":true,"href":"https:\/\/tmp.compunegocios.com.pe\/index.php\/wp-json\/wp\/v2\/product_cat?post=15440"},{"taxonomy":"product_tag","embeddable":true,"href":"https:\/\/tmp.compunegocios.com.pe\/index.php\/wp-json\/wp\/v2\/product_tag?post=15440"}],"curies":[{"name":"wp","href":"https:\/\/api.w.org\/{rel}","templated":true}]}}