{"id":15476,"date":"2024-03-15T16:11:59","date_gmt":"2024-03-15T16:11:59","guid":{"rendered":"http:\/\/compunegocios.com.pe\/index.php\/product\/mouse-inalambrico-bluetooth-logitech-pebble-m350-lavender\/"},"modified":"2025-08-19T16:18:26","modified_gmt":"2025-08-19T16:18:26","slug":"mouse-inalambrico-bluetooth-logitech-pebble-m350-lavender","status":"publish","type":"product","link":"https:\/\/tmp.compunegocios.com.pe\/index.php\/product\/mouse-inalambrico-bluetooth-logitech-pebble-m350-lavender\/","title":{"rendered":"MOUSE INALAMBRICO BLUETOOTH LOGITECH PEBBLE M350 LAVENDER"},"content":{"rendered":"<p>MOUSE INALAMBRICO BLUETOOTH LOGITECH PEBBLE M350 LAVENDER<\/p>\n<p>Especificaciones t\u00e9cnicas<br \/>\nTecnolog\u00eda de sensor: Seguimiento \u00f3ptico de alta precisi\u00f3n<br \/>\nResoluci\u00f3n de sensor: 1000 DPI<br \/>\nN\u00famero de botones: 3<br \/>\nRueda de desplazamiento: S\u00ed &#8211; Mec\u00e1nico<br \/>\nBotones de desplazamiento: Bot\u00f3n central<br \/>\nMouse apto para Unifying: S\u00ed<br \/>\nReceptor apto para Unifying: No<br \/>\nBater\u00eda: 18 meses<br \/>\nTipo de bater\u00edas: Una bater\u00eda AA preinstalada<br \/>\nTecnolog\u00eda inal\u00e1mbrica: Tecnolog\u00eda Bluetooth de bajo consumo<br \/>\nDistancia de funcionamiento inal\u00e1mbrico: 10 metros 1El radio de acci\u00f3n inal\u00e1mbrico depende de las condiciones del entorno y de los dispositivos.<\/p>\n","protected":false},"excerpt":{"rendered":"<p>&#8211;<\/p>\n","protected":false},"featured_media":15493,"template":"","meta":[],"pwb-brand":[],"product_brand":[],"product_cat":[193],"product_tag":[],"class_list":{"0":"post-15476","1":"product","2":"type-product","3":"status-publish","4":"has-post-thumbnail","6":"product_cat-193","8":"first","9":"outofstock","10":"taxable","11":"shipping-taxable","12":"purchasable","13":"product-type-simple"},"brands":[],"_links":{"self":[{"href":"https:\/\/tmp.compunegocios.com.pe\/index.php\/wp-json\/wp\/v2\/product\/15476","targetHints":{"allow":["GET"]}}],"collection":[{"href":"https:\/\/tmp.compunegocios.com.pe\/index.php\/wp-json\/wp\/v2\/product"}],"about":[{"href":"https:\/\/tmp.compunegocios.com.pe\/index.php\/wp-json\/wp\/v2\/types\/product"}],"wp:featuredmedia":[{"embeddable":true,"href":"https:\/\/tmp.compunegocios.com.pe\/index.php\/wp-json\/wp\/v2\/media\/15493"}],"wp:attachment":[{"href":"https:\/\/tmp.compunegocios.com.pe\/index.php\/wp-json\/wp\/v2\/media?parent=15476"}],"wp:term":[{"taxonomy":"pwb-brand","embeddable":true,"href":"https:\/\/tmp.compunegocios.com.pe\/index.php\/wp-json\/wp\/v2\/pwb-brand?post=15476"},{"taxonomy":"product_brand","embeddable":true,"href":"https:\/\/tmp.compunegocios.com.pe\/index.php\/wp-json\/wp\/v2\/product_brand?post=15476"},{"taxonomy":"product_cat","embeddable":true,"href":"https:\/\/tmp.compunegocios.com.pe\/index.php\/wp-json\/wp\/v2\/product_cat?post=15476"},{"taxonomy":"product_tag","embeddable":true,"href":"https:\/\/tmp.compunegocios.com.pe\/index.php\/wp-json\/wp\/v2\/product_tag?post=15476"}],"curies":[{"name":"wp","href":"https:\/\/api.w.org\/{rel}","templated":true}]}}