{"id":15477,"date":"2024-03-15T16:19:59","date_gmt":"2024-03-15T16:19:59","guid":{"rendered":"http:\/\/compunegocios.com.pe\/index.php\/product\/mouse-inalambrico-bluetooth-logitech-pebble-2-m350s-grafito\/"},"modified":"2025-08-19T16:18:27","modified_gmt":"2025-08-19T16:18:27","slug":"mouse-inalambrico-bluetooth-logitech-pebble-2-m350s-grafito","status":"publish","type":"product","link":"https:\/\/tmp.compunegocios.com.pe\/index.php\/product\/mouse-inalambrico-bluetooth-logitech-pebble-2-m350s-grafito\/","title":{"rendered":"MOUSE INALAMBRICO BLUETOOTH LOGITECH PEBBLE 2 M350S GRAFITO"},"content":{"rendered":"<p>MOUSE INALAMBRICO BLUETOOTH LOGITECH PEBBLE 2 M350S GRAFITO<\/p>\n<p>Caracteristicas especiales:<br \/>\nForma ambidiestra, estilizada y redonda fabricada con pl\u00e1stico reciclado 1Contenido de pl\u00e1stico del Pebble Mouse 2 M350s: m\u00ednimo 58% de pl\u00e1stico reciclado, excluido el pl\u00e1stico en el conjunto de cableado impreso (PWA) y el embalaje.<br \/>\nEmparejamiento multidispositivo (hasta 3 dispositivos).<br \/>\nBot\u00f3n central personalizable con la aplicaci\u00f3n Logi Options + 2Disponible en Windows y macOS en logi.com\/optionsplus.<br \/>\nClics silenciosos con tecnolog\u00eda Silent Touch 3Los clicks son un 90% menos ruidosos que los del mouse Logitech M185. Nivel de dBA de click con el bot\u00f3n izquierdo y pulsaciones de teclado medido por un laboratorio independiente a 1 metro.<\/p>\n<p>Botones:<br \/>\nN\u00famero de botones: 3 (click izquierdo\/derecho, bot\u00f3n rueda con click de bot\u00f3n central).<br \/>\nBot\u00f3n personalizable con la aplicaci\u00f3n Logi Options +: 1 (bot\u00f3n rueda con click central) 4Disponible en Windows y macOS en logi.com\/optionsplus.<br \/>\nAplicaci\u00f3n de personalizaci\u00f3n: Compatible con la aplicaci\u00f3n Logi Options + en Windows y macOS 5Disponible en Windows y macOS en logi.com\/optionsplus.<br \/>\nTecnolog\u00eda de sensor: Seguimiento \u00f3ptico de alta precisi\u00f3n.<br \/>\nRango de dpi: 400-4000 dpi (totalmente ajustable con incrementos de 100 dpi).<br \/>\nValor nominal: 1000 dpi.<\/p>\n<p>Conectividad:<br \/>\nTipo de conexi\u00f3n: Tecnolog\u00eda Bluetooth de bajo consumo.<br \/>\nCompatibilidad con tipo de conexi\u00f3n: Compatible con receptor USB Logi Bolt (no incluido).<br \/>\nRadio de acci\u00f3n inal\u00e1mbrico: 10 m 6El radio de acci\u00f3n inal\u00e1mbrico depende de las condiciones del entorno y de los dispositivos.<\/p>\n<p>Bater\u00eda;<br \/>\n1 bater\u00eda AA (bater\u00eda alcalina); bot\u00f3n de encendido\/apagado.<br \/>\nDuraci\u00f3n de bater\u00edas: 24 meses 7La duraci\u00f3n de las bater\u00edas depende del uso y de los dispositivos.<br \/>\nConexi\u00f3n \/ Encendido: conmutador de encendido\/apagado.<\/p>\n","protected":false},"excerpt":{"rendered":"<p>&#8211;<\/p>\n","protected":false},"featured_media":15494,"template":"","meta":[],"pwb-brand":[],"product_brand":[],"product_cat":[193],"product_tag":[],"class_list":{"0":"post-15477","1":"product","2":"type-product","3":"status-publish","4":"has-post-thumbnail","6":"product_cat-193","8":"first","9":"instock","10":"taxable","11":"shipping-taxable","12":"purchasable","13":"product-type-simple"},"brands":[],"_links":{"self":[{"href":"https:\/\/tmp.compunegocios.com.pe\/index.php\/wp-json\/wp\/v2\/product\/15477","targetHints":{"allow":["GET"]}}],"collection":[{"href":"https:\/\/tmp.compunegocios.com.pe\/index.php\/wp-json\/wp\/v2\/product"}],"about":[{"href":"https:\/\/tmp.compunegocios.com.pe\/index.php\/wp-json\/wp\/v2\/types\/product"}],"wp:featuredmedia":[{"embeddable":true,"href":"https:\/\/tmp.compunegocios.com.pe\/index.php\/wp-json\/wp\/v2\/media\/15494"}],"wp:attachment":[{"href":"https:\/\/tmp.compunegocios.com.pe\/index.php\/wp-json\/wp\/v2\/media?parent=15477"}],"wp:term":[{"taxonomy":"pwb-brand","embeddable":true,"href":"https:\/\/tmp.compunegocios.com.pe\/index.php\/wp-json\/wp\/v2\/pwb-brand?post=15477"},{"taxonomy":"product_brand","embeddable":true,"href":"https:\/\/tmp.compunegocios.com.pe\/index.php\/wp-json\/wp\/v2\/product_brand?post=15477"},{"taxonomy":"product_cat","embeddable":true,"href":"https:\/\/tmp.compunegocios.com.pe\/index.php\/wp-json\/wp\/v2\/product_cat?post=15477"},{"taxonomy":"product_tag","embeddable":true,"href":"https:\/\/tmp.compunegocios.com.pe\/index.php\/wp-json\/wp\/v2\/product_tag?post=15477"}],"curies":[{"name":"wp","href":"https:\/\/api.w.org\/{rel}","templated":true}]}}