{"id":15478,"date":"2024-03-15T16:27:17","date_gmt":"2024-03-15T16:27:17","guid":{"rendered":"http:\/\/compunegocios.com.pe\/index.php\/product\/audifonos-de-conduccion-osea-teros-te8077n-negro\/"},"modified":"2025-08-19T16:18:28","modified_gmt":"2025-08-19T16:18:28","slug":"audifonos-de-conduccion-osea-teros-te8077n-negro","status":"publish","type":"product","link":"https:\/\/tmp.compunegocios.com.pe\/index.php\/product\/audifonos-de-conduccion-osea-teros-te8077n-negro\/","title":{"rendered":"AUD\u00cdFONOS DE CONDUCCI\u00d3N \u00d3SEA TEROS TE8077N NEGRO"},"content":{"rendered":"<p>AUD\u00cdFONOS DE CONDUCCI\u00d3N \u00d3SEA TEROS TE8077N NEGRO<\/p>\n<p>DISPOSITIVO\tAUD\u00cdFONO DE CONDUCCI\u00d3N \u00d3SEA<br \/>\nMARCA: TEROS<br \/>\nMODELO: TE8077N<br \/>\nCARACTERISTICAS: 180MAH<br \/>\nTIEMPO DE TRABAJO: +6HRS<br \/>\nTIEMPO DE CARGA: 2HRS APROX<br \/>\nRANGO DE TRABAJO: 15M<br \/>\nBT 5.3<br \/>\nIPX5<br \/>\nCOLOR: NEGRO<\/p>\n","protected":false},"excerpt":{"rendered":"<p>&#8211;<\/p>\n","protected":false},"featured_media":15495,"template":"","meta":[],"pwb-brand":[],"product_brand":[],"product_cat":[162],"product_tag":[],"class_list":{"0":"post-15478","1":"product","2":"type-product","3":"status-publish","4":"has-post-thumbnail","6":"product_cat-162","8":"first","9":"outofstock","10":"taxable","11":"shipping-taxable","12":"purchasable","13":"product-type-simple"},"brands":[],"_links":{"self":[{"href":"https:\/\/tmp.compunegocios.com.pe\/index.php\/wp-json\/wp\/v2\/product\/15478","targetHints":{"allow":["GET"]}}],"collection":[{"href":"https:\/\/tmp.compunegocios.com.pe\/index.php\/wp-json\/wp\/v2\/product"}],"about":[{"href":"https:\/\/tmp.compunegocios.com.pe\/index.php\/wp-json\/wp\/v2\/types\/product"}],"wp:featuredmedia":[{"embeddable":true,"href":"https:\/\/tmp.compunegocios.com.pe\/index.php\/wp-json\/wp\/v2\/media\/15495"}],"wp:attachment":[{"href":"https:\/\/tmp.compunegocios.com.pe\/index.php\/wp-json\/wp\/v2\/media?parent=15478"}],"wp:term":[{"taxonomy":"pwb-brand","embeddable":true,"href":"https:\/\/tmp.compunegocios.com.pe\/index.php\/wp-json\/wp\/v2\/pwb-brand?post=15478"},{"taxonomy":"product_brand","embeddable":true,"href":"https:\/\/tmp.compunegocios.com.pe\/index.php\/wp-json\/wp\/v2\/product_brand?post=15478"},{"taxonomy":"product_cat","embeddable":true,"href":"https:\/\/tmp.compunegocios.com.pe\/index.php\/wp-json\/wp\/v2\/product_cat?post=15478"},{"taxonomy":"product_tag","embeddable":true,"href":"https:\/\/tmp.compunegocios.com.pe\/index.php\/wp-json\/wp\/v2\/product_tag?post=15478"}],"curies":[{"name":"wp","href":"https:\/\/api.w.org\/{rel}","templated":true}]}}