{"id":15522,"date":"2024-07-11T16:02:49","date_gmt":"2024-07-11T16:02:49","guid":{"rendered":"http:\/\/compunegocios.com.pe\/index.php\/product\/impresora-multifuncional-laser-monocromatica-brother-dcpl2540dw-toner-tn2370\/"},"modified":"2025-08-19T16:18:42","modified_gmt":"2025-08-19T16:18:42","slug":"impresora-multifuncional-laser-monocromatica-brother-dcpl2540dw-toner-tn2370","status":"publish","type":"product","link":"https:\/\/tmp.compunegocios.com.pe\/index.php\/product\/impresora-multifuncional-laser-monocromatica-brother-dcpl2540dw-toner-tn2370\/","title":{"rendered":"IMPRESORA MULTIFUNCIONAL LASER MONOCROM\u00c1TICA BROTHER DCPL2540DW + TONER TN2370"},"content":{"rendered":"<p>IMPRESORA MULTIFUNCIONAL LASER MONOCROM\u00c1TICA BROTHER DCPL2540DW + TONER TN2370<\/p>\n<p>El modelo DCP-L2540DW de Brother es una multifuncional l\u00e1ser monocrom\u00e1tica econ\u00f3mica que imprime y copia hasta 30 ppm \u2021 en negro y escanea a color. Viene con un alimentador autom\u00e1tico de documentos de hasta 35 hojas, un d\u00faplex autom\u00e1tico para imprimir por ambas caras del papel.<\/p>\n<p>IMPRESI\u00d3N<br \/>\nImpresi\u00f3n d\u00faplex est\u00e1ndar: S\u00ed<br \/>\nVelocidad de impresi\u00f3n en negro (m\u00e1x. ppm): 30<br \/>\nTipo de suministro: Cartucho de t\u00f3ner y Drum<br \/>\nVelocidad de CPU (MhZ): 200<br \/>\nEmulaciones: BR-Script3, PCL6 (PCL XL Class 3.0)<br \/>\nTecnolog\u00eda de impresi\u00f3n: L\u00e1ser B\/N<br \/>\nCompatibilidad de controlador de impresora: Windows, Mac OS<\/p>\n<p>CONECTIVIDAD Y COMPATIBILIDAD<br \/>\nInterfaces opcionales: No<br \/>\nInterfaz est\u00e1ndar: Wireless 802.11 b\/g\/n, Red, Hi-Speed USB 2.0<br \/>\nFunciones de red est\u00e1ndar\tImpresi\u00f3n, Escaneo<br \/>\nCertificado Wi-Fi: S\u00ed<\/p>\n<p>COPIA<br \/>\nVelocidad de copia en negro (m\u00e1x. ppm): 30<br \/>\nCapacidad de copia: Blanco y Negro<br \/>\nResoluci\u00f3n de copia: 600 x 600 max. dpi<br \/>\nCopia d\u00faplex: No<br \/>\nCopia de identificaci\u00f3n: S\u00ed<br \/>\nFunci\u00f3n de poster: No<br \/>\nFunci\u00f3n de clasificaci\u00f3n: S\u00ed<br \/>\nCopia independiente: S\u00ed<\/p>\n<p>ESCANEADO<br \/>\nEscaneo d\u00faplex: No<br \/>\nResoluci\u00f3n de escaneo interpolada (max. dpi)\t19200 x 19200 dpi<br \/>\nResoluci\u00f3n de escaneo \u00f3ptico (m\u00e1x. Ppp)\t600 x 2400 dpi (cama plana); 600 x 600 dpi (ADF)<br \/>\nEscanear a funci\u00f3n\tOCR, Imagen, Archivo, Email, SharePoint<br \/>\nCapacidad de escaneo\tB\/N y Color<\/p>\n","protected":false},"excerpt":{"rendered":"<p>&#8211;<\/p>\n","protected":false},"featured_media":15722,"template":"","meta":[],"pwb-brand":[],"product_brand":[],"product_cat":[206],"product_tag":[],"class_list":{"0":"post-15522","1":"product","2":"type-product","3":"status-publish","4":"has-post-thumbnail","6":"product_cat-206","8":"first","9":"outofstock","10":"taxable","11":"shipping-taxable","12":"purchasable","13":"product-type-simple"},"brands":[],"_links":{"self":[{"href":"https:\/\/tmp.compunegocios.com.pe\/index.php\/wp-json\/wp\/v2\/product\/15522","targetHints":{"allow":["GET"]}}],"collection":[{"href":"https:\/\/tmp.compunegocios.com.pe\/index.php\/wp-json\/wp\/v2\/product"}],"about":[{"href":"https:\/\/tmp.compunegocios.com.pe\/index.php\/wp-json\/wp\/v2\/types\/product"}],"wp:featuredmedia":[{"embeddable":true,"href":"https:\/\/tmp.compunegocios.com.pe\/index.php\/wp-json\/wp\/v2\/media\/15722"}],"wp:attachment":[{"href":"https:\/\/tmp.compunegocios.com.pe\/index.php\/wp-json\/wp\/v2\/media?parent=15522"}],"wp:term":[{"taxonomy":"pwb-brand","embeddable":true,"href":"https:\/\/tmp.compunegocios.com.pe\/index.php\/wp-json\/wp\/v2\/pwb-brand?post=15522"},{"taxonomy":"product_brand","embeddable":true,"href":"https:\/\/tmp.compunegocios.com.pe\/index.php\/wp-json\/wp\/v2\/product_brand?post=15522"},{"taxonomy":"product_cat","embeddable":true,"href":"https:\/\/tmp.compunegocios.com.pe\/index.php\/wp-json\/wp\/v2\/product_cat?post=15522"},{"taxonomy":"product_tag","embeddable":true,"href":"https:\/\/tmp.compunegocios.com.pe\/index.php\/wp-json\/wp\/v2\/product_tag?post=15522"}],"curies":[{"name":"wp","href":"https:\/\/api.w.org\/{rel}","templated":true}]}}