{"id":15537,"date":"2024-07-11T18:27:24","date_gmt":"2024-07-11T18:27:24","guid":{"rendered":"http:\/\/compunegocios.com.pe\/index.php\/product\/mouse-gamer-micronics-alien-m834wl-wifi-recargable-black\/"},"modified":"2025-08-19T16:18:53","modified_gmt":"2025-08-19T16:18:53","slug":"mouse-gamer-micronics-alien-m834wl-wifi-recargable-black","status":"publish","type":"product","link":"https:\/\/tmp.compunegocios.com.pe\/index.php\/product\/mouse-gamer-micronics-alien-m834wl-wifi-recargable-black\/","title":{"rendered":"MOUSE GAMER MICRONICS ALIEN M834WL WIFI RECARGABLE BLACK"},"content":{"rendered":"<p>MOUSE GAMER MICRONICS ALIEN M834WL WIFI RECARGABLE BLACK<\/p>\n<p>Caracter\u00edsticas<br \/>\nMouse \u00d3ptico GAMER Inal\u00e1mbrico de 6 Botones.<br \/>\nDise\u00f1o Ergon\u00f3mico: Para uso m\u00e1s Confortable.<br \/>\nIluminaci\u00f3n LED roja.<br \/>\nScroll<br \/>\n2 Botones de Avance y Retroceso (Se Puede Cambiar a otras Funciones).<\/p>\n<p>Especificaciones T\u00e9cnicas<br \/>\nDPI de: 1000 \/ 1600.<br \/>\nInductor \u00d3ptico Avanzado.<br \/>\nNano Receptor de 2.4 Ghz.<br \/>\nBater\u00eda Recargable (Incluye Cable para recarga de 30cm).<br \/>\nCompatible con Sistemas Operativos Windows.<\/p>\n","protected":false},"excerpt":{"rendered":"<p>&#8211;<\/p>\n","protected":false},"featured_media":15751,"template":"","meta":[],"pwb-brand":[],"product_brand":[],"product_cat":[194],"product_tag":[],"class_list":{"0":"post-15537","1":"product","2":"type-product","3":"status-publish","4":"has-post-thumbnail","6":"product_cat-194","8":"first","9":"instock","10":"taxable","11":"shipping-taxable","12":"purchasable","13":"product-type-simple"},"brands":[],"_links":{"self":[{"href":"https:\/\/tmp.compunegocios.com.pe\/index.php\/wp-json\/wp\/v2\/product\/15537","targetHints":{"allow":["GET"]}}],"collection":[{"href":"https:\/\/tmp.compunegocios.com.pe\/index.php\/wp-json\/wp\/v2\/product"}],"about":[{"href":"https:\/\/tmp.compunegocios.com.pe\/index.php\/wp-json\/wp\/v2\/types\/product"}],"wp:featuredmedia":[{"embeddable":true,"href":"https:\/\/tmp.compunegocios.com.pe\/index.php\/wp-json\/wp\/v2\/media\/15751"}],"wp:attachment":[{"href":"https:\/\/tmp.compunegocios.com.pe\/index.php\/wp-json\/wp\/v2\/media?parent=15537"}],"wp:term":[{"taxonomy":"pwb-brand","embeddable":true,"href":"https:\/\/tmp.compunegocios.com.pe\/index.php\/wp-json\/wp\/v2\/pwb-brand?post=15537"},{"taxonomy":"product_brand","embeddable":true,"href":"https:\/\/tmp.compunegocios.com.pe\/index.php\/wp-json\/wp\/v2\/product_brand?post=15537"},{"taxonomy":"product_cat","embeddable":true,"href":"https:\/\/tmp.compunegocios.com.pe\/index.php\/wp-json\/wp\/v2\/product_cat?post=15537"},{"taxonomy":"product_tag","embeddable":true,"href":"https:\/\/tmp.compunegocios.com.pe\/index.php\/wp-json\/wp\/v2\/product_tag?post=15537"}],"curies":[{"name":"wp","href":"https:\/\/api.w.org\/{rel}","templated":true}]}}