{"id":15558,"date":"2024-07-12T14:38:45","date_gmt":"2024-07-12T14:38:45","guid":{"rendered":"http:\/\/compunegocios.com.pe\/index.php\/product\/teclado-gaming-razer-ornata-v3-x-membrana-ergonomico-negro-pn-rz03-04471100-r311\/"},"modified":"2025-08-19T16:19:05","modified_gmt":"2025-08-19T16:19:05","slug":"teclado-gaming-razer-ornata-v3-x-membrana-ergonomico-negro-pn-rz03-04471100-r311","status":"publish","type":"product","link":"https:\/\/tmp.compunegocios.com.pe\/index.php\/product\/teclado-gaming-razer-ornata-v3-x-membrana-ergonomico-negro-pn-rz03-04471100-r311\/","title":{"rendered":"TECLADO GAMING RAZER ORNATA V3 X MEMBRANA ERGON\u00d3MICO NEGRO (PN: RZ03-04471100-R311)"},"content":{"rendered":"<p>TECLADO GAMING RAZER ORNATA V3 X MEMBRANA ERGON\u00d3MICO NEGRO (PN: RZ03-04471100-R311)<\/p>\n<p>MARCA: RAZER<br \/>\nMODELO: ORNATA V3 X<br \/>\nN\u00daMERO DE PARTE: RZ03-04471100-R311<br \/>\nTECLAS DE PERFIL BAJO: Las teclas m\u00e1s finas y los switches m\u00e1s cortos te permiten colocar las manos de forma m\u00e1s natural en un teclado gaming ergon\u00f3mico de perfil bajo y disfrutar de muchas horas de uso con una presi\u00f3n m\u00ednima.<br \/>\nSWITCHES DE MEMBRANA SILENCIOSOS: El Razer Ornata V3 X es la opci\u00f3n perfecta para quienes prefieren una experiencia m\u00e1s silenciosa y c\u00f3moda al jugar o al teclear.<br \/>\nREPOSAMU\u00d1ECAS ERGON\u00d3MICO: Se alinea perfectamente con el teclado de perfil bajo y ofrece un lugar perfecto para descansar las mu\u00f1ecas, un apoyo fundamental en per\u00edodos de uso prolongados.<br \/>\nDURADERO Y RESISTENTE: El dise\u00f1o robusto del Razer Ornata V3 X te ofrece la suficiente solidez para sesiones de juego intensas, adem\u00e1s de resbalarle las peque\u00f1as salpicaduras que pueda sufrir.<br \/>\nENRUTAMIENTO DE CABLE: El Razer Ornata V3 X est\u00e1 dise\u00f1ado con ranuras que te permiten plegar el cable y sacarlo en cualquier direcci\u00f3n, para que puedas mantener tu escritorio despejado.<br \/>\nRAZER CHROMA RGB: Con 16,8 millones de colores y una amplia gama de efectos RGB para elegir, puedes personalizar el teclado y disfrutar de efectos de iluminaci\u00f3n din\u00e1micos para cientos de juegos con Chroma integrado.<br \/>\nESPECIFICACIONES<br \/>\nCONECTIVIDAD: Cableado, puerto USB.<\/p>\n","protected":false},"excerpt":{"rendered":"<p>&#8211;<\/p>\n","protected":false},"featured_media":15799,"template":"","meta":[],"pwb-brand":[],"product_brand":[],"product_cat":[194],"product_tag":[],"class_list":{"0":"post-15558","1":"product","2":"type-product","3":"status-publish","4":"has-post-thumbnail","6":"product_cat-194","8":"first","9":"outofstock","10":"taxable","11":"shipping-taxable","12":"purchasable","13":"product-type-simple"},"brands":[],"_links":{"self":[{"href":"https:\/\/tmp.compunegocios.com.pe\/index.php\/wp-json\/wp\/v2\/product\/15558","targetHints":{"allow":["GET"]}}],"collection":[{"href":"https:\/\/tmp.compunegocios.com.pe\/index.php\/wp-json\/wp\/v2\/product"}],"about":[{"href":"https:\/\/tmp.compunegocios.com.pe\/index.php\/wp-json\/wp\/v2\/types\/product"}],"wp:featuredmedia":[{"embeddable":true,"href":"https:\/\/tmp.compunegocios.com.pe\/index.php\/wp-json\/wp\/v2\/media\/15799"}],"wp:attachment":[{"href":"https:\/\/tmp.compunegocios.com.pe\/index.php\/wp-json\/wp\/v2\/media?parent=15558"}],"wp:term":[{"taxonomy":"pwb-brand","embeddable":true,"href":"https:\/\/tmp.compunegocios.com.pe\/index.php\/wp-json\/wp\/v2\/pwb-brand?post=15558"},{"taxonomy":"product_brand","embeddable":true,"href":"https:\/\/tmp.compunegocios.com.pe\/index.php\/wp-json\/wp\/v2\/product_brand?post=15558"},{"taxonomy":"product_cat","embeddable":true,"href":"https:\/\/tmp.compunegocios.com.pe\/index.php\/wp-json\/wp\/v2\/product_cat?post=15558"},{"taxonomy":"product_tag","embeddable":true,"href":"https:\/\/tmp.compunegocios.com.pe\/index.php\/wp-json\/wp\/v2\/product_tag?post=15558"}],"curies":[{"name":"wp","href":"https:\/\/api.w.org\/{rel}","templated":true}]}}