{"id":15559,"date":"2024-07-12T14:47:18","date_gmt":"2024-07-12T14:47:18","guid":{"rendered":"http:\/\/compunegocios.com.pe\/index.php\/product\/mouse-gamer-razer-deathadder-essential-6400dpi-negro-pn-rz01-03850100-r3u1\/"},"modified":"2025-08-19T16:19:06","modified_gmt":"2025-08-19T16:19:06","slug":"mouse-gamer-razer-deathadder-essential-6400dpi-negro-pn-rz01-03850100-r3u1","status":"publish","type":"product","link":"https:\/\/tmp.compunegocios.com.pe\/index.php\/product\/mouse-gamer-razer-deathadder-essential-6400dpi-negro-pn-rz01-03850100-r3u1\/","title":{"rendered":"MOUSE GAMER RAZER DEATHADDER ESSENTIAL 6400DPI NEGRO (PN: RZ01-03850100-R3U1)"},"content":{"rendered":"<p>Marca: RAZER<br \/>\nModelo: DEATHADDER ESSENTIAL<br \/>\nNumero de Parte: RZ01-03850100-R3U1<br \/>\nIluminaci\u00f3n: Verde<br \/>\nColor del Mouse: Negro<br \/>\nSensor: sensor \u00f3ptico de 6400 DPI reales<br \/>\nAceleraci\u00f3n: hasta 220 pulgadas por segundo (IPS)\/aceleraci\u00f3n de 30 G<br \/>\nBotones: cinco botones Hyperesponse programables de forma independiente<br \/>\nCiclo de vida: interruptores mec\u00e1nicos para mouse Razer\u2122 con un ciclo de vida de 10 millones de clics<br \/>\nRueda de desplazamiento: un juego rueda de desplazamiento t\u00e1ctil de grado<br \/>\nDise\u00f1o: dise\u00f1o ergon\u00f3mico para diestros<br \/>\nUltrapolling: 1000 Hz Ultrapolling<br \/>\nRazer Synapse 3 (Beta) habilitado<\/p>\n","protected":false},"excerpt":{"rendered":"<p>&#8211;<\/p>\n","protected":false},"featured_media":15805,"template":"","meta":[],"pwb-brand":[],"product_brand":[],"product_cat":[194],"product_tag":[],"class_list":{"0":"post-15559","1":"product","2":"type-product","3":"status-publish","4":"has-post-thumbnail","6":"product_cat-194","8":"first","9":"outofstock","10":"taxable","11":"shipping-taxable","12":"purchasable","13":"product-type-simple"},"brands":[],"_links":{"self":[{"href":"https:\/\/tmp.compunegocios.com.pe\/index.php\/wp-json\/wp\/v2\/product\/15559","targetHints":{"allow":["GET"]}}],"collection":[{"href":"https:\/\/tmp.compunegocios.com.pe\/index.php\/wp-json\/wp\/v2\/product"}],"about":[{"href":"https:\/\/tmp.compunegocios.com.pe\/index.php\/wp-json\/wp\/v2\/types\/product"}],"wp:featuredmedia":[{"embeddable":true,"href":"https:\/\/tmp.compunegocios.com.pe\/index.php\/wp-json\/wp\/v2\/media\/15805"}],"wp:attachment":[{"href":"https:\/\/tmp.compunegocios.com.pe\/index.php\/wp-json\/wp\/v2\/media?parent=15559"}],"wp:term":[{"taxonomy":"pwb-brand","embeddable":true,"href":"https:\/\/tmp.compunegocios.com.pe\/index.php\/wp-json\/wp\/v2\/pwb-brand?post=15559"},{"taxonomy":"product_brand","embeddable":true,"href":"https:\/\/tmp.compunegocios.com.pe\/index.php\/wp-json\/wp\/v2\/product_brand?post=15559"},{"taxonomy":"product_cat","embeddable":true,"href":"https:\/\/tmp.compunegocios.com.pe\/index.php\/wp-json\/wp\/v2\/product_cat?post=15559"},{"taxonomy":"product_tag","embeddable":true,"href":"https:\/\/tmp.compunegocios.com.pe\/index.php\/wp-json\/wp\/v2\/product_tag?post=15559"}],"curies":[{"name":"wp","href":"https:\/\/api.w.org\/{rel}","templated":true}]}}