{"id":15563,"date":"2024-07-12T15:05:32","date_gmt":"2024-07-12T15:05:32","guid":{"rendered":"http:\/\/compunegocios.com.pe\/index.php\/product\/puntero-laser-logitech-r500-inalambrico-20m-red-pn-910-006518\/"},"modified":"2025-08-19T16:19:09","modified_gmt":"2025-08-19T16:19:09","slug":"puntero-laser-logitech-r500-inalambrico-20m-red-pn-910-006518","status":"publish","type":"product","link":"https:\/\/tmp.compunegocios.com.pe\/index.php\/product\/puntero-laser-logitech-r500-inalambrico-20m-red-pn-910-006518\/","title":{"rendered":"PUNTERO L\u00c1SER LOGITECH R500s INAL\u00c1MBRICO 20M RED (PN: 910-006518)"},"content":{"rendered":"<p>PUNTERO L\u00c1SER LOGITECH R500s INAL\u00c1MBRICO 20M RED (PN: 910-006518)<\/p>\n<p>Especificaciones t\u00e9cnicas<br \/>\nL\u00e1ser<br \/>\nClase: L\u00e1ser 1<br \/>\nSalida m\u00e1x.: menos de 0,039 mW<br \/>\nLongitud de onda: 640-660 nm (luz roja)<\/p>\n<p>Bater\u00eda<br \/>\nBater\u00eda: 12 meses + 1 semana extra sin puntero l\u00e1ser 1Cuando la carga es baja, el R500s entra en modo de ahorro de energ\u00eda y desactiva el l\u00e1ser, para prolongar la duraci\u00f3n de las bater\u00edas y permitir el uso durante una semana m\u00e1s. La duraci\u00f3n de las bater\u00edas depende del uso y de los dispositivos.<br \/>\nIndicadores luminosos (LED): LED de bater\u00eda y conectividad<\/p>\n<p>Aplicaci\u00f3n de personalizaci\u00f3n<br \/>\nCompatibilidad con Logi Options+ para Windows y macOS 2Disponible para versiones recientes de Windows y macOS en www.logitech.com\/software\/logi-options-plus<\/p>\n<p>Conectividad<br \/>\nTipo de conexi\u00f3n: Tecnolog\u00eda Bluetooth de bajo consumo y conexi\u00f3n inal\u00e1mbrica de 2,4 GHz<br \/>\nRadio de acci\u00f3n inal\u00e1mbrico: 20 m<\/p>\n","protected":false},"excerpt":{"rendered":"<p>&#8211;<\/p>\n","protected":false},"featured_media":15813,"template":"","meta":[],"pwb-brand":[],"product_brand":[],"product_cat":[196],"product_tag":[],"class_list":{"0":"post-15563","1":"product","2":"type-product","3":"status-publish","4":"has-post-thumbnail","6":"product_cat-196","8":"first","9":"instock","10":"taxable","11":"shipping-taxable","12":"purchasable","13":"product-type-simple"},"brands":[],"_links":{"self":[{"href":"https:\/\/tmp.compunegocios.com.pe\/index.php\/wp-json\/wp\/v2\/product\/15563","targetHints":{"allow":["GET"]}}],"collection":[{"href":"https:\/\/tmp.compunegocios.com.pe\/index.php\/wp-json\/wp\/v2\/product"}],"about":[{"href":"https:\/\/tmp.compunegocios.com.pe\/index.php\/wp-json\/wp\/v2\/types\/product"}],"wp:featuredmedia":[{"embeddable":true,"href":"https:\/\/tmp.compunegocios.com.pe\/index.php\/wp-json\/wp\/v2\/media\/15813"}],"wp:attachment":[{"href":"https:\/\/tmp.compunegocios.com.pe\/index.php\/wp-json\/wp\/v2\/media?parent=15563"}],"wp:term":[{"taxonomy":"pwb-brand","embeddable":true,"href":"https:\/\/tmp.compunegocios.com.pe\/index.php\/wp-json\/wp\/v2\/pwb-brand?post=15563"},{"taxonomy":"product_brand","embeddable":true,"href":"https:\/\/tmp.compunegocios.com.pe\/index.php\/wp-json\/wp\/v2\/product_brand?post=15563"},{"taxonomy":"product_cat","embeddable":true,"href":"https:\/\/tmp.compunegocios.com.pe\/index.php\/wp-json\/wp\/v2\/product_cat?post=15563"},{"taxonomy":"product_tag","embeddable":true,"href":"https:\/\/tmp.compunegocios.com.pe\/index.php\/wp-json\/wp\/v2\/product_tag?post=15563"}],"curies":[{"name":"wp","href":"https:\/\/api.w.org\/{rel}","templated":true}]}}