{"id":15566,"date":"2024-07-12T15:22:51","date_gmt":"2024-07-12T15:22:51","guid":{"rendered":"http:\/\/compunegocios.com.pe\/index.php\/product\/teclado-targus-kb862-compact-antimicrobial-multi-device-bluetooth-black-pn-akb862es\/"},"modified":"2025-08-19T16:19:11","modified_gmt":"2025-08-19T16:19:11","slug":"teclado-targus-kb862-compact-antimicrobial-multi-device-bluetooth-black-pn-akb862es","status":"publish","type":"product","link":"https:\/\/tmp.compunegocios.com.pe\/index.php\/product\/teclado-targus-kb862-compact-antimicrobial-multi-device-bluetooth-black-pn-akb862es\/","title":{"rendered":"TECLADO TARGUS KB862 COMPACT ANTIMICROBIAL MULTI-DEVICE BLUETOOTH BLACK (PN: AKB862ES)"},"content":{"rendered":"<p>TECLADO TARGUS KB862 COMPACT ANTIMICROBIAL MULTI-DEVICE BLUETOOTH BLACK (PN: AKB862ES)<\/p>\n<p>MARCA: TARGUS<br \/>\nMODELO: AKB862ES<br \/>\nN\u00daMERO DE PARTE: AKB862ES<\/p>\n<p>CARACTER\u00cdSTICAS<br \/>\nTeclado compacto antimicrobiano Bluetooth, para m\u00faltiples dispositivos.<br \/>\nVERSATILIDAD: Equipado con una mejor respuesta de escritura y conectividad multidispositivo, puede convertir cualquier espacio en un espacio de trabajo con este teclado de dise\u00f1o delgado.<br \/>\nMULTIDISPOSITIVO: Puede conectarse a su tel\u00e9fono, su computadora port\u00e1til y su tableta, y cambiar f\u00e1cilmente entre cada uno con solo presionar un bot\u00f3n.<br \/>\nCONEXI\u00d3N: Utiliza la tecnolog\u00eda inal\u00e1mbrica Bluetooth 5.1.<br \/>\nINDICADOR DE BATER\u00cdA: Encienda su teclado con solo presionar el bot\u00f3n de encendido y observe la luz indicadora de duraci\u00f3n de la bater\u00eda.<br \/>\nBATER\u00cdAS: Incluye bater\u00edas AAA.<br \/>\nANTIMICROBIANO: Para un beneficio adicional, este teclado cuenta con Targus DefenseGuard Antimicrobial Protection, que crea una superficie m\u00e1s limpia y trabaja continuamente para proteger el teclado evitando el crecimiento de microorganismos. A diferencia de los aerosoles aplicados t\u00f3picamente, los teclados DefenseGuard se tratan con un aditivo antimicrobiano que no se desgasta y dura toda la vida \u00fatil del producto.<\/p>\n","protected":false},"excerpt":{"rendered":"<p>&#8211;<\/p>\n","protected":false},"featured_media":15818,"template":"","meta":[],"pwb-brand":[],"product_brand":[],"product_cat":[188],"product_tag":[],"class_list":{"0":"post-15566","1":"product","2":"type-product","3":"status-publish","4":"has-post-thumbnail","6":"product_cat-188","8":"first","9":"instock","10":"taxable","11":"shipping-taxable","12":"purchasable","13":"product-type-simple"},"brands":[],"_links":{"self":[{"href":"https:\/\/tmp.compunegocios.com.pe\/index.php\/wp-json\/wp\/v2\/product\/15566","targetHints":{"allow":["GET"]}}],"collection":[{"href":"https:\/\/tmp.compunegocios.com.pe\/index.php\/wp-json\/wp\/v2\/product"}],"about":[{"href":"https:\/\/tmp.compunegocios.com.pe\/index.php\/wp-json\/wp\/v2\/types\/product"}],"wp:featuredmedia":[{"embeddable":true,"href":"https:\/\/tmp.compunegocios.com.pe\/index.php\/wp-json\/wp\/v2\/media\/15818"}],"wp:attachment":[{"href":"https:\/\/tmp.compunegocios.com.pe\/index.php\/wp-json\/wp\/v2\/media?parent=15566"}],"wp:term":[{"taxonomy":"pwb-brand","embeddable":true,"href":"https:\/\/tmp.compunegocios.com.pe\/index.php\/wp-json\/wp\/v2\/pwb-brand?post=15566"},{"taxonomy":"product_brand","embeddable":true,"href":"https:\/\/tmp.compunegocios.com.pe\/index.php\/wp-json\/wp\/v2\/product_brand?post=15566"},{"taxonomy":"product_cat","embeddable":true,"href":"https:\/\/tmp.compunegocios.com.pe\/index.php\/wp-json\/wp\/v2\/product_cat?post=15566"},{"taxonomy":"product_tag","embeddable":true,"href":"https:\/\/tmp.compunegocios.com.pe\/index.php\/wp-json\/wp\/v2\/product_tag?post=15566"}],"curies":[{"name":"wp","href":"https:\/\/api.w.org\/{rel}","templated":true}]}}