{"id":15568,"date":"2024-07-12T15:52:53","date_gmt":"2024-07-12T15:52:53","guid":{"rendered":"http:\/\/compunegocios.com.pe\/index.php\/product\/mouse-inalambrico-genius-nx-7009-white-grey\/"},"modified":"2025-08-19T16:19:12","modified_gmt":"2025-08-19T16:19:12","slug":"mouse-inalambrico-genius-nx-7009-white-grey","status":"publish","type":"product","link":"https:\/\/tmp.compunegocios.com.pe\/index.php\/product\/mouse-inalambrico-genius-nx-7009-white-grey\/","title":{"rendered":"MOUSE INALAMBRICO GENIUS NX-7009 BLUEEYE ERGONOMICO WHITE GREY"},"content":{"rendered":"<p>MOUSE INALAMBRICO GENIUS NX-7009 BLUEEYE ERGONOMICO WHITE GREY<\/p>\n<p>DISE\u00d1O ERGON\u00d3MICO: Dise\u00f1o ergon\u00f3mico para evitar la fatiga de palma y mu\u00f1eca.<br \/>\nSENSOR: Sensor Blueeye que le permite usar el mouse en la mayor\u00eda de superfies como: M\u00e1rmol, textiles, vidrio mate, etc.<br \/>\nENCENDIDO: Bot\u00f3n de encendido y apagado para extender la vida de su bater\u00eda.<br \/>\nCONEXI\u00d3N: Tecnolog\u00eda inal\u00e1mbrica 2.4 GHz.<br \/>\nRESOLUCI\u00d3N: DPI: 1200.<br \/>\nSENSOR \u00d3ptico: Blueeye.<br \/>\nCANTIDAD DE BOTONES: 3.<br \/>\nTIPO DE BATER\u00cdA: Alcalina 1 x AA. Pico receptor USB.<br \/>\nDIMENSIONES: 65.3 x 103 x 36 mm.<\/p>\n","protected":false},"excerpt":{"rendered":"<p>&#8211;<\/p>\n","protected":false},"featured_media":15821,"template":"","meta":[],"pwb-brand":[],"product_brand":[],"product_cat":[193],"product_tag":[],"class_list":{"0":"post-15568","1":"product","2":"type-product","3":"status-publish","4":"has-post-thumbnail","6":"product_cat-193","8":"first","9":"outofstock","10":"taxable","11":"shipping-taxable","12":"purchasable","13":"product-type-simple"},"brands":[],"_links":{"self":[{"href":"https:\/\/tmp.compunegocios.com.pe\/index.php\/wp-json\/wp\/v2\/product\/15568","targetHints":{"allow":["GET"]}}],"collection":[{"href":"https:\/\/tmp.compunegocios.com.pe\/index.php\/wp-json\/wp\/v2\/product"}],"about":[{"href":"https:\/\/tmp.compunegocios.com.pe\/index.php\/wp-json\/wp\/v2\/types\/product"}],"wp:featuredmedia":[{"embeddable":true,"href":"https:\/\/tmp.compunegocios.com.pe\/index.php\/wp-json\/wp\/v2\/media\/15821"}],"wp:attachment":[{"href":"https:\/\/tmp.compunegocios.com.pe\/index.php\/wp-json\/wp\/v2\/media?parent=15568"}],"wp:term":[{"taxonomy":"pwb-brand","embeddable":true,"href":"https:\/\/tmp.compunegocios.com.pe\/index.php\/wp-json\/wp\/v2\/pwb-brand?post=15568"},{"taxonomy":"product_brand","embeddable":true,"href":"https:\/\/tmp.compunegocios.com.pe\/index.php\/wp-json\/wp\/v2\/product_brand?post=15568"},{"taxonomy":"product_cat","embeddable":true,"href":"https:\/\/tmp.compunegocios.com.pe\/index.php\/wp-json\/wp\/v2\/product_cat?post=15568"},{"taxonomy":"product_tag","embeddable":true,"href":"https:\/\/tmp.compunegocios.com.pe\/index.php\/wp-json\/wp\/v2\/product_tag?post=15568"}],"curies":[{"name":"wp","href":"https:\/\/api.w.org\/{rel}","templated":true}]}}