{"id":15569,"date":"2024-07-12T15:55:59","date_gmt":"2024-07-12T15:55:59","guid":{"rendered":"http:\/\/compunegocios.com.pe\/index.php\/product\/camara-genius-facecam-quiet-fhd-1080p-usb-iron-grey-pn-32200005400\/"},"modified":"2025-08-19T16:19:13","modified_gmt":"2025-08-19T16:19:13","slug":"camara-genius-facecam-quiet-fhd-1080p-usb-iron-grey-pn-32200005400","status":"publish","type":"product","link":"https:\/\/tmp.compunegocios.com.pe\/index.php\/product\/camara-genius-facecam-quiet-fhd-1080p-usb-iron-grey-pn-32200005400\/","title":{"rendered":"CAMARA GENIUS FACECAM QUIET FHD 1080P USB IRON GREY (PN: 32200005400)"},"content":{"rendered":"<p>CAMARA GENIUS FACECAM QUIET FHD 1080P USB IRON GREY (PN: 32200005400)<\/p>\n<p>MARCA: GENIUS<br \/>\nMODELO: FACECAM QUIET<br \/>\nN\u00daMERO DE PARTE: 32200005400<\/p>\n<p>CARACTER\u00cdSTICAS<br \/>\nC\u00e1mara web de eliminaci\u00f3n de ruido Full HD 1080P.<br \/>\n3 MODOS: FaceCam Quiet es nuestra primera c\u00e1mara web inteligente con reducci\u00f3n de ruido. Hay tres modos disponibles: Normal, Privado, Conferencia; si\u00e9ntase libre de cambiar a modo diferente que necesita en varias ocasiones f\u00e1cilmente. Solo capta tu voz; aseg\u00farese de que su voz clara llegue al lado remoto.<br \/>\nNITIDEZ DEL SONIDO: Disfruta de hablar con videollamadas n\u00edtidas.<\/p>\n<p>ESPECIFICACIONES<br \/>\nRESOLUCI\u00d3N: Full HD, 1920 x 1080p<br \/>\nCANCELACI\u00d3N DE RUIDO: S\u00ed<br \/>\nCLIP DE PEL\u00cdCULA\tMPEG4, 30 fps<br \/>\nMICR\u00d3FONO INCORPORADO: Micr\u00f3fono digital dual<br \/>\nENFOQUE: Foco fijo 60cm<br \/>\nUVC (Plug &amp; Play): F\u00e1cil conexi\u00f3n<\/p>\n","protected":false},"excerpt":{"rendered":"<p>&#8211;<\/p>\n","protected":false},"featured_media":15824,"template":"","meta":[],"pwb-brand":[],"product_brand":[],"product_cat":[160],"product_tag":[],"class_list":{"0":"post-15569","1":"product","2":"type-product","3":"status-publish","4":"has-post-thumbnail","6":"product_cat-160","8":"first","9":"outofstock","10":"taxable","11":"shipping-taxable","12":"purchasable","13":"product-type-simple"},"brands":[],"_links":{"self":[{"href":"https:\/\/tmp.compunegocios.com.pe\/index.php\/wp-json\/wp\/v2\/product\/15569","targetHints":{"allow":["GET"]}}],"collection":[{"href":"https:\/\/tmp.compunegocios.com.pe\/index.php\/wp-json\/wp\/v2\/product"}],"about":[{"href":"https:\/\/tmp.compunegocios.com.pe\/index.php\/wp-json\/wp\/v2\/types\/product"}],"wp:featuredmedia":[{"embeddable":true,"href":"https:\/\/tmp.compunegocios.com.pe\/index.php\/wp-json\/wp\/v2\/media\/15824"}],"wp:attachment":[{"href":"https:\/\/tmp.compunegocios.com.pe\/index.php\/wp-json\/wp\/v2\/media?parent=15569"}],"wp:term":[{"taxonomy":"pwb-brand","embeddable":true,"href":"https:\/\/tmp.compunegocios.com.pe\/index.php\/wp-json\/wp\/v2\/pwb-brand?post=15569"},{"taxonomy":"product_brand","embeddable":true,"href":"https:\/\/tmp.compunegocios.com.pe\/index.php\/wp-json\/wp\/v2\/product_brand?post=15569"},{"taxonomy":"product_cat","embeddable":true,"href":"https:\/\/tmp.compunegocios.com.pe\/index.php\/wp-json\/wp\/v2\/product_cat?post=15569"},{"taxonomy":"product_tag","embeddable":true,"href":"https:\/\/tmp.compunegocios.com.pe\/index.php\/wp-json\/wp\/v2\/product_tag?post=15569"}],"curies":[{"name":"wp","href":"https:\/\/api.w.org\/{rel}","templated":true}]}}