{"id":15606,"date":"2024-07-12T17:06:17","date_gmt":"2024-07-12T17:06:17","guid":{"rendered":"http:\/\/compunegocios.com.pe\/index.php\/product\/presentador-targus-c-puntero-wireless-bluetooth-antimicrobial-20m-pn-amp06704amgl\/"},"modified":"2025-08-19T16:19:13","modified_gmt":"2025-08-19T16:19:13","slug":"presentador-targus-c-puntero-wireless-bluetooth-antimicrobial-20m-pn-amp06704amgl","status":"publish","type":"product","link":"https:\/\/tmp.compunegocios.com.pe\/index.php\/product\/presentador-targus-c-puntero-wireless-bluetooth-antimicrobial-20m-pn-amp06704amgl\/","title":{"rendered":"PRESENTADOR TARGUS C\/PUNTERO WIRELESS\/BLUETOOTH ANTIMICROBIAL 20M (PN: AMP06704AMGL)"},"content":{"rendered":"<p>PRESENTADOR TARGUS C\/PUNTERO WIRELESS\/BLUETOOTH ANTIMICROBIAL 20M (PN: AMP06704AMGL)<\/p>\n<p>MARCA: TARGUS<br \/>\nN\u00daMERO DE PARTE: AMP06704AMGL<\/p>\n<p>CARACTER\u00cdSTICAS<br \/>\nPresentador antimicrobiano de modo dual Control Plus con l\u00e1ser.<br \/>\nRealice presentaciones sin esfuerzo con un presentador inal\u00e1mbrico simple e intuitivo con conectividad dual y puntero l\u00e1ser rojo.<br \/>\nCONECTIVIDAD: Conectividad dual con Bluetooth o conexi\u00f3n inal\u00e1mbrica de 2,4 GHzEl receptor USB admite el cifrado AES de 128 bits, lo que evita que los piratas inform\u00e1ticos se apoderen de su presentaci\u00f3n o descarguen virus en su dispositivo.<br \/>\nANTIMICROBIANO: El acabado protector con infusi\u00f3n antimicrobiana del material crea una superficie m\u00e1s limpia, protege al presentador y trabaja continuamente para prevenir el crecimiento de microorganismos.<br \/>\nALCANCE: El puntero l\u00e1ser rojo enfatiza los puntos claveAlcance de 20 metros (65 pies).<br \/>\nALERTAS: Alerta LED de bater\u00eda baja. Indicador luminoso cuando el receptor USB est\u00e1 desconectadoFunci\u00f3n autom\u00e1tica de reposo\/activaci\u00f3n.<br \/>\nBATER\u00cdA: Incluye 1 bater\u00eda AAA.<\/p>\n","protected":false},"excerpt":{"rendered":"<p>&#8211;<\/p>\n","protected":false},"featured_media":15826,"template":"","meta":[],"pwb-brand":[],"product_brand":[],"product_cat":[196],"product_tag":[],"class_list":{"0":"post-15606","1":"product","2":"type-product","3":"status-publish","4":"has-post-thumbnail","6":"product_cat-196","8":"first","9":"instock","10":"taxable","11":"shipping-taxable","12":"purchasable","13":"product-type-simple"},"brands":[],"_links":{"self":[{"href":"https:\/\/tmp.compunegocios.com.pe\/index.php\/wp-json\/wp\/v2\/product\/15606","targetHints":{"allow":["GET"]}}],"collection":[{"href":"https:\/\/tmp.compunegocios.com.pe\/index.php\/wp-json\/wp\/v2\/product"}],"about":[{"href":"https:\/\/tmp.compunegocios.com.pe\/index.php\/wp-json\/wp\/v2\/types\/product"}],"wp:featuredmedia":[{"embeddable":true,"href":"https:\/\/tmp.compunegocios.com.pe\/index.php\/wp-json\/wp\/v2\/media\/15826"}],"wp:attachment":[{"href":"https:\/\/tmp.compunegocios.com.pe\/index.php\/wp-json\/wp\/v2\/media?parent=15606"}],"wp:term":[{"taxonomy":"pwb-brand","embeddable":true,"href":"https:\/\/tmp.compunegocios.com.pe\/index.php\/wp-json\/wp\/v2\/pwb-brand?post=15606"},{"taxonomy":"product_brand","embeddable":true,"href":"https:\/\/tmp.compunegocios.com.pe\/index.php\/wp-json\/wp\/v2\/product_brand?post=15606"},{"taxonomy":"product_cat","embeddable":true,"href":"https:\/\/tmp.compunegocios.com.pe\/index.php\/wp-json\/wp\/v2\/product_cat?post=15606"},{"taxonomy":"product_tag","embeddable":true,"href":"https:\/\/tmp.compunegocios.com.pe\/index.php\/wp-json\/wp\/v2\/product_tag?post=15606"}],"curies":[{"name":"wp","href":"https:\/\/api.w.org\/{rel}","templated":true}]}}