{"id":15608,"date":"2024-07-12T17:31:21","date_gmt":"2024-07-12T17:31:21","guid":{"rendered":"http:\/\/compunegocios.com.pe\/index.php\/product\/radio-walkie-talkie-motorola-t470pe-talkabout-14-canales-frecuencia-uhf\/"},"modified":"2025-08-19T16:19:15","modified_gmt":"2025-08-19T16:19:15","slug":"radio-walkie-talkie-motorola-t470pe-talkabout-14-canales-frecuencia-uhf","status":"publish","type":"product","link":"https:\/\/tmp.compunegocios.com.pe\/index.php\/product\/radio-walkie-talkie-motorola-t470pe-talkabout-14-canales-frecuencia-uhf\/","title":{"rendered":"RADIO WALKIE TALKIE MOTOROLA T470PE TALKABOUT 14 CANALES FRECUENCIA UHF"},"content":{"rendered":"<p>RADIO WALKIE TALKIE MOTOROLA T470PE TALKABOUT 14 CANALES FRECUENCIA UHF<\/p>\n<p>Set de 2 radios FRS Motorola Talkabout T470 que te asegurar\u00e1n una comunicaci\u00f3n clara y sin interferencias. Estos comunicadores port\u00e1tiles son ideales para tus paseos al aire libre y actividades en el exterior, como el trekking y el camping.<br \/>\nCuentan con 14 canales para que te mantengas en contacto de manera inal\u00e1mbrica. Es f\u00e1cil de transportar gracias a su peso liviano y dise\u00f1o compacto.<br \/>\nEste set de walkie-talkie con linterna tiene un alcance de hasta 35 km. Su bater\u00eda de larga duraci\u00f3n te ofrece hasta 12 horas de uso.<\/p>\n","protected":false},"excerpt":{"rendered":"<p>&#8211;<\/p>\n","protected":false},"featured_media":15833,"template":"","meta":[],"pwb-brand":[],"product_brand":[],"product_cat":[243],"product_tag":[],"class_list":{"0":"post-15608","1":"product","2":"type-product","3":"status-publish","4":"has-post-thumbnail","6":"product_cat-243","8":"first","9":"outofstock","10":"taxable","11":"shipping-taxable","12":"purchasable","13":"product-type-simple"},"brands":[],"_links":{"self":[{"href":"https:\/\/tmp.compunegocios.com.pe\/index.php\/wp-json\/wp\/v2\/product\/15608","targetHints":{"allow":["GET"]}}],"collection":[{"href":"https:\/\/tmp.compunegocios.com.pe\/index.php\/wp-json\/wp\/v2\/product"}],"about":[{"href":"https:\/\/tmp.compunegocios.com.pe\/index.php\/wp-json\/wp\/v2\/types\/product"}],"wp:featuredmedia":[{"embeddable":true,"href":"https:\/\/tmp.compunegocios.com.pe\/index.php\/wp-json\/wp\/v2\/media\/15833"}],"wp:attachment":[{"href":"https:\/\/tmp.compunegocios.com.pe\/index.php\/wp-json\/wp\/v2\/media?parent=15608"}],"wp:term":[{"taxonomy":"pwb-brand","embeddable":true,"href":"https:\/\/tmp.compunegocios.com.pe\/index.php\/wp-json\/wp\/v2\/pwb-brand?post=15608"},{"taxonomy":"product_brand","embeddable":true,"href":"https:\/\/tmp.compunegocios.com.pe\/index.php\/wp-json\/wp\/v2\/product_brand?post=15608"},{"taxonomy":"product_cat","embeddable":true,"href":"https:\/\/tmp.compunegocios.com.pe\/index.php\/wp-json\/wp\/v2\/product_cat?post=15608"},{"taxonomy":"product_tag","embeddable":true,"href":"https:\/\/tmp.compunegocios.com.pe\/index.php\/wp-json\/wp\/v2\/product_tag?post=15608"}],"curies":[{"name":"wp","href":"https:\/\/api.w.org\/{rel}","templated":true}]}}