{"id":15648,"date":"2024-07-12T22:09:53","date_gmt":"2024-07-12T22:09:53","guid":{"rendered":"http:\/\/compunegocios.com.pe\/index.php\/product\/webcam-halion-ha-w04-480p-negro-con-microfono\/"},"modified":"2025-08-19T16:19:19","modified_gmt":"2025-08-19T16:19:19","slug":"webcam-halion-ha-w04-480p-negro-con-microfono","status":"publish","type":"product","link":"https:\/\/tmp.compunegocios.com.pe\/index.php\/product\/webcam-halion-ha-w04-480p-negro-con-microfono\/","title":{"rendered":"WEBCAM HALION HA-W04 480P NEGRO CON MICR\u00d3FONO"},"content":{"rendered":"<p>C\u00c1MARA WEB HALION HA-W04 480P NEGRO CON MICR\u00d3FONO<\/p>\n<p>Resoluci\u00f3n: 640 x 480 pixel, 0.3 mega pixeles<br \/>\nSoluci\u00f3n: CMOS OW0309, Sensor: 1G + 2P<br \/>\nMicr\u00f3fono incluido<br \/>\nLongitud del cable: 1.5mt<br \/>\nTama\u00f1o: 4.5 x 7cm<br \/>\nColores: negro y blanco<\/p>\n","protected":false},"excerpt":{"rendered":"<p>&#8211;<\/p>\n","protected":false},"featured_media":15846,"template":"","meta":[],"pwb-brand":[],"product_brand":[],"product_cat":[160],"product_tag":[],"class_list":{"0":"post-15648","1":"product","2":"type-product","3":"status-publish","4":"has-post-thumbnail","6":"product_cat-160","8":"first","9":"outofstock","10":"taxable","11":"shipping-taxable","12":"purchasable","13":"product-type-simple"},"brands":[],"_links":{"self":[{"href":"https:\/\/tmp.compunegocios.com.pe\/index.php\/wp-json\/wp\/v2\/product\/15648","targetHints":{"allow":["GET"]}}],"collection":[{"href":"https:\/\/tmp.compunegocios.com.pe\/index.php\/wp-json\/wp\/v2\/product"}],"about":[{"href":"https:\/\/tmp.compunegocios.com.pe\/index.php\/wp-json\/wp\/v2\/types\/product"}],"wp:featuredmedia":[{"embeddable":true,"href":"https:\/\/tmp.compunegocios.com.pe\/index.php\/wp-json\/wp\/v2\/media\/15846"}],"wp:attachment":[{"href":"https:\/\/tmp.compunegocios.com.pe\/index.php\/wp-json\/wp\/v2\/media?parent=15648"}],"wp:term":[{"taxonomy":"pwb-brand","embeddable":true,"href":"https:\/\/tmp.compunegocios.com.pe\/index.php\/wp-json\/wp\/v2\/pwb-brand?post=15648"},{"taxonomy":"product_brand","embeddable":true,"href":"https:\/\/tmp.compunegocios.com.pe\/index.php\/wp-json\/wp\/v2\/product_brand?post=15648"},{"taxonomy":"product_cat","embeddable":true,"href":"https:\/\/tmp.compunegocios.com.pe\/index.php\/wp-json\/wp\/v2\/product_cat?post=15648"},{"taxonomy":"product_tag","embeddable":true,"href":"https:\/\/tmp.compunegocios.com.pe\/index.php\/wp-json\/wp\/v2\/product_tag?post=15648"}],"curies":[{"name":"wp","href":"https:\/\/api.w.org\/{rel}","templated":true}]}}