{"id":15674,"date":"2024-07-13T15:17:50","date_gmt":"2024-07-13T15:17:50","guid":{"rendered":"http:\/\/compunegocios.com.pe\/index.php\/product\/tinta-hp-cz129a-711-yellow-para-designjet-t120-t520-38ml\/"},"modified":"2025-08-19T16:19:22","modified_gmt":"2025-08-19T16:19:22","slug":"tinta-hp-cz129a-711-yellow-para-designjet-t120-t520-38ml","status":"publish","type":"product","link":"https:\/\/tmp.compunegocios.com.pe\/index.php\/product\/tinta-hp-cz129a-711-yellow-para-designjet-t120-t520-38ml\/","title":{"rendered":"TINTA HP CZ129A (711) BLACK PARA DESIGNJET T120\/T520 38ML"},"content":{"rendered":"<p>TINTA HP CZ129A (711) BLACK PARA DESIGNJET T120\/T520 38ML<\/p>\n<p>Marca: Hp<br \/>\nC\u00f3digo: CZ129A<br \/>\nColor: Negro<br \/>\nTecnolog\u00eda de impresi\u00f3n: Inyecci\u00f3n t\u00e9rmica de tinta HP<br \/>\nTipos de Tinta: Con Base de Pigmento<br \/>\nContenido: 38ml<\/p>\n","protected":false},"excerpt":{"rendered":"<p>&#8211;<\/p>\n","protected":false},"featured_media":15855,"template":"","meta":[],"pwb-brand":[340],"product_brand":[],"product_cat":[257],"product_tag":[],"class_list":{"0":"post-15674","1":"product","2":"type-product","3":"status-publish","4":"has-post-thumbnail","6":"pwb-brand-hp","7":"product_cat-257","9":"first","10":"outofstock","11":"taxable","12":"shipping-taxable","13":"purchasable","14":"product-type-simple"},"brands":[{"id":340,"name":"HP","slug":"hp"}],"_links":{"self":[{"href":"https:\/\/tmp.compunegocios.com.pe\/index.php\/wp-json\/wp\/v2\/product\/15674","targetHints":{"allow":["GET"]}}],"collection":[{"href":"https:\/\/tmp.compunegocios.com.pe\/index.php\/wp-json\/wp\/v2\/product"}],"about":[{"href":"https:\/\/tmp.compunegocios.com.pe\/index.php\/wp-json\/wp\/v2\/types\/product"}],"wp:featuredmedia":[{"embeddable":true,"href":"https:\/\/tmp.compunegocios.com.pe\/index.php\/wp-json\/wp\/v2\/media\/15855"}],"wp:attachment":[{"href":"https:\/\/tmp.compunegocios.com.pe\/index.php\/wp-json\/wp\/v2\/media?parent=15674"}],"wp:term":[{"taxonomy":"pwb-brand","embeddable":true,"href":"https:\/\/tmp.compunegocios.com.pe\/index.php\/wp-json\/wp\/v2\/pwb-brand?post=15674"},{"taxonomy":"product_brand","embeddable":true,"href":"https:\/\/tmp.compunegocios.com.pe\/index.php\/wp-json\/wp\/v2\/product_brand?post=15674"},{"taxonomy":"product_cat","embeddable":true,"href":"https:\/\/tmp.compunegocios.com.pe\/index.php\/wp-json\/wp\/v2\/product_cat?post=15674"},{"taxonomy":"product_tag","embeddable":true,"href":"https:\/\/tmp.compunegocios.com.pe\/index.php\/wp-json\/wp\/v2\/product_tag?post=15674"}],"curies":[{"name":"wp","href":"https:\/\/api.w.org\/{rel}","templated":true}]}}