{"id":15675,"date":"2024-07-13T16:54:33","date_gmt":"2024-07-13T16:54:33","guid":{"rendered":"http:\/\/compunegocios.com.pe\/index.php\/product\/parlante-creative-pebble-51mf1695aa000-v2-2-0-8w-16w-3-5mm-usb-c-power-black\/"},"modified":"2025-08-19T16:19:23","modified_gmt":"2025-08-19T16:19:23","slug":"parlante-creative-pebble-51mf1695aa000-v2-2-0-8w-16w-3-5mm-usb-c-power-black","status":"publish","type":"product","link":"https:\/\/tmp.compunegocios.com.pe\/index.php\/product\/parlante-creative-pebble-51mf1695aa000-v2-2-0-8w-16w-3-5mm-usb-c-power-black\/","title":{"rendered":"PARLANTE CREATIVE PEBBLE  (51MF1695AA000) V2 2.0 8W\/16W 3.5MM USB-C-POWER BLACK"},"content":{"rendered":"<p>PARLANTE CREATIVE PEBBLE  (51MF1695AA000) V2 2.0 8W\/16W 3.5MM USB-C-POWER BLACK<\/p>\n<p>MARCA: CREATIVE<br \/>\nMODELO: PEBBLE V2<br \/>\nN\u00daMERO DE PARTE: 51MF1695AA000<br \/>\nCARACTER\u00cdSTICAS<br \/>\nAltavoces de escritorio minimalistas 2.0 con alimentaci\u00f3n USB y conectividad USB-C.<br \/>\nCONECTIVIDAD USB-C\tPebble V2: mantenemos su dise\u00f1o minimalista y le brindamos conectividad USB-C para una mayor potencia de salida.<br \/>\nSONIDO: Interruptor de ganancia incorporado para ayudar a amplificar su audio para que pueda subir el volumen de su m\u00fasica y seguir siendo sorprendente.<br \/>\nDISE\u00d1O: Pebble V2 ocupa poco espacio con un dise\u00f1o limpio y moderno que se integra naturalmente en cualquier oficina, hogar, espacio de trabajo y<br \/>\nconfiguraci\u00f3n de estaci\u00f3n de batalla minimalista.<br \/>\nCONEXI\u00d3N: Alimentado completamente a trav\u00e9s de USB-C con un conector est\u00e1ndar de 3,5 mm para audio, disfrute de una calidad de sonido mejorada con mayor potencia de salida sin distorsi\u00f3n.<br \/>\nLONGITUD DEL CABLE: En cuanto a la longitud del cable, \u00a1te hemos escuchado! Pebble V2 ahora tiene un cable m\u00e1s largo que conecta los altavoces sat\u00e9lite derecho e izquierdo sin sacrificar la calidad del audio para obtener la mejor experiencia de audio.<br \/>\nCONVERTIDOR A USB-A: Hemos incluido un convertidor de USB-C a USB-A para que pueda comenzar de inmediato. Todo lo que necesita hacer es conectar el convertidor al cable USB-C antes de insertarlo en el puerto USB tipo A y el conector de 3,5 mm en el puerto de entrada AUX.<br \/>\nMAYOR POTENCIA: Cuando se conecta a un puerto USB-C o USB-A de 10 W, el interruptor de ganancia incorporado en Pebble V2 activa el modo de alta ganancia para audio amplificado, disparando una potencia ac\u00fastica de 8 W RMS y una potencia m\u00e1xima de hasta 16 W. Hasta 2 veces m\u00e1s potente que Pebble, escucha tus tus canciones favoritas o mira las \u00faltimas series a niveles de volumen m\u00e1s altos sin arruinar la potencia del audio.<br \/>\nCONTROLADORES ELEVADOS: Pebble V2 conserva los mismos controladores elevados de 45\u00b0 que est\u00e1n espec\u00edficamente en \u00e1ngulo, por lo que el audio se dirige a tus o\u00eddos, coloc\u00e1ndote en el punto \u00f3ptimo para una experiencia auditiva personal inmersiva.<\/p>\n","protected":false},"excerpt":{"rendered":"<p>&#8211;<\/p>\n","protected":false},"featured_media":15856,"template":"","meta":[],"pwb-brand":[],"product_brand":[],"product_cat":[159],"product_tag":[],"class_list":{"0":"post-15675","1":"product","2":"type-product","3":"status-publish","4":"has-post-thumbnail","6":"product_cat-159","8":"first","9":"outofstock","10":"taxable","11":"shipping-taxable","12":"purchasable","13":"product-type-simple"},"brands":[],"_links":{"self":[{"href":"https:\/\/tmp.compunegocios.com.pe\/index.php\/wp-json\/wp\/v2\/product\/15675","targetHints":{"allow":["GET"]}}],"collection":[{"href":"https:\/\/tmp.compunegocios.com.pe\/index.php\/wp-json\/wp\/v2\/product"}],"about":[{"href":"https:\/\/tmp.compunegocios.com.pe\/index.php\/wp-json\/wp\/v2\/types\/product"}],"wp:featuredmedia":[{"embeddable":true,"href":"https:\/\/tmp.compunegocios.com.pe\/index.php\/wp-json\/wp\/v2\/media\/15856"}],"wp:attachment":[{"href":"https:\/\/tmp.compunegocios.com.pe\/index.php\/wp-json\/wp\/v2\/media?parent=15675"}],"wp:term":[{"taxonomy":"pwb-brand","embeddable":true,"href":"https:\/\/tmp.compunegocios.com.pe\/index.php\/wp-json\/wp\/v2\/pwb-brand?post=15675"},{"taxonomy":"product_brand","embeddable":true,"href":"https:\/\/tmp.compunegocios.com.pe\/index.php\/wp-json\/wp\/v2\/product_brand?post=15675"},{"taxonomy":"product_cat","embeddable":true,"href":"https:\/\/tmp.compunegocios.com.pe\/index.php\/wp-json\/wp\/v2\/product_cat?post=15675"},{"taxonomy":"product_tag","embeddable":true,"href":"https:\/\/tmp.compunegocios.com.pe\/index.php\/wp-json\/wp\/v2\/product_tag?post=15675"}],"curies":[{"name":"wp","href":"https:\/\/api.w.org\/{rel}","templated":true}]}}