{"id":15676,"date":"2024-07-13T17:04:09","date_gmt":"2024-07-13T17:04:09","guid":{"rendered":"http:\/\/compunegocios.com.pe\/index.php\/product\/camara-web-logitech-brio-300-full-hd-1080p-usb-c-black-microfono-integrado\/"},"modified":"2025-08-19T16:19:23","modified_gmt":"2025-08-19T16:19:23","slug":"camara-web-logitech-brio-300-full-hd-1080p-usb-c-black-microfono-integrado","status":"publish","type":"product","link":"https:\/\/tmp.compunegocios.com.pe\/index.php\/product\/camara-web-logitech-brio-300-full-hd-1080p-usb-c-black-microfono-integrado\/","title":{"rendered":"C\u00c1MARA WEB LOGITECH BRIO 300 FULL HD 1080P USB-C BLACK MICR\u00d3FONO INTEGRADO"},"content":{"rendered":"<p>C\u00c1MARA WEB LOGITECH BRIO 300 FULL HD 1080P USB-C BLACK MICR\u00d3FONO INTEGRADO<\/p>\n<p>MARCA: Logitech<br \/>\nMODELO: Brio 300<br \/>\nPART NUMBER: 960-001413<br \/>\nCONEXION: USB Tipo-C<br \/>\nTIPO DE ENFOQUE: Foco fijo<br \/>\nTECNOLOGIA DE LENTE: Rightlight<br \/>\nTIPO DE MICROFONO: Mono integrado<br \/>\nRESOLUCION: 1080p\/30 fps<\/p>\n<p>CARACTERISTICAS<br \/>\nM\u00faltiples resoluciones: 1080p\/30 fps (1920 x 1080 p\u00edxeles) \/ 720p\/30 fps (1280 x 720 p\u00edxeles)<br \/>\nMegap\u00edxeles de c\u00e1mara: 2MP<br \/>\nCampo visual diagonal (dFoV): 70\u00b0<br \/>\nZoom de hardware: zoom digital 1x<br \/>\nTipo de lente: Custom Logi 4 element lens with anti-reflective coating<br \/>\nTapa de privacidad integrada, Conexi\u00f3n USB-C Plug and Play<br \/>\nAdmitido en Logi Tune<br \/>\nTipo de micr\u00f3fono integrado<\/p>\n<p>MICROFONO<br \/>\nRadio de acci\u00f3n del micr\u00f3fono: Hasta 1.22 m<br \/>\nRightLight 2 equilibra autom\u00e1ticamente el brillo, ajusta el contraste y compensa los entornos de iluminaci\u00f3n dif\u00edciles para ofrecer una presentaci\u00f3n natural<\/p>\n","protected":false},"excerpt":{"rendered":"<p>&#8211;<\/p>\n","protected":false},"featured_media":15858,"template":"","meta":[],"pwb-brand":[],"product_brand":[],"product_cat":[160],"product_tag":[],"class_list":{"0":"post-15676","1":"product","2":"type-product","3":"status-publish","4":"has-post-thumbnail","6":"product_cat-160","8":"first","9":"outofstock","10":"taxable","11":"shipping-taxable","12":"purchasable","13":"product-type-simple"},"brands":[],"_links":{"self":[{"href":"https:\/\/tmp.compunegocios.com.pe\/index.php\/wp-json\/wp\/v2\/product\/15676","targetHints":{"allow":["GET"]}}],"collection":[{"href":"https:\/\/tmp.compunegocios.com.pe\/index.php\/wp-json\/wp\/v2\/product"}],"about":[{"href":"https:\/\/tmp.compunegocios.com.pe\/index.php\/wp-json\/wp\/v2\/types\/product"}],"wp:featuredmedia":[{"embeddable":true,"href":"https:\/\/tmp.compunegocios.com.pe\/index.php\/wp-json\/wp\/v2\/media\/15858"}],"wp:attachment":[{"href":"https:\/\/tmp.compunegocios.com.pe\/index.php\/wp-json\/wp\/v2\/media?parent=15676"}],"wp:term":[{"taxonomy":"pwb-brand","embeddable":true,"href":"https:\/\/tmp.compunegocios.com.pe\/index.php\/wp-json\/wp\/v2\/pwb-brand?post=15676"},{"taxonomy":"product_brand","embeddable":true,"href":"https:\/\/tmp.compunegocios.com.pe\/index.php\/wp-json\/wp\/v2\/product_brand?post=15676"},{"taxonomy":"product_cat","embeddable":true,"href":"https:\/\/tmp.compunegocios.com.pe\/index.php\/wp-json\/wp\/v2\/product_cat?post=15676"},{"taxonomy":"product_tag","embeddable":true,"href":"https:\/\/tmp.compunegocios.com.pe\/index.php\/wp-json\/wp\/v2\/product_tag?post=15676"}],"curies":[{"name":"wp","href":"https:\/\/api.w.org\/{rel}","templated":true}]}}