{"id":15678,"date":"2024-07-13T17:16:37","date_gmt":"2024-07-13T17:16:37","guid":{"rendered":"http:\/\/compunegocios.com.pe\/index.php\/product\/mouse-logitech-m170-inalambrico-black-usb-pn-910-004940\/"},"modified":"2025-09-01T21:29:45","modified_gmt":"2025-09-01T21:29:45","slug":"mouse-logitech-m170-inalambrico-black-usb-pn-910-004940","status":"publish","type":"product","link":"https:\/\/tmp.compunegocios.com.pe\/index.php\/product\/mouse-logitech-m170-inalambrico-black-usb-pn-910-004940\/","title":{"rendered":"MOUSE LOGITECH M170 INALAMBRICO BLACK USB (PN: 910-004940)"},"content":{"rendered":"<p>MOUSE LOGITECH M170 INALAMBRICO BLACK USB (PN: 910-004940)<\/p>\n<p>Tecnolog\u00eda de sensor<br \/>\nSeguimiento \u00f3ptico uniforme<br \/>\nDPI (m\u00edn.\/m\u00e1x.): 1000<br \/>\nN\u00famero de botones: 3 (click izquierdo\/derecho, click de bot\u00f3n central)<br \/>\nCompatibilidad con Logi Options+ para Windows y macOS 1Disponible para Windows y macOS en logitech.com\/optionsplus<br \/>\nDesplazamiento l\u00ednea a l\u00ednea<br \/>\nRueda de desplazamiento: S\u00ed, 2D, \u00f3ptico<br \/>\nBater\u00eda: 12 meses 2La duraci\u00f3n de las bater\u00edas depende del uso y de los dispositivos<br \/>\nDetalles de bater\u00eda: 1 x AA (incluida)<\/p>\n","protected":false},"excerpt":{"rendered":"<p>&#8211;<\/p>\n","protected":false},"featured_media":15864,"template":"","meta":[],"pwb-brand":[],"product_brand":[],"product_cat":[193],"product_tag":[],"class_list":{"0":"post-15678","1":"product","2":"type-product","3":"status-publish","4":"has-post-thumbnail","6":"product_cat-193","8":"first","9":"instock","10":"taxable","11":"shipping-taxable","12":"purchasable","13":"product-type-simple"},"brands":[],"_links":{"self":[{"href":"https:\/\/tmp.compunegocios.com.pe\/index.php\/wp-json\/wp\/v2\/product\/15678","targetHints":{"allow":["GET"]}}],"collection":[{"href":"https:\/\/tmp.compunegocios.com.pe\/index.php\/wp-json\/wp\/v2\/product"}],"about":[{"href":"https:\/\/tmp.compunegocios.com.pe\/index.php\/wp-json\/wp\/v2\/types\/product"}],"wp:featuredmedia":[{"embeddable":true,"href":"https:\/\/tmp.compunegocios.com.pe\/index.php\/wp-json\/wp\/v2\/media\/15864"}],"wp:attachment":[{"href":"https:\/\/tmp.compunegocios.com.pe\/index.php\/wp-json\/wp\/v2\/media?parent=15678"}],"wp:term":[{"taxonomy":"pwb-brand","embeddable":true,"href":"https:\/\/tmp.compunegocios.com.pe\/index.php\/wp-json\/wp\/v2\/pwb-brand?post=15678"},{"taxonomy":"product_brand","embeddable":true,"href":"https:\/\/tmp.compunegocios.com.pe\/index.php\/wp-json\/wp\/v2\/product_brand?post=15678"},{"taxonomy":"product_cat","embeddable":true,"href":"https:\/\/tmp.compunegocios.com.pe\/index.php\/wp-json\/wp\/v2\/product_cat?post=15678"},{"taxonomy":"product_tag","embeddable":true,"href":"https:\/\/tmp.compunegocios.com.pe\/index.php\/wp-json\/wp\/v2\/product_tag?post=15678"}],"curies":[{"name":"wp","href":"https:\/\/api.w.org\/{rel}","templated":true}]}}