{"id":15679,"date":"2024-07-13T17:21:21","date_gmt":"2024-07-13T17:21:21","guid":{"rendered":"http:\/\/compunegocios.com.pe\/index.php\/product\/mouse-logitech-pop-bluetooth-coral-rose-pn-910-006545\/"},"modified":"2025-08-19T16:19:26","modified_gmt":"2025-08-19T16:19:26","slug":"mouse-logitech-pop-bluetooth-coral-rose-pn-910-006545","status":"publish","type":"product","link":"https:\/\/tmp.compunegocios.com.pe\/index.php\/product\/mouse-logitech-pop-bluetooth-coral-rose-pn-910-006545\/","title":{"rendered":"MOUSE LOGITECH POP BLUETOOTH CORAL ROSE (PN: 910-006545)"},"content":{"rendered":"<p>MOUSE LOGITECH POP BLUETOOTH CORAL ROSE (PN: 910-006545)<\/p>\n<p>SENSOR: Seguimiento \u00f3ptico de alta precisi\u00f3n Logitech. Rango de dpi: 1000-4000, valor nominal 1000 dpi.<br \/>\nBOTONES: 4 (clic izquierdo\/derecho, bot\u00f3n rueda con clic de bot\u00f3n central, bot\u00f3n superior). Bot\u00f3n superior personalizable con software de emojis.<br \/>\nMULTIDISPOSITIVO: 3 canales Easy-Switch, conmutador de encendido\/apagado con tecnolog\u00eda de ahorro de energ\u00eda.<br \/>\nBATER\u00cdA: Tipo de bater\u00edas: 1 bater\u00eda AA (incluida), Duraci\u00f3n de bater\u00edas: Hasta 24 meses.<br \/>\nTIPO DE CONEXI\u00d3N: Tecnolog\u00eda Bluetooth de bajo consumo (5.1), Compatible con receptor USB Logi Bolt.<br \/>\nRADIO DE ACCI\u00d3N: 10 m<\/p>\n","protected":false},"excerpt":{"rendered":"<p>&#8211;<\/p>\n","protected":false},"featured_media":15871,"template":"","meta":[],"pwb-brand":[],"product_brand":[],"product_cat":[193],"product_tag":[],"class_list":{"0":"post-15679","1":"product","2":"type-product","3":"status-publish","4":"has-post-thumbnail","6":"product_cat-193","8":"first","9":"outofstock","10":"taxable","11":"shipping-taxable","12":"purchasable","13":"product-type-simple"},"brands":[],"_links":{"self":[{"href":"https:\/\/tmp.compunegocios.com.pe\/index.php\/wp-json\/wp\/v2\/product\/15679","targetHints":{"allow":["GET"]}}],"collection":[{"href":"https:\/\/tmp.compunegocios.com.pe\/index.php\/wp-json\/wp\/v2\/product"}],"about":[{"href":"https:\/\/tmp.compunegocios.com.pe\/index.php\/wp-json\/wp\/v2\/types\/product"}],"wp:featuredmedia":[{"embeddable":true,"href":"https:\/\/tmp.compunegocios.com.pe\/index.php\/wp-json\/wp\/v2\/media\/15871"}],"wp:attachment":[{"href":"https:\/\/tmp.compunegocios.com.pe\/index.php\/wp-json\/wp\/v2\/media?parent=15679"}],"wp:term":[{"taxonomy":"pwb-brand","embeddable":true,"href":"https:\/\/tmp.compunegocios.com.pe\/index.php\/wp-json\/wp\/v2\/pwb-brand?post=15679"},{"taxonomy":"product_brand","embeddable":true,"href":"https:\/\/tmp.compunegocios.com.pe\/index.php\/wp-json\/wp\/v2\/product_brand?post=15679"},{"taxonomy":"product_cat","embeddable":true,"href":"https:\/\/tmp.compunegocios.com.pe\/index.php\/wp-json\/wp\/v2\/product_cat?post=15679"},{"taxonomy":"product_tag","embeddable":true,"href":"https:\/\/tmp.compunegocios.com.pe\/index.php\/wp-json\/wp\/v2\/product_tag?post=15679"}],"curies":[{"name":"wp","href":"https:\/\/api.w.org\/{rel}","templated":true}]}}