{"id":15682,"date":"2024-07-13T17:36:43","date_gmt":"2024-07-13T17:36:43","guid":{"rendered":"http:\/\/compunegocios.com.pe\/index.php\/product\/teclado-logitech-pebble-2-k380s-bluetooth-wireless-graphite-pn-920-011783\/"},"modified":"2025-08-19T16:19:28","modified_gmt":"2025-08-19T16:19:28","slug":"teclado-logitech-pebble-2-k380s-bluetooth-wireless-graphite-pn-920-011783","status":"publish","type":"product","link":"https:\/\/tmp.compunegocios.com.pe\/index.php\/product\/teclado-logitech-pebble-2-k380s-bluetooth-wireless-graphite-pn-920-011783\/","title":{"rendered":"TECLADO LOGITECH PEBBLE 2 K380S BLUETOOTH\/WIRELESS GRAPHITE (PN: 920-011783)"},"content":{"rendered":"<p>TECLADO LOGITECH PEBBLE 2 K380S BLUETOOTH\/WIRELESS GRAPHITE (PN: 920-011783)<\/p>\n<p>Caracteristicas especiales<br \/>\nDise\u00f1o delgado, liviano y minimalista hecho con pl\u00e1stico reciclado 1Contenido de pl\u00e1stico de Pebble Keys 2 K380s: m\u00ednimo 49% de pl\u00e1stico reciclado, excluido el pl\u00e1stico en el conjunto de cableado impreso (PWA) y el embalaje<br \/>\nEmparejamiento multidispositivo (hasta 3 dispositivos)<br \/>\nTeclas de acceso directo Fn personalizables con Logi Options + 2Disponible en Windows y macOS en logi.com\/optionsplus<br \/>\nEscritura confortable y discreta, como en una laptop, con teclas redondeadas de perfil bajo<\/p>\n<p>Teclas especiales del teclado<br \/>\nMostrar escritorio, b\u00fasqueda, retroceso, dictado de voz, men\u00fa de emojis, captura de pantalla<br \/>\nTeclas personalizables con la aplicaci\u00f3n Logi Options +<br \/>\nTeclas F4-F12 de accesos directos y aumento de volumen 3Disponible en Windows y macOS en logi.com\/optionsplus<br \/>\nCompatible con la aplicaci\u00f3n Logi Options + en Windows y macOS 4Disponible en Windows y macOS en logi.com\/optionsplus<br \/>\nTipo de conexi\u00f3n: Tecnolog\u00eda Bluetooth de bajo consumo<br \/>\nCompatibilidad con tipo de conexi\u00f3n: Compatible con receptor USB Logi Bolt (no incluido)<br \/>\nRadio de acci\u00f3n inal\u00e1mbrico: 10 m 5El radio de acci\u00f3n inal\u00e1mbrico depende de las condiciones del entorno y de los dispositivos.<br \/>\nBater\u00eda: 2 x AAA (bater\u00edas alcalinas); bot\u00f3n de encendido\/apagado<br \/>\nDuraci\u00f3n de bater\u00edas: 36 meses (La duraci\u00f3n de las pilas\/bater\u00edas depende del uso y de los dispositivos)<br \/>\nConexi\u00f3n \/ Encendido: conmutador de encendido\/apagado<br \/>\nIndicador luminoso<br \/>\nLED de carga y 3 canales Bluetooth Easy-Switch<\/p>\n","protected":false},"excerpt":{"rendered":"<p>&#8211;<\/p>\n","protected":false},"featured_media":15879,"template":"","meta":[],"pwb-brand":[],"product_brand":[],"product_cat":[188],"product_tag":[],"class_list":{"0":"post-15682","1":"product","2":"type-product","3":"status-publish","4":"has-post-thumbnail","6":"product_cat-188","8":"first","9":"outofstock","10":"taxable","11":"shipping-taxable","12":"purchasable","13":"product-type-simple"},"brands":[],"_links":{"self":[{"href":"https:\/\/tmp.compunegocios.com.pe\/index.php\/wp-json\/wp\/v2\/product\/15682","targetHints":{"allow":["GET"]}}],"collection":[{"href":"https:\/\/tmp.compunegocios.com.pe\/index.php\/wp-json\/wp\/v2\/product"}],"about":[{"href":"https:\/\/tmp.compunegocios.com.pe\/index.php\/wp-json\/wp\/v2\/types\/product"}],"wp:featuredmedia":[{"embeddable":true,"href":"https:\/\/tmp.compunegocios.com.pe\/index.php\/wp-json\/wp\/v2\/media\/15879"}],"wp:attachment":[{"href":"https:\/\/tmp.compunegocios.com.pe\/index.php\/wp-json\/wp\/v2\/media?parent=15682"}],"wp:term":[{"taxonomy":"pwb-brand","embeddable":true,"href":"https:\/\/tmp.compunegocios.com.pe\/index.php\/wp-json\/wp\/v2\/pwb-brand?post=15682"},{"taxonomy":"product_brand","embeddable":true,"href":"https:\/\/tmp.compunegocios.com.pe\/index.php\/wp-json\/wp\/v2\/product_brand?post=15682"},{"taxonomy":"product_cat","embeddable":true,"href":"https:\/\/tmp.compunegocios.com.pe\/index.php\/wp-json\/wp\/v2\/product_cat?post=15682"},{"taxonomy":"product_tag","embeddable":true,"href":"https:\/\/tmp.compunegocios.com.pe\/index.php\/wp-json\/wp\/v2\/product_tag?post=15682"}],"curies":[{"name":"wp","href":"https:\/\/api.w.org\/{rel}","templated":true}]}}